{"id":5027,"date":"2025-12-12T11:23:13","date_gmt":"2025-12-12T11:23:13","guid":{"rendered":"http:\/\/neodal.local\/product\/isiwall-3d-clasificadora-automatizada-putwall-2\/"},"modified":"2025-12-12T11:23:13","modified_gmt":"2025-12-12T11:23:13","slug":"isiwall-3d-clasificadora-automatizada-putwall-2","status":"publish","type":"product","link":"https:\/\/neodal.multimarketing.dev\/ca\/producte\/isiwall-3d-clasificadora-automatizada-putwall-2\/","title":{"rendered":"ISIWALL 3D &#8211; CLASIFICADORA AUTOMATIZADA PUTWALL"},"content":{"rendered":"<h3><span>ISIWALL 3D &#8211; Clasificadora automatizada Putwall<\/span><\/h3>\n<p><span>\u00b7\u00a0Tama\u00f1o del equipo (LxAxA):\u00a0 6600x2800x2400 (mm)<\/span><\/p>\n<p><span>\u00b7\u00a0Tama\u00f1o del paquete\u00a0<\/span>\u00a0(LxAxA): 50-380&#215;50-300&#215;5-150 (mm)<\/p>\n<p>\u00b7\u00a0Peso m\u00e1ximo del producto:\u00a0\u22643 g-3 kg<\/p>\n<p>\u00b7 Eficiencia de selecci\u00f3n: Hasta 2500 piezas\/hora<\/p>\n<p>\u00b7 N\u00famero de ranuras: 100 piezas (personalizables)<\/p>\n<p>\u00b7 M\u00e9todo de suministro: Carga manual\/carga autom\u00e1tica<\/p>\n<p>\u00b7 Fuente de alimentaci\u00f3n: Voltaje: CA 380 V\/50 Hz<\/p>\n<p>\u00b7 Mesa de suministros: 900mm (personalizable)<\/p>\n<p>\u00b7 Tama\u00f1o del autom\u00f3vil con varilla de alambre (LxAxA): 2060x530x1900 (mm)<\/p><\/p>\n","protected":false},"excerpt":{"rendered":"<p>El clasificador automatizado Putwall es un dispositivo de clasificaci\u00f3n autom\u00e1tica de tres dimensiones para escenarios multicategor\u00eda y multi-flujo. Puede aumentar o disminuir el n\u00famero de rejillas y ajustar el tama\u00f1o de la rejilla seg\u00fan las necesidades del cliente, las caracter\u00edsticas del producto y el tama\u00f1o del sitio. Tiene las caracter\u00edsticas de alta eficiencia mec\u00e1nica, alta precisi\u00f3n de clasificaci\u00f3n, corto ciclo de retorno de la inversi\u00f3n y una mejor utilizaci\u00f3n del espacio.<\/p>\n","protected":false},"featured_media":5010,"comment_status":"open","ping_status":"closed","template":"","meta":{"_acf_changed":false,"content-type":""},"product_brand":[],"product_cat":[890],"product_tag":[],"class_list":{"0":"post-5027","1":"product","2":"type-product","3":"status-publish","4":"has-post-thumbnail","6":"product_cat-clasificacion-de-paqueteria","8":"first","9":"instock","10":"shipping-taxable","11":"product-type-simple"},"acf":[],"yoast_head":"<!-- This site is optimized with the Yoast SEO plugin v26.8 - https:\/\/yoast.com\/product\/yoast-seo-wordpress\/ -->\n<title>Clasificador Automatizado Putwall - ISIWALL 3D<\/title>\n<meta name=\"description\" content=\"Clasificadora automatizada Putwall ISIWALL 3D: acelera la preparaci\u00f3n de pedidos, mejora la precisi\u00f3n y optimiza la log\u00edstica con un sistema r\u00e1pido y flexible.\" \/>\n<meta name=\"robots\" content=\"index, follow, max-snippet:-1, max-image-preview:large, max-video-preview:-1\" \/>\n<link rel=\"canonical\" href=\"https:\/\/neodal.multimarketing.dev\/ca\/producte\/isiwall-3d-clasificadora-automatizada-putwall-2\/\" \/>\n<meta property=\"og:locale\" content=\"ca_ES\" \/>\n<meta property=\"og:type\" content=\"article\" \/>\n<meta property=\"og:title\" content=\"Clasificador Automatizado Putwall - ISIWALL 3D\" \/>\n<meta property=\"og:description\" content=\"Clasificadora automatizada Putwall ISIWALL 3D: acelera la preparaci\u00f3n de pedidos, mejora la precisi\u00f3n y optimiza la log\u00edstica con un sistema r\u00e1pido y flexible.\" \/>\n<meta property=\"og:url\" content=\"https:\/\/neodal.multimarketing.dev\/ca\/producte\/isiwall-3d-clasificadora-automatizada-putwall-2\/\" \/>\n<meta property=\"og:site_name\" content=\"neodal\" \/>\n<meta property=\"og:image\" content=\"https:\/\/neodal.multimarketing.dev\/wp-content\/uploads\/2025\/12\/2904-209-ISIWALL-3D-CLASIFICADORA-AUTOMATIZADA-PUTWALL.jpg\" \/>\n\t<meta property=\"og:image:width\" content=\"314\" \/>\n\t<meta property=\"og:image:height\" content=\"328\" \/>\n\t<meta property=\"og:image:type\" content=\"image\/jpeg\" \/>\n<meta name=\"twitter:card\" content=\"summary_large_image\" \/>\n<script type=\"application\/ld+json\" class=\"yoast-schema-graph\">{\"@context\":\"https:\/\/schema.org\",\"@graph\":[{\"@type\":\"WebPage\",\"@id\":\"https:\/\/neodal.multimarketing.dev\/ca\/producte\/isiwall-3d-clasificadora-automatizada-putwall-2\/\",\"url\":\"https:\/\/neodal.multimarketing.dev\/ca\/producte\/isiwall-3d-clasificadora-automatizada-putwall-2\/\",\"name\":\"Clasificador Automatizado Putwall - ISIWALL 3D\",\"isPartOf\":{\"@id\":\"https:\/\/neodal.multimarketing.dev\/ca\/#website\"},\"primaryImageOfPage\":{\"@id\":\"https:\/\/neodal.multimarketing.dev\/ca\/producte\/isiwall-3d-clasificadora-automatizada-putwall-2\/#primaryimage\"},\"image\":{\"@id\":\"https:\/\/neodal.multimarketing.dev\/ca\/producte\/isiwall-3d-clasificadora-automatizada-putwall-2\/#primaryimage\"},\"thumbnailUrl\":\"https:\/\/neodal.multimarketing.dev\/wp-content\/uploads\/2025\/12\/2904-209-ISIWALL-3D-CLASIFICADORA-AUTOMATIZADA-PUTWALL.jpg\",\"datePublished\":\"2025-12-12T11:23:13+00:00\",\"description\":\"Clasificadora automatizada Putwall ISIWALL 3D: acelera la preparaci\u00f3n de pedidos, mejora la precisi\u00f3n y optimiza la log\u00edstica con un sistema r\u00e1pido y flexible.\",\"breadcrumb\":{\"@id\":\"https:\/\/neodal.multimarketing.dev\/ca\/producte\/isiwall-3d-clasificadora-automatizada-putwall-2\/#breadcrumb\"},\"inLanguage\":\"ca\",\"potentialAction\":[{\"@type\":\"ReadAction\",\"target\":[\"https:\/\/neodal.multimarketing.dev\/ca\/producte\/isiwall-3d-clasificadora-automatizada-putwall-2\/\"]}]},{\"@type\":\"ImageObject\",\"inLanguage\":\"ca\",\"@id\":\"https:\/\/neodal.multimarketing.dev\/ca\/producte\/isiwall-3d-clasificadora-automatizada-putwall-2\/#primaryimage\",\"url\":\"https:\/\/neodal.multimarketing.dev\/wp-content\/uploads\/2025\/12\/2904-209-ISIWALL-3D-CLASIFICADORA-AUTOMATIZADA-PUTWALL.jpg\",\"contentUrl\":\"https:\/\/neodal.multimarketing.dev\/wp-content\/uploads\/2025\/12\/2904-209-ISIWALL-3D-CLASIFICADORA-AUTOMATIZADA-PUTWALL.jpg\",\"width\":314,\"height\":328,\"caption\":\"ISIWALL 3D - CLASIFICADORA AUTOMATIZADA PUTWALL\"},{\"@type\":\"BreadcrumbList\",\"@id\":\"https:\/\/neodal.multimarketing.dev\/ca\/producte\/isiwall-3d-clasificadora-automatizada-putwall-2\/#breadcrumb\",\"itemListElement\":[{\"@type\":\"ListItem\",\"position\":1,\"name\":\"Portada\",\"item\":\"https:\/\/neodal.multimarketing.dev\/ca\/\"},{\"@type\":\"ListItem\",\"position\":2,\"name\":\"Productos\",\"item\":\"https:\/\/neodal.multimarketing.dev\/productos\/\"},{\"@type\":\"ListItem\",\"position\":3,\"name\":\"ISIWALL 3D &#8211; CLASIFICADORA AUTOMATIZADA PUTWALL\"}]},{\"@type\":\"WebSite\",\"@id\":\"https:\/\/neodal.multimarketing.dev\/ca\/#website\",\"url\":\"https:\/\/neodal.multimarketing.dev\/ca\/\",\"name\":\"neodal\",\"description\":\"\",\"publisher\":{\"@id\":\"https:\/\/neodal.multimarketing.dev\/ca\/#organization\"},\"potentialAction\":[{\"@type\":\"SearchAction\",\"target\":{\"@type\":\"EntryPoint\",\"urlTemplate\":\"https:\/\/neodal.multimarketing.dev\/ca\/?s={search_term_string}\"},\"query-input\":{\"@type\":\"PropertyValueSpecification\",\"valueRequired\":true,\"valueName\":\"search_term_string\"}}],\"inLanguage\":\"ca\"},{\"@type\":\"Organization\",\"@id\":\"https:\/\/neodal.multimarketing.dev\/ca\/#organization\",\"name\":\"neodal\",\"url\":\"https:\/\/neodal.multimarketing.dev\/ca\/\",\"logo\":{\"@type\":\"ImageObject\",\"inLanguage\":\"ca\",\"@id\":\"https:\/\/neodal.multimarketing.dev\/ca\/#\/schema\/logo\/image\/\",\"url\":\"https:\/\/neodal.multimarketing.dev\/wp-content\/uploads\/2025\/12\/neodal-logo.jpeg\",\"contentUrl\":\"https:\/\/neodal.multimarketing.dev\/wp-content\/uploads\/2025\/12\/neodal-logo.jpeg\",\"width\":359,\"height\":87,\"caption\":\"neodal\"},\"image\":{\"@id\":\"https:\/\/neodal.multimarketing.dev\/ca\/#\/schema\/logo\/image\/\"}}]}<\/script>\n<!-- \/ Yoast SEO plugin. -->","yoast_head_json":{"title":"Clasificador Automatizado Putwall - ISIWALL 3D","description":"Clasificadora automatizada Putwall ISIWALL 3D: acelera la preparaci\u00f3n de pedidos, mejora la precisi\u00f3n y optimiza la log\u00edstica con un sistema r\u00e1pido y flexible.","robots":{"index":"index","follow":"follow","max-snippet":"max-snippet:-1","max-image-preview":"max-image-preview:large","max-video-preview":"max-video-preview:-1"},"canonical":"https:\/\/neodal.multimarketing.dev\/ca\/producte\/isiwall-3d-clasificadora-automatizada-putwall-2\/","og_locale":"ca_ES","og_type":"article","og_title":"Clasificador Automatizado Putwall - ISIWALL 3D","og_description":"Clasificadora automatizada Putwall ISIWALL 3D: acelera la preparaci\u00f3n de pedidos, mejora la precisi\u00f3n y optimiza la log\u00edstica con un sistema r\u00e1pido y flexible.","og_url":"https:\/\/neodal.multimarketing.dev\/ca\/producte\/isiwall-3d-clasificadora-automatizada-putwall-2\/","og_site_name":"neodal","og_image":[{"width":314,"height":328,"url":"https:\/\/neodal.multimarketing.dev\/wp-content\/uploads\/2025\/12\/2904-209-ISIWALL-3D-CLASIFICADORA-AUTOMATIZADA-PUTWALL.jpg","type":"image\/jpeg"}],"twitter_card":"summary_large_image","schema":{"@context":"https:\/\/schema.org","@graph":[{"@type":"WebPage","@id":"https:\/\/neodal.multimarketing.dev\/ca\/producte\/isiwall-3d-clasificadora-automatizada-putwall-2\/","url":"https:\/\/neodal.multimarketing.dev\/ca\/producte\/isiwall-3d-clasificadora-automatizada-putwall-2\/","name":"Clasificador Automatizado Putwall - ISIWALL 3D","isPartOf":{"@id":"https:\/\/neodal.multimarketing.dev\/ca\/#website"},"primaryImageOfPage":{"@id":"https:\/\/neodal.multimarketing.dev\/ca\/producte\/isiwall-3d-clasificadora-automatizada-putwall-2\/#primaryimage"},"image":{"@id":"https:\/\/neodal.multimarketing.dev\/ca\/producte\/isiwall-3d-clasificadora-automatizada-putwall-2\/#primaryimage"},"thumbnailUrl":"https:\/\/neodal.multimarketing.dev\/wp-content\/uploads\/2025\/12\/2904-209-ISIWALL-3D-CLASIFICADORA-AUTOMATIZADA-PUTWALL.jpg","datePublished":"2025-12-12T11:23:13+00:00","description":"Clasificadora automatizada Putwall ISIWALL 3D: acelera la preparaci\u00f3n de pedidos, mejora la precisi\u00f3n y optimiza la log\u00edstica con un sistema r\u00e1pido y flexible.","breadcrumb":{"@id":"https:\/\/neodal.multimarketing.dev\/ca\/producte\/isiwall-3d-clasificadora-automatizada-putwall-2\/#breadcrumb"},"inLanguage":"ca","potentialAction":[{"@type":"ReadAction","target":["https:\/\/neodal.multimarketing.dev\/ca\/producte\/isiwall-3d-clasificadora-automatizada-putwall-2\/"]}]},{"@type":"ImageObject","inLanguage":"ca","@id":"https:\/\/neodal.multimarketing.dev\/ca\/producte\/isiwall-3d-clasificadora-automatizada-putwall-2\/#primaryimage","url":"https:\/\/neodal.multimarketing.dev\/wp-content\/uploads\/2025\/12\/2904-209-ISIWALL-3D-CLASIFICADORA-AUTOMATIZADA-PUTWALL.jpg","contentUrl":"https:\/\/neodal.multimarketing.dev\/wp-content\/uploads\/2025\/12\/2904-209-ISIWALL-3D-CLASIFICADORA-AUTOMATIZADA-PUTWALL.jpg","width":314,"height":328,"caption":"ISIWALL 3D - CLASIFICADORA AUTOMATIZADA PUTWALL"},{"@type":"BreadcrumbList","@id":"https:\/\/neodal.multimarketing.dev\/ca\/producte\/isiwall-3d-clasificadora-automatizada-putwall-2\/#breadcrumb","itemListElement":[{"@type":"ListItem","position":1,"name":"Portada","item":"https:\/\/neodal.multimarketing.dev\/ca\/"},{"@type":"ListItem","position":2,"name":"Productos","item":"https:\/\/neodal.multimarketing.dev\/productos\/"},{"@type":"ListItem","position":3,"name":"ISIWALL 3D &#8211; CLASIFICADORA AUTOMATIZADA PUTWALL"}]},{"@type":"WebSite","@id":"https:\/\/neodal.multimarketing.dev\/ca\/#website","url":"https:\/\/neodal.multimarketing.dev\/ca\/","name":"neodal","description":"","publisher":{"@id":"https:\/\/neodal.multimarketing.dev\/ca\/#organization"},"potentialAction":[{"@type":"SearchAction","target":{"@type":"EntryPoint","urlTemplate":"https:\/\/neodal.multimarketing.dev\/ca\/?s={search_term_string}"},"query-input":{"@type":"PropertyValueSpecification","valueRequired":true,"valueName":"search_term_string"}}],"inLanguage":"ca"},{"@type":"Organization","@id":"https:\/\/neodal.multimarketing.dev\/ca\/#organization","name":"neodal","url":"https:\/\/neodal.multimarketing.dev\/ca\/","logo":{"@type":"ImageObject","inLanguage":"ca","@id":"https:\/\/neodal.multimarketing.dev\/ca\/#\/schema\/logo\/image\/","url":"https:\/\/neodal.multimarketing.dev\/wp-content\/uploads\/2025\/12\/neodal-logo.jpeg","contentUrl":"https:\/\/neodal.multimarketing.dev\/wp-content\/uploads\/2025\/12\/neodal-logo.jpeg","width":359,"height":87,"caption":"neodal"},"image":{"@id":"https:\/\/neodal.multimarketing.dev\/ca\/#\/schema\/logo\/image\/"}}]}},"_links":{"self":[{"href":"https:\/\/neodal.multimarketing.dev\/ca\/wp-json\/wp\/v2\/product\/5027","targetHints":{"allow":["GET"]}}],"collection":[{"href":"https:\/\/neodal.multimarketing.dev\/ca\/wp-json\/wp\/v2\/product"}],"about":[{"href":"https:\/\/neodal.multimarketing.dev\/ca\/wp-json\/wp\/v2\/types\/product"}],"replies":[{"embeddable":true,"href":"https:\/\/neodal.multimarketing.dev\/ca\/wp-json\/wp\/v2\/comments?post=5027"}],"wp:featuredmedia":[{"embeddable":true,"href":"https:\/\/neodal.multimarketing.dev\/ca\/wp-json\/wp\/v2\/media\/5010"}],"wp:attachment":[{"href":"https:\/\/neodal.multimarketing.dev\/ca\/wp-json\/wp\/v2\/media?parent=5027"}],"wp:term":[{"taxonomy":"product_brand","embeddable":true,"href":"https:\/\/neodal.multimarketing.dev\/ca\/wp-json\/wp\/v2\/product_brand?post=5027"},{"taxonomy":"product_cat","embeddable":true,"href":"https:\/\/neodal.multimarketing.dev\/ca\/wp-json\/wp\/v2\/product_cat?post=5027"},{"taxonomy":"product_tag","embeddable":true,"href":"https:\/\/neodal.multimarketing.dev\/ca\/wp-json\/wp\/v2\/product_tag?post=5027"}],"curies":[{"name":"wp","href":"https:\/\/api.w.org\/{rel}","templated":true}]}}