{"id":4991,"date":"2025-12-09T11:16:31","date_gmt":"2025-12-09T11:16:31","guid":{"rendered":"http:\/\/neodal.local\/product\/plastificadora-laminadora-matrix-mx-370mp-2\/"},"modified":"2025-12-09T11:16:31","modified_gmt":"2025-12-09T11:16:31","slug":"plastificadora-laminadora-matrix-mx-370mp-2","status":"publish","type":"product","link":"https:\/\/neodal.multimarketing.dev\/ca\/producte\/plastificadora-laminadora-matrix-mx-370mp-2\/","title":{"rendered":"PLASTIFICADORA LAMINADORA MATRIX MX-370MP"},"content":{"rendered":"<h3>LAMINADORA MATRIX MX-370MP<\/h3>\n<p>\u00b7 Velocidad Mec\u00e1nica m\u00e1xima: 10m<\/p>\n<p>\u00b7 Ancho m\u00e1ximo de la pel\u00edcula de laminaci\u00f3n: 340mm<\/p>\n<p>\u00b7 Grosor del papel:135gsm +<\/p>\n<p>Ancho m\u00e1ximo de la hoja: 420mm<\/p>\n<p>Tiempo de calentamiento: 10 mins<\/p>\n<p>Rango de temperatura: 0-140\u00b0C<\/p>\n<p>Fuente de alimentaci\u00f3n (V)<span style=\"white-space: pre;\"> <\/span>220\/240<\/p>\n<p>Fuente de alimentaci\u00f3n requerida (Amperes): 13<\/p>\n<p>Consumo de energ\u00eda (W): 2200<\/p>\n<p>Dimensiones totales: 800x1800x1400mm<\/p>\n<p>Peso bruto de la m\u00e1quina: 280 kg<\/p>\n<\/p>\n<address><\/address>\n","protected":false},"excerpt":{"rendered":"<h2>MATRIX MX-370 LAMINADORA\u00a0<\/h2>\n<p>La <strong>\u00a0<\/strong><b>MATRIX MX-370MP<\/b>\u00a0de Neodal ha sido dise\u00f1ada espec\u00edficamente para aplicar laminados digitales y efectos de tipo UV puntuales de forma f\u00e1cil y econ\u00f3mica a una amplia gama de tipos de papel estucados y no estucados.<\/p>\n","protected":false},"featured_media":4980,"comment_status":"open","ping_status":"closed","template":"","meta":{"_acf_changed":false,"content-type":""},"product_brand":[],"product_cat":[942,848],"product_tag":[1387,1393,1392,1119,1114,1121,1071],"class_list":{"0":"post-4991","1":"product","2":"type-product","3":"status-publish","4":"has-post-thumbnail","6":"product_cat-plastificadoras-y-laminadoras-de-bobinas","7":"product_cat-plastificadoras","8":"product_tag-alimentador-matrix-omni-flow-330","9":"product_tag-alimentador-matrix-omni-flow-380","10":"product_tag-matrix-mx-370","11":"product_tag-plastificadora-laminadora","12":"product_tag-plastificadora-laminadora-matrix","13":"product_tag-plastificadoras-matrix","14":"product_tag-plastificadoras-neodal","16":"first","17":"instock","18":"shipping-taxable","19":"product-type-simple"},"acf":[],"yoast_head":"<!-- This site is optimized with the Yoast SEO plugin v26.8 - https:\/\/yoast.com\/product\/yoast-seo-wordpress\/ -->\n<title>Laminadora Matrix MX-370MP | NEODAL laminadoras<\/title>\n<meta name=\"description\" content=\"La MATRIX MX-370MP de Neodal es perfecta para tarjetas de trabajo, men\u00fas, portadas de libros, folletos y brochures.\" \/>\n<meta name=\"robots\" content=\"index, follow, max-snippet:-1, max-image-preview:large, max-video-preview:-1\" \/>\n<link rel=\"canonical\" href=\"https:\/\/neodal.multimarketing.dev\/ca\/producte\/plastificadora-laminadora-matrix-mx-370mp-2\/\" \/>\n<meta property=\"og:locale\" content=\"ca_ES\" \/>\n<meta property=\"og:type\" content=\"article\" \/>\n<meta property=\"og:title\" content=\"Laminadora Matrix MX-370MP | NEODAL laminadoras\" \/>\n<meta property=\"og:description\" content=\"La MATRIX MX-370MP de Neodal es perfecta para tarjetas de trabajo, men\u00fas, portadas de libros, folletos y brochures.\" \/>\n<meta property=\"og:url\" content=\"https:\/\/neodal.multimarketing.dev\/ca\/producte\/plastificadora-laminadora-matrix-mx-370mp-2\/\" \/>\n<meta property=\"og:site_name\" content=\"neodal\" \/>\n<meta property=\"og:image\" content=\"https:\/\/neodal.multimarketing.dev\/wp-content\/uploads\/2025\/12\/2842-012-PLASTIFICADORA-LAMINADORA-MATRIX-MX-370MP.jpg\" \/>\n\t<meta property=\"og:image:width\" content=\"1512\" \/>\n\t<meta property=\"og:image:height\" content=\"1388\" \/>\n\t<meta property=\"og:image:type\" content=\"image\/jpeg\" \/>\n<meta name=\"twitter:card\" content=\"summary_large_image\" \/>\n<script type=\"application\/ld+json\" class=\"yoast-schema-graph\">{\"@context\":\"https:\/\/schema.org\",\"@graph\":[{\"@type\":\"WebPage\",\"@id\":\"https:\/\/neodal.multimarketing.dev\/ca\/producte\/plastificadora-laminadora-matrix-mx-370mp-2\/\",\"url\":\"https:\/\/neodal.multimarketing.dev\/ca\/producte\/plastificadora-laminadora-matrix-mx-370mp-2\/\",\"name\":\"Laminadora Matrix MX-370MP | NEODAL laminadoras\",\"isPartOf\":{\"@id\":\"https:\/\/neodal.multimarketing.dev\/ca\/#website\"},\"primaryImageOfPage\":{\"@id\":\"https:\/\/neodal.multimarketing.dev\/ca\/producte\/plastificadora-laminadora-matrix-mx-370mp-2\/#primaryimage\"},\"image\":{\"@id\":\"https:\/\/neodal.multimarketing.dev\/ca\/producte\/plastificadora-laminadora-matrix-mx-370mp-2\/#primaryimage\"},\"thumbnailUrl\":\"https:\/\/neodal.multimarketing.dev\/wp-content\/uploads\/2025\/12\/2842-012-PLASTIFICADORA-LAMINADORA-MATRIX-MX-370MP.jpg\",\"datePublished\":\"2025-12-09T11:16:31+00:00\",\"description\":\"La MATRIX MX-370MP de Neodal es perfecta para tarjetas de trabajo, men\u00fas, portadas de libros, folletos y brochures.\",\"breadcrumb\":{\"@id\":\"https:\/\/neodal.multimarketing.dev\/ca\/producte\/plastificadora-laminadora-matrix-mx-370mp-2\/#breadcrumb\"},\"inLanguage\":\"ca\",\"potentialAction\":[{\"@type\":\"ReadAction\",\"target\":[\"https:\/\/neodal.multimarketing.dev\/ca\/producte\/plastificadora-laminadora-matrix-mx-370mp-2\/\"]}]},{\"@type\":\"ImageObject\",\"inLanguage\":\"ca\",\"@id\":\"https:\/\/neodal.multimarketing.dev\/ca\/producte\/plastificadora-laminadora-matrix-mx-370mp-2\/#primaryimage\",\"url\":\"https:\/\/neodal.multimarketing.dev\/wp-content\/uploads\/2025\/12\/2842-012-PLASTIFICADORA-LAMINADORA-MATRIX-MX-370MP.jpg\",\"contentUrl\":\"https:\/\/neodal.multimarketing.dev\/wp-content\/uploads\/2025\/12\/2842-012-PLASTIFICADORA-LAMINADORA-MATRIX-MX-370MP.jpg\",\"width\":1512,\"height\":1388,\"caption\":\"PLASTIFICADORA LAMINADORA MATRIX MX-370MP\"},{\"@type\":\"BreadcrumbList\",\"@id\":\"https:\/\/neodal.multimarketing.dev\/ca\/producte\/plastificadora-laminadora-matrix-mx-370mp-2\/#breadcrumb\",\"itemListElement\":[{\"@type\":\"ListItem\",\"position\":1,\"name\":\"Portada\",\"item\":\"https:\/\/neodal.multimarketing.dev\/ca\/\"},{\"@type\":\"ListItem\",\"position\":2,\"name\":\"Productos\",\"item\":\"https:\/\/neodal.multimarketing.dev\/productos\/\"},{\"@type\":\"ListItem\",\"position\":3,\"name\":\"PLASTIFICADORA LAMINADORA MATRIX MX-370MP\"}]},{\"@type\":\"WebSite\",\"@id\":\"https:\/\/neodal.multimarketing.dev\/ca\/#website\",\"url\":\"https:\/\/neodal.multimarketing.dev\/ca\/\",\"name\":\"neodal\",\"description\":\"\",\"publisher\":{\"@id\":\"https:\/\/neodal.multimarketing.dev\/ca\/#organization\"},\"potentialAction\":[{\"@type\":\"SearchAction\",\"target\":{\"@type\":\"EntryPoint\",\"urlTemplate\":\"https:\/\/neodal.multimarketing.dev\/ca\/?s={search_term_string}\"},\"query-input\":{\"@type\":\"PropertyValueSpecification\",\"valueRequired\":true,\"valueName\":\"search_term_string\"}}],\"inLanguage\":\"ca\"},{\"@type\":\"Organization\",\"@id\":\"https:\/\/neodal.multimarketing.dev\/ca\/#organization\",\"name\":\"neodal\",\"url\":\"https:\/\/neodal.multimarketing.dev\/ca\/\",\"logo\":{\"@type\":\"ImageObject\",\"inLanguage\":\"ca\",\"@id\":\"https:\/\/neodal.multimarketing.dev\/ca\/#\/schema\/logo\/image\/\",\"url\":\"https:\/\/neodal.multimarketing.dev\/wp-content\/uploads\/2025\/12\/neodal-logo.jpeg\",\"contentUrl\":\"https:\/\/neodal.multimarketing.dev\/wp-content\/uploads\/2025\/12\/neodal-logo.jpeg\",\"width\":359,\"height\":87,\"caption\":\"neodal\"},\"image\":{\"@id\":\"https:\/\/neodal.multimarketing.dev\/ca\/#\/schema\/logo\/image\/\"}}]}<\/script>\n<!-- \/ Yoast SEO plugin. -->","yoast_head_json":{"title":"Laminadora Matrix MX-370MP | NEODAL laminadoras","description":"La MATRIX MX-370MP de Neodal es perfecta para tarjetas de trabajo, men\u00fas, portadas de libros, folletos y brochures.","robots":{"index":"index","follow":"follow","max-snippet":"max-snippet:-1","max-image-preview":"max-image-preview:large","max-video-preview":"max-video-preview:-1"},"canonical":"https:\/\/neodal.multimarketing.dev\/ca\/producte\/plastificadora-laminadora-matrix-mx-370mp-2\/","og_locale":"ca_ES","og_type":"article","og_title":"Laminadora Matrix MX-370MP | NEODAL laminadoras","og_description":"La MATRIX MX-370MP de Neodal es perfecta para tarjetas de trabajo, men\u00fas, portadas de libros, folletos y brochures.","og_url":"https:\/\/neodal.multimarketing.dev\/ca\/producte\/plastificadora-laminadora-matrix-mx-370mp-2\/","og_site_name":"neodal","og_image":[{"width":1512,"height":1388,"url":"https:\/\/neodal.multimarketing.dev\/wp-content\/uploads\/2025\/12\/2842-012-PLASTIFICADORA-LAMINADORA-MATRIX-MX-370MP.jpg","type":"image\/jpeg"}],"twitter_card":"summary_large_image","schema":{"@context":"https:\/\/schema.org","@graph":[{"@type":"WebPage","@id":"https:\/\/neodal.multimarketing.dev\/ca\/producte\/plastificadora-laminadora-matrix-mx-370mp-2\/","url":"https:\/\/neodal.multimarketing.dev\/ca\/producte\/plastificadora-laminadora-matrix-mx-370mp-2\/","name":"Laminadora Matrix MX-370MP | NEODAL laminadoras","isPartOf":{"@id":"https:\/\/neodal.multimarketing.dev\/ca\/#website"},"primaryImageOfPage":{"@id":"https:\/\/neodal.multimarketing.dev\/ca\/producte\/plastificadora-laminadora-matrix-mx-370mp-2\/#primaryimage"},"image":{"@id":"https:\/\/neodal.multimarketing.dev\/ca\/producte\/plastificadora-laminadora-matrix-mx-370mp-2\/#primaryimage"},"thumbnailUrl":"https:\/\/neodal.multimarketing.dev\/wp-content\/uploads\/2025\/12\/2842-012-PLASTIFICADORA-LAMINADORA-MATRIX-MX-370MP.jpg","datePublished":"2025-12-09T11:16:31+00:00","description":"La MATRIX MX-370MP de Neodal es perfecta para tarjetas de trabajo, men\u00fas, portadas de libros, folletos y brochures.","breadcrumb":{"@id":"https:\/\/neodal.multimarketing.dev\/ca\/producte\/plastificadora-laminadora-matrix-mx-370mp-2\/#breadcrumb"},"inLanguage":"ca","potentialAction":[{"@type":"ReadAction","target":["https:\/\/neodal.multimarketing.dev\/ca\/producte\/plastificadora-laminadora-matrix-mx-370mp-2\/"]}]},{"@type":"ImageObject","inLanguage":"ca","@id":"https:\/\/neodal.multimarketing.dev\/ca\/producte\/plastificadora-laminadora-matrix-mx-370mp-2\/#primaryimage","url":"https:\/\/neodal.multimarketing.dev\/wp-content\/uploads\/2025\/12\/2842-012-PLASTIFICADORA-LAMINADORA-MATRIX-MX-370MP.jpg","contentUrl":"https:\/\/neodal.multimarketing.dev\/wp-content\/uploads\/2025\/12\/2842-012-PLASTIFICADORA-LAMINADORA-MATRIX-MX-370MP.jpg","width":1512,"height":1388,"caption":"PLASTIFICADORA LAMINADORA MATRIX MX-370MP"},{"@type":"BreadcrumbList","@id":"https:\/\/neodal.multimarketing.dev\/ca\/producte\/plastificadora-laminadora-matrix-mx-370mp-2\/#breadcrumb","itemListElement":[{"@type":"ListItem","position":1,"name":"Portada","item":"https:\/\/neodal.multimarketing.dev\/ca\/"},{"@type":"ListItem","position":2,"name":"Productos","item":"https:\/\/neodal.multimarketing.dev\/productos\/"},{"@type":"ListItem","position":3,"name":"PLASTIFICADORA LAMINADORA MATRIX MX-370MP"}]},{"@type":"WebSite","@id":"https:\/\/neodal.multimarketing.dev\/ca\/#website","url":"https:\/\/neodal.multimarketing.dev\/ca\/","name":"neodal","description":"","publisher":{"@id":"https:\/\/neodal.multimarketing.dev\/ca\/#organization"},"potentialAction":[{"@type":"SearchAction","target":{"@type":"EntryPoint","urlTemplate":"https:\/\/neodal.multimarketing.dev\/ca\/?s={search_term_string}"},"query-input":{"@type":"PropertyValueSpecification","valueRequired":true,"valueName":"search_term_string"}}],"inLanguage":"ca"},{"@type":"Organization","@id":"https:\/\/neodal.multimarketing.dev\/ca\/#organization","name":"neodal","url":"https:\/\/neodal.multimarketing.dev\/ca\/","logo":{"@type":"ImageObject","inLanguage":"ca","@id":"https:\/\/neodal.multimarketing.dev\/ca\/#\/schema\/logo\/image\/","url":"https:\/\/neodal.multimarketing.dev\/wp-content\/uploads\/2025\/12\/neodal-logo.jpeg","contentUrl":"https:\/\/neodal.multimarketing.dev\/wp-content\/uploads\/2025\/12\/neodal-logo.jpeg","width":359,"height":87,"caption":"neodal"},"image":{"@id":"https:\/\/neodal.multimarketing.dev\/ca\/#\/schema\/logo\/image\/"}}]}},"_links":{"self":[{"href":"https:\/\/neodal.multimarketing.dev\/ca\/wp-json\/wp\/v2\/product\/4991","targetHints":{"allow":["GET"]}}],"collection":[{"href":"https:\/\/neodal.multimarketing.dev\/ca\/wp-json\/wp\/v2\/product"}],"about":[{"href":"https:\/\/neodal.multimarketing.dev\/ca\/wp-json\/wp\/v2\/types\/product"}],"replies":[{"embeddable":true,"href":"https:\/\/neodal.multimarketing.dev\/ca\/wp-json\/wp\/v2\/comments?post=4991"}],"wp:featuredmedia":[{"embeddable":true,"href":"https:\/\/neodal.multimarketing.dev\/ca\/wp-json\/wp\/v2\/media\/4980"}],"wp:attachment":[{"href":"https:\/\/neodal.multimarketing.dev\/ca\/wp-json\/wp\/v2\/media?parent=4991"}],"wp:term":[{"taxonomy":"product_brand","embeddable":true,"href":"https:\/\/neodal.multimarketing.dev\/ca\/wp-json\/wp\/v2\/product_brand?post=4991"},{"taxonomy":"product_cat","embeddable":true,"href":"https:\/\/neodal.multimarketing.dev\/ca\/wp-json\/wp\/v2\/product_cat?post=4991"},{"taxonomy":"product_tag","embeddable":true,"href":"https:\/\/neodal.multimarketing.dev\/ca\/wp-json\/wp\/v2\/product_tag?post=4991"}],"curies":[{"name":"wp","href":"https:\/\/api.w.org\/{rel}","templated":true}]}}