{"id":4964,"date":"2025-12-05T12:16:39","date_gmt":"2025-12-05T12:16:39","guid":{"rendered":"http:\/\/neodal.local\/product\/alimentador-matrix-omni-flow-330-sra3-2\/"},"modified":"2025-12-05T12:16:39","modified_gmt":"2025-12-05T12:16:39","slug":"alimentador-matrix-omni-flow-330-sra3-2","status":"publish","type":"product","link":"https:\/\/neodal.multimarketing.dev\/ca\/producte\/alimentador-matrix-omni-flow-330-sra3-2\/","title":{"rendered":"ALIMENTADOR MATRIX OMNI-FLOW 330 (SRA3)"},"content":{"rendered":"<h3>CARACTER\u00cdSTICAS\u00a0Matrix Omni-Flow 330 (SRA3)<\/h3>\n<p>\u00b7 Altura m\u00e1x. de la pila de papel : 100 mm<\/p>\n<p>\u00b7 Espesor del papel (gsm): 160-350<\/p>\n<p>\u00b7 Anchura m\u00e1xima de la hoja:\u00a0\u00a0330 mm<\/p>\n<p>\u00b7 Anchura m\u00ednima de la hoja: 140mm<\/p>\n<p>\u00b7 Longitud m\u00e1xima de la hoja: 650mm<\/p>\n<p>\u00b7 Compatibilidad MX-370P \/ MX-370DP \/ MX-530P \/ MX-530DP\/ MX-370MP **<\/p>\n<p>\u00b7 Dimensiones (AxAxP): 530 x 1000 x 1060 mm<\/p>\n<p>\u00b7 Peso 75 kg<\/p>\n<p>\u00b7\u00a0Potencia 165W: (220v 50\/60Hz)<\/p><\/p>\n","protected":false},"excerpt":{"rendered":"<h2>Matrix Omni-Flow 330 (SRA3)<\/h2>\n<p>El Matrix Omni-Flow es un alimentador de pila profunda modular dise\u00f1ado para ser f\u00e1cil de instalar, configurar y operar. Compatible con cualquier modelo Matrix Pneumatic o Matrix Duplex, permite cargar hasta 100 mm de material impreso a la vez, manteniendo el ritmo incluso a m\u00e1xima velocidad (hasta 10 m\/min).<\/p>\n<\/p>\n<p>Ideal tanto para mercados digitales como comerciales, el Omni-Flow es perfecto para la laminaci\u00f3n de tiradas cortas y medianas, as\u00ed como para el foliado de tarjetas de visita, men\u00fas, portadas de libros, tarjetas de felicitaci\u00f3n e impresiones a medida. Adem\u00e1s, es compatible con los modelos MX-370P, MX-370DP, MX-530P, MX-530DP, y tambi\u00e9n ofrecemos el Omni-Flow 380 (SRA3) para anchos de papel m\u00e1s amplios.<\/p>\n","protected":false},"featured_media":4945,"comment_status":"open","ping_status":"closed","template":"","meta":{"_acf_changed":false,"content-type":""},"product_brand":[],"product_cat":[942,848],"product_tag":[1391,1387,1134,1154,1390,1388,1389,1126],"class_list":{"0":"post-4964","1":"product","2":"type-product","3":"status-publish","4":"has-post-thumbnail","6":"product_cat-plastificadoras-y-laminadoras-de-bobinas","7":"product_cat-plastificadoras","8":"product_tag-alimentador","9":"product_tag-alimentador-matrix-omni-flow-330","10":"product_tag-laminadora","11":"product_tag-laminadoras-neodal","12":"product_tag-matrix","13":"product_tag-omni-flow","14":"product_tag-omni-flow-330-sra3","15":"product_tag-plastificadoras","17":"first","18":"instock","19":"shipping-taxable","20":"product-type-simple"},"acf":[],"yoast_head":"<!-- This site is optimized with the Yoast SEO plugin v26.8 - https:\/\/yoast.com\/product\/yoast-seo-wordpress\/ -->\n<title>Alimentador Matrix Omni-Flow Feeder 330 (SRA3)<\/title>\n<meta name=\"description\" content=\"Optimiza tu producci\u00f3n con Matrix Omni-Flow, alimentador de pila profunda. Compatible con Matrix Pneumatic y Duplex. Solicita cat\u00e1logo.\" \/>\n<meta name=\"robots\" content=\"index, follow, max-snippet:-1, max-image-preview:large, max-video-preview:-1\" \/>\n<link rel=\"canonical\" href=\"https:\/\/neodal.multimarketing.dev\/ca\/producte\/alimentador-matrix-omni-flow-330-sra3-2\/\" \/>\n<meta property=\"og:locale\" content=\"ca_ES\" \/>\n<meta property=\"og:type\" content=\"article\" \/>\n<meta property=\"og:title\" content=\"Alimentador Matrix Omni-Flow Feeder 330 (SRA3)\" \/>\n<meta property=\"og:description\" content=\"Optimiza tu producci\u00f3n con Matrix Omni-Flow, alimentador de pila profunda. Compatible con Matrix Pneumatic y Duplex. Solicita cat\u00e1logo.\" \/>\n<meta property=\"og:url\" content=\"https:\/\/neodal.multimarketing.dev\/ca\/producte\/alimentador-matrix-omni-flow-330-sra3-2\/\" \/>\n<meta property=\"og:site_name\" content=\"neodal\" \/>\n<meta property=\"og:image\" content=\"https:\/\/neodal.multimarketing.dev\/wp-content\/uploads\/2025\/12\/2829-b77-ALIMENTADOR-MATRIX-OMNI-FLOW-330-SRA3.jpg\" \/>\n\t<meta property=\"og:image:width\" content=\"1000\" \/>\n\t<meta property=\"og:image:height\" content=\"1185\" \/>\n\t<meta property=\"og:image:type\" content=\"image\/jpeg\" \/>\n<meta name=\"twitter:card\" content=\"summary_large_image\" \/>\n<script type=\"application\/ld+json\" class=\"yoast-schema-graph\">{\"@context\":\"https:\/\/schema.org\",\"@graph\":[{\"@type\":\"WebPage\",\"@id\":\"https:\/\/neodal.multimarketing.dev\/ca\/producte\/alimentador-matrix-omni-flow-330-sra3-2\/\",\"url\":\"https:\/\/neodal.multimarketing.dev\/ca\/producte\/alimentador-matrix-omni-flow-330-sra3-2\/\",\"name\":\"Alimentador Matrix Omni-Flow Feeder 330 (SRA3)\",\"isPartOf\":{\"@id\":\"https:\/\/neodal.multimarketing.dev\/ca\/#website\"},\"primaryImageOfPage\":{\"@id\":\"https:\/\/neodal.multimarketing.dev\/ca\/producte\/alimentador-matrix-omni-flow-330-sra3-2\/#primaryimage\"},\"image\":{\"@id\":\"https:\/\/neodal.multimarketing.dev\/ca\/producte\/alimentador-matrix-omni-flow-330-sra3-2\/#primaryimage\"},\"thumbnailUrl\":\"https:\/\/neodal.multimarketing.dev\/wp-content\/uploads\/2025\/12\/2829-b77-ALIMENTADOR-MATRIX-OMNI-FLOW-330-SRA3.jpg\",\"datePublished\":\"2025-12-05T12:16:39+00:00\",\"description\":\"Optimiza tu producci\u00f3n con Matrix Omni-Flow, alimentador de pila profunda. Compatible con Matrix Pneumatic y Duplex. Solicita cat\u00e1logo.\",\"breadcrumb\":{\"@id\":\"https:\/\/neodal.multimarketing.dev\/ca\/producte\/alimentador-matrix-omni-flow-330-sra3-2\/#breadcrumb\"},\"inLanguage\":\"ca\",\"potentialAction\":[{\"@type\":\"ReadAction\",\"target\":[\"https:\/\/neodal.multimarketing.dev\/ca\/producte\/alimentador-matrix-omni-flow-330-sra3-2\/\"]}]},{\"@type\":\"ImageObject\",\"inLanguage\":\"ca\",\"@id\":\"https:\/\/neodal.multimarketing.dev\/ca\/producte\/alimentador-matrix-omni-flow-330-sra3-2\/#primaryimage\",\"url\":\"https:\/\/neodal.multimarketing.dev\/wp-content\/uploads\/2025\/12\/2829-b77-ALIMENTADOR-MATRIX-OMNI-FLOW-330-SRA3.jpg\",\"contentUrl\":\"https:\/\/neodal.multimarketing.dev\/wp-content\/uploads\/2025\/12\/2829-b77-ALIMENTADOR-MATRIX-OMNI-FLOW-330-SRA3.jpg\",\"width\":1000,\"height\":1185,\"caption\":\"ALIMENTADOR MATRIX OMNI-FLOW 330 (SRA3)\"},{\"@type\":\"BreadcrumbList\",\"@id\":\"https:\/\/neodal.multimarketing.dev\/ca\/producte\/alimentador-matrix-omni-flow-330-sra3-2\/#breadcrumb\",\"itemListElement\":[{\"@type\":\"ListItem\",\"position\":1,\"name\":\"Portada\",\"item\":\"https:\/\/neodal.multimarketing.dev\/ca\/\"},{\"@type\":\"ListItem\",\"position\":2,\"name\":\"Productos\",\"item\":\"https:\/\/neodal.multimarketing.dev\/productos\/\"},{\"@type\":\"ListItem\",\"position\":3,\"name\":\"ALIMENTADOR MATRIX OMNI-FLOW 330 (SRA3)\"}]},{\"@type\":\"WebSite\",\"@id\":\"https:\/\/neodal.multimarketing.dev\/ca\/#website\",\"url\":\"https:\/\/neodal.multimarketing.dev\/ca\/\",\"name\":\"neodal\",\"description\":\"\",\"publisher\":{\"@id\":\"https:\/\/neodal.multimarketing.dev\/ca\/#organization\"},\"potentialAction\":[{\"@type\":\"SearchAction\",\"target\":{\"@type\":\"EntryPoint\",\"urlTemplate\":\"https:\/\/neodal.multimarketing.dev\/ca\/?s={search_term_string}\"},\"query-input\":{\"@type\":\"PropertyValueSpecification\",\"valueRequired\":true,\"valueName\":\"search_term_string\"}}],\"inLanguage\":\"ca\"},{\"@type\":\"Organization\",\"@id\":\"https:\/\/neodal.multimarketing.dev\/ca\/#organization\",\"name\":\"neodal\",\"url\":\"https:\/\/neodal.multimarketing.dev\/ca\/\",\"logo\":{\"@type\":\"ImageObject\",\"inLanguage\":\"ca\",\"@id\":\"https:\/\/neodal.multimarketing.dev\/ca\/#\/schema\/logo\/image\/\",\"url\":\"https:\/\/neodal.multimarketing.dev\/wp-content\/uploads\/2025\/12\/neodal-logo.jpeg\",\"contentUrl\":\"https:\/\/neodal.multimarketing.dev\/wp-content\/uploads\/2025\/12\/neodal-logo.jpeg\",\"width\":359,\"height\":87,\"caption\":\"neodal\"},\"image\":{\"@id\":\"https:\/\/neodal.multimarketing.dev\/ca\/#\/schema\/logo\/image\/\"}}]}<\/script>\n<!-- \/ Yoast SEO plugin. -->","yoast_head_json":{"title":"Alimentador Matrix Omni-Flow Feeder 330 (SRA3)","description":"Optimiza tu producci\u00f3n con Matrix Omni-Flow, alimentador de pila profunda. Compatible con Matrix Pneumatic y Duplex. Solicita cat\u00e1logo.","robots":{"index":"index","follow":"follow","max-snippet":"max-snippet:-1","max-image-preview":"max-image-preview:large","max-video-preview":"max-video-preview:-1"},"canonical":"https:\/\/neodal.multimarketing.dev\/ca\/producte\/alimentador-matrix-omni-flow-330-sra3-2\/","og_locale":"ca_ES","og_type":"article","og_title":"Alimentador Matrix Omni-Flow Feeder 330 (SRA3)","og_description":"Optimiza tu producci\u00f3n con Matrix Omni-Flow, alimentador de pila profunda. Compatible con Matrix Pneumatic y Duplex. Solicita cat\u00e1logo.","og_url":"https:\/\/neodal.multimarketing.dev\/ca\/producte\/alimentador-matrix-omni-flow-330-sra3-2\/","og_site_name":"neodal","og_image":[{"width":1000,"height":1185,"url":"https:\/\/neodal.multimarketing.dev\/wp-content\/uploads\/2025\/12\/2829-b77-ALIMENTADOR-MATRIX-OMNI-FLOW-330-SRA3.jpg","type":"image\/jpeg"}],"twitter_card":"summary_large_image","schema":{"@context":"https:\/\/schema.org","@graph":[{"@type":"WebPage","@id":"https:\/\/neodal.multimarketing.dev\/ca\/producte\/alimentador-matrix-omni-flow-330-sra3-2\/","url":"https:\/\/neodal.multimarketing.dev\/ca\/producte\/alimentador-matrix-omni-flow-330-sra3-2\/","name":"Alimentador Matrix Omni-Flow Feeder 330 (SRA3)","isPartOf":{"@id":"https:\/\/neodal.multimarketing.dev\/ca\/#website"},"primaryImageOfPage":{"@id":"https:\/\/neodal.multimarketing.dev\/ca\/producte\/alimentador-matrix-omni-flow-330-sra3-2\/#primaryimage"},"image":{"@id":"https:\/\/neodal.multimarketing.dev\/ca\/producte\/alimentador-matrix-omni-flow-330-sra3-2\/#primaryimage"},"thumbnailUrl":"https:\/\/neodal.multimarketing.dev\/wp-content\/uploads\/2025\/12\/2829-b77-ALIMENTADOR-MATRIX-OMNI-FLOW-330-SRA3.jpg","datePublished":"2025-12-05T12:16:39+00:00","description":"Optimiza tu producci\u00f3n con Matrix Omni-Flow, alimentador de pila profunda. Compatible con Matrix Pneumatic y Duplex. Solicita cat\u00e1logo.","breadcrumb":{"@id":"https:\/\/neodal.multimarketing.dev\/ca\/producte\/alimentador-matrix-omni-flow-330-sra3-2\/#breadcrumb"},"inLanguage":"ca","potentialAction":[{"@type":"ReadAction","target":["https:\/\/neodal.multimarketing.dev\/ca\/producte\/alimentador-matrix-omni-flow-330-sra3-2\/"]}]},{"@type":"ImageObject","inLanguage":"ca","@id":"https:\/\/neodal.multimarketing.dev\/ca\/producte\/alimentador-matrix-omni-flow-330-sra3-2\/#primaryimage","url":"https:\/\/neodal.multimarketing.dev\/wp-content\/uploads\/2025\/12\/2829-b77-ALIMENTADOR-MATRIX-OMNI-FLOW-330-SRA3.jpg","contentUrl":"https:\/\/neodal.multimarketing.dev\/wp-content\/uploads\/2025\/12\/2829-b77-ALIMENTADOR-MATRIX-OMNI-FLOW-330-SRA3.jpg","width":1000,"height":1185,"caption":"ALIMENTADOR MATRIX OMNI-FLOW 330 (SRA3)"},{"@type":"BreadcrumbList","@id":"https:\/\/neodal.multimarketing.dev\/ca\/producte\/alimentador-matrix-omni-flow-330-sra3-2\/#breadcrumb","itemListElement":[{"@type":"ListItem","position":1,"name":"Portada","item":"https:\/\/neodal.multimarketing.dev\/ca\/"},{"@type":"ListItem","position":2,"name":"Productos","item":"https:\/\/neodal.multimarketing.dev\/productos\/"},{"@type":"ListItem","position":3,"name":"ALIMENTADOR MATRIX OMNI-FLOW 330 (SRA3)"}]},{"@type":"WebSite","@id":"https:\/\/neodal.multimarketing.dev\/ca\/#website","url":"https:\/\/neodal.multimarketing.dev\/ca\/","name":"neodal","description":"","publisher":{"@id":"https:\/\/neodal.multimarketing.dev\/ca\/#organization"},"potentialAction":[{"@type":"SearchAction","target":{"@type":"EntryPoint","urlTemplate":"https:\/\/neodal.multimarketing.dev\/ca\/?s={search_term_string}"},"query-input":{"@type":"PropertyValueSpecification","valueRequired":true,"valueName":"search_term_string"}}],"inLanguage":"ca"},{"@type":"Organization","@id":"https:\/\/neodal.multimarketing.dev\/ca\/#organization","name":"neodal","url":"https:\/\/neodal.multimarketing.dev\/ca\/","logo":{"@type":"ImageObject","inLanguage":"ca","@id":"https:\/\/neodal.multimarketing.dev\/ca\/#\/schema\/logo\/image\/","url":"https:\/\/neodal.multimarketing.dev\/wp-content\/uploads\/2025\/12\/neodal-logo.jpeg","contentUrl":"https:\/\/neodal.multimarketing.dev\/wp-content\/uploads\/2025\/12\/neodal-logo.jpeg","width":359,"height":87,"caption":"neodal"},"image":{"@id":"https:\/\/neodal.multimarketing.dev\/ca\/#\/schema\/logo\/image\/"}}]}},"_links":{"self":[{"href":"https:\/\/neodal.multimarketing.dev\/ca\/wp-json\/wp\/v2\/product\/4964","targetHints":{"allow":["GET"]}}],"collection":[{"href":"https:\/\/neodal.multimarketing.dev\/ca\/wp-json\/wp\/v2\/product"}],"about":[{"href":"https:\/\/neodal.multimarketing.dev\/ca\/wp-json\/wp\/v2\/types\/product"}],"replies":[{"embeddable":true,"href":"https:\/\/neodal.multimarketing.dev\/ca\/wp-json\/wp\/v2\/comments?post=4964"}],"wp:featuredmedia":[{"embeddable":true,"href":"https:\/\/neodal.multimarketing.dev\/ca\/wp-json\/wp\/v2\/media\/4945"}],"wp:attachment":[{"href":"https:\/\/neodal.multimarketing.dev\/ca\/wp-json\/wp\/v2\/media?parent=4964"}],"wp:term":[{"taxonomy":"product_brand","embeddable":true,"href":"https:\/\/neodal.multimarketing.dev\/ca\/wp-json\/wp\/v2\/product_brand?post=4964"},{"taxonomy":"product_cat","embeddable":true,"href":"https:\/\/neodal.multimarketing.dev\/ca\/wp-json\/wp\/v2\/product_cat?post=4964"},{"taxonomy":"product_tag","embeddable":true,"href":"https:\/\/neodal.multimarketing.dev\/ca\/wp-json\/wp\/v2\/product_tag?post=4964"}],"curies":[{"name":"wp","href":"https:\/\/api.w.org\/{rel}","templated":true}]}}