{"id":4640,"date":"2023-10-08T09:40:16","date_gmt":"2023-10-08T09:40:16","guid":{"rendered":"http:\/\/neodal.local\/product\/grapadora-electrica-intimus-st1st2-2\/"},"modified":"2023-10-08T09:40:16","modified_gmt":"2023-10-08T09:40:16","slug":"grapadora-electrica-intimus-st1st2-2","status":"publish","type":"product","link":"https:\/\/neodal.multimarketing.dev\/ca\/producte\/grapadora-electrica-intimus-st1st2-2\/","title":{"rendered":"GRAPADORA ELECTRICA INTIMUS ST1\/ST2"},"content":{"rendered":"<h3>CARACTER\u00cdSTICAS INTIMUS ST1\/ST2<\/h3>\n<p>\u00b7 Distancia de los cabezales: Ajustable de 48 a 245 mm<\/p>\n<p>\u00b7 Tipos de grapas: Estandar y Omega (opcional)<\/p>\n<p>\u00b7 Capacidad de grapado: 55 hojas de 80gr. (opcional 100 hojas)<\/p>\n<p>\u00b7 Velocidad: 88 ciclos por minuto<\/p>\n<p>\u00b7 N\u00famero de cabezales: 1 o 2 cabezales (opcional hasta 4)<\/p>\n<p>\u00b7 Capacidad del cabezal: Hasta 300 grapas tipo 24 y 400 tipo 26<\/p>\n<p>\u00b7 Tama\u00f1o del material: Hasta A3 (abierto A2 + 10 mm.)<\/p>\n<p>\u00b7 Inicio del ciclo: Mediante pedal<\/p>\n<p>\u00b7 Dimensiones:540x545x930mm<\/p>\n<p>\u00b7 Peso: 33 Kg.<\/p>\n<p>\u00b7 Conexi\u00f3n: 230V\/50Hz<\/p>\n<p>\u00b7 Certificaci\u00f3n CE<\/p><\/p>\n","protected":false},"excerpt":{"rendered":"<h2>GRAPADORA ELECTRICA INTIMUS ST1 \/ ST2<\/h2>\n<p>La <strong>Grapadora Intimus ST1 y ST2<\/strong> con uno o dos cabezales de grapado, le permitir\u00e1 obtener el grapado de su documentaci\u00f3n o de\u00a0 sus revistas con un acabado profesional. Una grapadora el\u00e9ctrica profesional de construcci\u00f3n s\u00f3lida con grapado plano (est\u00e1ndar) u omega (opcional) de hasta 55 hojas de 80 Gs. (opcional 100 hojas).<\/p><\/p>\n","protected":false},"featured_media":4636,"comment_status":"open","ping_status":"closed","template":"","meta":{"_acf_changed":false,"content-type":""},"product_brand":[],"product_cat":[853],"product_tag":[1359,1358,1357,1361,1360],"class_list":{"0":"post-4640","1":"product","2":"type-product","3":"status-publish","4":"has-post-thumbnail","6":"product_cat-grapadores-electriques","7":"product_tag-electrica","8":"product_tag-grapadora","9":"product_tag-grapadora-electrica-intimus-st1","10":"product_tag-grapadora-electrica-neodal","11":"product_tag-intimus-st1-st2","13":"first","14":"instock","15":"shipping-taxable","16":"product-type-simple"},"acf":[],"yoast_head":"<!-- This site is optimized with the Yoast SEO plugin v26.8 - https:\/\/yoast.com\/product\/yoast-seo-wordpress\/ -->\n<title>GRAPADORA ELECTRICA INTIMUS ST1\/ST2 - neodal<\/title>\n<meta name=\"robots\" content=\"index, follow, max-snippet:-1, max-image-preview:large, max-video-preview:-1\" \/>\n<link rel=\"canonical\" href=\"https:\/\/neodal.multimarketing.dev\/ca\/producte\/grapadora-electrica-intimus-st1st2-2\/\" \/>\n<meta property=\"og:locale\" content=\"ca_ES\" \/>\n<meta property=\"og:type\" content=\"article\" \/>\n<meta property=\"og:title\" content=\"GRAPADORA ELECTRICA INTIMUS ST1\/ST2 - neodal\" \/>\n<meta property=\"og:description\" content=\"GRAPADORA ELECTRICA INTIMUS ST1 \/ ST2 La Grapadora Intimus ST1 y ST2 con uno o dos cabezales de grapado, le permitir\u00e1 obtener el grapado de su documentaci\u00f3n o de\u00a0 sus revistas con un acabado profesional. Una grapadora el\u00e9ctrica profesional de construcci\u00f3n s\u00f3lida con grapado plano (est\u00e1ndar) u omega (opcional) de hasta 55 hojas de 80 Gs. (opcional 100 hojas).\" \/>\n<meta property=\"og:url\" content=\"https:\/\/neodal.multimarketing.dev\/ca\/producte\/grapadora-electrica-intimus-st1st2-2\/\" \/>\n<meta property=\"og:site_name\" content=\"neodal\" \/>\n<meta property=\"og:image\" content=\"https:\/\/neodal.multimarketing.dev\/wp-content\/uploads\/2023\/10\/2536-42f-GRAPADORA-ELECTRICA-INTIMUS-ST1-ST2.jpg\" \/>\n\t<meta property=\"og:image:width\" content=\"500\" \/>\n\t<meta property=\"og:image:height\" content=\"500\" \/>\n\t<meta property=\"og:image:type\" content=\"image\/jpeg\" \/>\n<meta name=\"twitter:card\" content=\"summary_large_image\" \/>\n<script type=\"application\/ld+json\" class=\"yoast-schema-graph\">{\"@context\":\"https:\/\/schema.org\",\"@graph\":[{\"@type\":\"WebPage\",\"@id\":\"https:\/\/neodal.multimarketing.dev\/ca\/producte\/grapadora-electrica-intimus-st1st2-2\/\",\"url\":\"https:\/\/neodal.multimarketing.dev\/ca\/producte\/grapadora-electrica-intimus-st1st2-2\/\",\"name\":\"GRAPADORA ELECTRICA INTIMUS ST1\/ST2 - neodal\",\"isPartOf\":{\"@id\":\"https:\/\/neodal.multimarketing.dev\/ca\/#website\"},\"primaryImageOfPage\":{\"@id\":\"https:\/\/neodal.multimarketing.dev\/ca\/producte\/grapadora-electrica-intimus-st1st2-2\/#primaryimage\"},\"image\":{\"@id\":\"https:\/\/neodal.multimarketing.dev\/ca\/producte\/grapadora-electrica-intimus-st1st2-2\/#primaryimage\"},\"thumbnailUrl\":\"https:\/\/neodal.multimarketing.dev\/wp-content\/uploads\/2023\/10\/2536-42f-GRAPADORA-ELECTRICA-INTIMUS-ST1-ST2.jpg\",\"datePublished\":\"2023-10-08T09:40:16+00:00\",\"breadcrumb\":{\"@id\":\"https:\/\/neodal.multimarketing.dev\/ca\/producte\/grapadora-electrica-intimus-st1st2-2\/#breadcrumb\"},\"inLanguage\":\"ca\",\"potentialAction\":[{\"@type\":\"ReadAction\",\"target\":[\"https:\/\/neodal.multimarketing.dev\/ca\/producte\/grapadora-electrica-intimus-st1st2-2\/\"]}]},{\"@type\":\"ImageObject\",\"inLanguage\":\"ca\",\"@id\":\"https:\/\/neodal.multimarketing.dev\/ca\/producte\/grapadora-electrica-intimus-st1st2-2\/#primaryimage\",\"url\":\"https:\/\/neodal.multimarketing.dev\/wp-content\/uploads\/2023\/10\/2536-42f-GRAPADORA-ELECTRICA-INTIMUS-ST1-ST2.jpg\",\"contentUrl\":\"https:\/\/neodal.multimarketing.dev\/wp-content\/uploads\/2023\/10\/2536-42f-GRAPADORA-ELECTRICA-INTIMUS-ST1-ST2.jpg\",\"width\":500,\"height\":500,\"caption\":\"GRAPADORA ELECTRICA INTIMUS ST1 \/ ST2\"},{\"@type\":\"BreadcrumbList\",\"@id\":\"https:\/\/neodal.multimarketing.dev\/ca\/producte\/grapadora-electrica-intimus-st1st2-2\/#breadcrumb\",\"itemListElement\":[{\"@type\":\"ListItem\",\"position\":1,\"name\":\"Portada\",\"item\":\"https:\/\/neodal.multimarketing.dev\/ca\/\"},{\"@type\":\"ListItem\",\"position\":2,\"name\":\"Productos\",\"item\":\"https:\/\/neodal.multimarketing.dev\/productos\/\"},{\"@type\":\"ListItem\",\"position\":3,\"name\":\"GRAPADORA ELECTRICA INTIMUS ST1\/ST2\"}]},{\"@type\":\"WebSite\",\"@id\":\"https:\/\/neodal.multimarketing.dev\/ca\/#website\",\"url\":\"https:\/\/neodal.multimarketing.dev\/ca\/\",\"name\":\"neodal\",\"description\":\"\",\"publisher\":{\"@id\":\"https:\/\/neodal.multimarketing.dev\/ca\/#organization\"},\"potentialAction\":[{\"@type\":\"SearchAction\",\"target\":{\"@type\":\"EntryPoint\",\"urlTemplate\":\"https:\/\/neodal.multimarketing.dev\/ca\/?s={search_term_string}\"},\"query-input\":{\"@type\":\"PropertyValueSpecification\",\"valueRequired\":true,\"valueName\":\"search_term_string\"}}],\"inLanguage\":\"ca\"},{\"@type\":\"Organization\",\"@id\":\"https:\/\/neodal.multimarketing.dev\/ca\/#organization\",\"name\":\"neodal\",\"url\":\"https:\/\/neodal.multimarketing.dev\/ca\/\",\"logo\":{\"@type\":\"ImageObject\",\"inLanguage\":\"ca\",\"@id\":\"https:\/\/neodal.multimarketing.dev\/ca\/#\/schema\/logo\/image\/\",\"url\":\"https:\/\/neodal.multimarketing.dev\/wp-content\/uploads\/2025\/12\/neodal-logo.jpeg\",\"contentUrl\":\"https:\/\/neodal.multimarketing.dev\/wp-content\/uploads\/2025\/12\/neodal-logo.jpeg\",\"width\":359,\"height\":87,\"caption\":\"neodal\"},\"image\":{\"@id\":\"https:\/\/neodal.multimarketing.dev\/ca\/#\/schema\/logo\/image\/\"}}]}<\/script>\n<!-- \/ Yoast SEO plugin. -->","yoast_head_json":{"title":"GRAPADORA ELECTRICA INTIMUS ST1\/ST2 - neodal","robots":{"index":"index","follow":"follow","max-snippet":"max-snippet:-1","max-image-preview":"max-image-preview:large","max-video-preview":"max-video-preview:-1"},"canonical":"https:\/\/neodal.multimarketing.dev\/ca\/producte\/grapadora-electrica-intimus-st1st2-2\/","og_locale":"ca_ES","og_type":"article","og_title":"GRAPADORA ELECTRICA INTIMUS ST1\/ST2 - neodal","og_description":"GRAPADORA ELECTRICA INTIMUS ST1 \/ ST2 La Grapadora Intimus ST1 y ST2 con uno o dos cabezales de grapado, le permitir\u00e1 obtener el grapado de su documentaci\u00f3n o de\u00a0 sus revistas con un acabado profesional. Una grapadora el\u00e9ctrica profesional de construcci\u00f3n s\u00f3lida con grapado plano (est\u00e1ndar) u omega (opcional) de hasta 55 hojas de 80 Gs. (opcional 100 hojas).","og_url":"https:\/\/neodal.multimarketing.dev\/ca\/producte\/grapadora-electrica-intimus-st1st2-2\/","og_site_name":"neodal","og_image":[{"width":500,"height":500,"url":"https:\/\/neodal.multimarketing.dev\/wp-content\/uploads\/2023\/10\/2536-42f-GRAPADORA-ELECTRICA-INTIMUS-ST1-ST2.jpg","type":"image\/jpeg"}],"twitter_card":"summary_large_image","schema":{"@context":"https:\/\/schema.org","@graph":[{"@type":"WebPage","@id":"https:\/\/neodal.multimarketing.dev\/ca\/producte\/grapadora-electrica-intimus-st1st2-2\/","url":"https:\/\/neodal.multimarketing.dev\/ca\/producte\/grapadora-electrica-intimus-st1st2-2\/","name":"GRAPADORA ELECTRICA INTIMUS ST1\/ST2 - neodal","isPartOf":{"@id":"https:\/\/neodal.multimarketing.dev\/ca\/#website"},"primaryImageOfPage":{"@id":"https:\/\/neodal.multimarketing.dev\/ca\/producte\/grapadora-electrica-intimus-st1st2-2\/#primaryimage"},"image":{"@id":"https:\/\/neodal.multimarketing.dev\/ca\/producte\/grapadora-electrica-intimus-st1st2-2\/#primaryimage"},"thumbnailUrl":"https:\/\/neodal.multimarketing.dev\/wp-content\/uploads\/2023\/10\/2536-42f-GRAPADORA-ELECTRICA-INTIMUS-ST1-ST2.jpg","datePublished":"2023-10-08T09:40:16+00:00","breadcrumb":{"@id":"https:\/\/neodal.multimarketing.dev\/ca\/producte\/grapadora-electrica-intimus-st1st2-2\/#breadcrumb"},"inLanguage":"ca","potentialAction":[{"@type":"ReadAction","target":["https:\/\/neodal.multimarketing.dev\/ca\/producte\/grapadora-electrica-intimus-st1st2-2\/"]}]},{"@type":"ImageObject","inLanguage":"ca","@id":"https:\/\/neodal.multimarketing.dev\/ca\/producte\/grapadora-electrica-intimus-st1st2-2\/#primaryimage","url":"https:\/\/neodal.multimarketing.dev\/wp-content\/uploads\/2023\/10\/2536-42f-GRAPADORA-ELECTRICA-INTIMUS-ST1-ST2.jpg","contentUrl":"https:\/\/neodal.multimarketing.dev\/wp-content\/uploads\/2023\/10\/2536-42f-GRAPADORA-ELECTRICA-INTIMUS-ST1-ST2.jpg","width":500,"height":500,"caption":"GRAPADORA ELECTRICA INTIMUS ST1 \/ ST2"},{"@type":"BreadcrumbList","@id":"https:\/\/neodal.multimarketing.dev\/ca\/producte\/grapadora-electrica-intimus-st1st2-2\/#breadcrumb","itemListElement":[{"@type":"ListItem","position":1,"name":"Portada","item":"https:\/\/neodal.multimarketing.dev\/ca\/"},{"@type":"ListItem","position":2,"name":"Productos","item":"https:\/\/neodal.multimarketing.dev\/productos\/"},{"@type":"ListItem","position":3,"name":"GRAPADORA ELECTRICA INTIMUS ST1\/ST2"}]},{"@type":"WebSite","@id":"https:\/\/neodal.multimarketing.dev\/ca\/#website","url":"https:\/\/neodal.multimarketing.dev\/ca\/","name":"neodal","description":"","publisher":{"@id":"https:\/\/neodal.multimarketing.dev\/ca\/#organization"},"potentialAction":[{"@type":"SearchAction","target":{"@type":"EntryPoint","urlTemplate":"https:\/\/neodal.multimarketing.dev\/ca\/?s={search_term_string}"},"query-input":{"@type":"PropertyValueSpecification","valueRequired":true,"valueName":"search_term_string"}}],"inLanguage":"ca"},{"@type":"Organization","@id":"https:\/\/neodal.multimarketing.dev\/ca\/#organization","name":"neodal","url":"https:\/\/neodal.multimarketing.dev\/ca\/","logo":{"@type":"ImageObject","inLanguage":"ca","@id":"https:\/\/neodal.multimarketing.dev\/ca\/#\/schema\/logo\/image\/","url":"https:\/\/neodal.multimarketing.dev\/wp-content\/uploads\/2025\/12\/neodal-logo.jpeg","contentUrl":"https:\/\/neodal.multimarketing.dev\/wp-content\/uploads\/2025\/12\/neodal-logo.jpeg","width":359,"height":87,"caption":"neodal"},"image":{"@id":"https:\/\/neodal.multimarketing.dev\/ca\/#\/schema\/logo\/image\/"}}]}},"_links":{"self":[{"href":"https:\/\/neodal.multimarketing.dev\/ca\/wp-json\/wp\/v2\/product\/4640","targetHints":{"allow":["GET"]}}],"collection":[{"href":"https:\/\/neodal.multimarketing.dev\/ca\/wp-json\/wp\/v2\/product"}],"about":[{"href":"https:\/\/neodal.multimarketing.dev\/ca\/wp-json\/wp\/v2\/types\/product"}],"replies":[{"embeddable":true,"href":"https:\/\/neodal.multimarketing.dev\/ca\/wp-json\/wp\/v2\/comments?post=4640"}],"wp:featuredmedia":[{"embeddable":true,"href":"https:\/\/neodal.multimarketing.dev\/ca\/wp-json\/wp\/v2\/media\/4636"}],"wp:attachment":[{"href":"https:\/\/neodal.multimarketing.dev\/ca\/wp-json\/wp\/v2\/media?parent=4640"}],"wp:term":[{"taxonomy":"product_brand","embeddable":true,"href":"https:\/\/neodal.multimarketing.dev\/ca\/wp-json\/wp\/v2\/product_brand?post=4640"},{"taxonomy":"product_cat","embeddable":true,"href":"https:\/\/neodal.multimarketing.dev\/ca\/wp-json\/wp\/v2\/product_cat?post=4640"},{"taxonomy":"product_tag","embeddable":true,"href":"https:\/\/neodal.multimarketing.dev\/ca\/wp-json\/wp\/v2\/product_tag?post=4640"}],"curies":[{"name":"wp","href":"https:\/\/api.w.org\/{rel}","templated":true}]}}