{"id":4614,"date":"2023-01-16T10:25:44","date_gmt":"2023-01-16T10:25:44","guid":{"rendered":"http:\/\/neodal.local\/product\/plastificadora-automatica-revo-any-2\/"},"modified":"2023-01-16T10:25:44","modified_gmt":"2023-01-16T10:25:44","slug":"plastificadora-automatica-revo-any-2","status":"publish","type":"product","link":"https:\/\/neodal.multimarketing.dev\/ca\/producte\/plastificadora-automatica-revo-any-2\/","title":{"rendered":"PLASTIFICADORA AUTOM\u00c1TICA REVO ANY"},"content":{"rendered":"<h3>CARACTER\u00cdSTICAS PLASTIFICADORA AUTOMATICA REVO ANY<\/h3>\n<p>\u00b7 Plastificadora autom\u00e1tica de bobina<\/p>\n<p>\u00b7 Puede plastificar hasta 200 documentos por hora<\/p>\n<p>\u00b7 Adminte documentos entre 60 y 160 gr.<\/p>\n<p>\u00b7 Control de temperatura de 80 a 120\u00ba<\/p>\n<p>\u00b7 Tama\u00f1o del documento de 145mm a 320mm<\/p>\n<p>\u00b7 Capacidad del alimentador de documentos: 50 hojas<\/p>\n<p>\u00b7 Peso 25 Kg.<\/p><\/p>\n","protected":false},"excerpt":{"rendered":"<h2>PLASTIFICADORA AUTOM\u00c1TICA DE BOBINAS REVO ANY<\/h2>\n<p>Nuestra plastificadora autom\u00e1tica de bobinas Revo Any, es un equipo compacto, facil de usar y adaptado a los nuevas necesidades.<\/p>\n<p>Puede plastificar hasta 200 hojas por hora de forma totalmente autom\u00e1tica, admite documentos de entre 60 y 160 gramos. Es un equpo robusto, con un excelente dise\u00f1o y prestaciones. Para formatos hasta A3. Con un bot\u00f3n, puedes ahorrar horas de trabajo.<\/p><\/p>\n","protected":false},"featured_media":4608,"comment_status":"open","ping_status":"closed","template":"","meta":{"_acf_changed":false,"content-type":""},"product_brand":[],"product_cat":[969],"product_tag":[1087,1351,1111,1179,1348,1350,1349],"class_list":{"0":"post-4614","1":"product","2":"type-product","3":"status-publish","4":"has-post-thumbnail","6":"product_cat-plastificadoras-laminadoras-automaticas-ca","7":"product_tag-intimus","8":"product_tag-laminar","9":"product_tag-neodal","10":"product_tag-plastificadora","11":"product_tag-plastificadora-automatica-de-bob","12":"product_tag-plastificar","13":"product_tag-revo-any","15":"first","16":"instock","17":"shipping-taxable","18":"product-type-simple"},"acf":[],"yoast_head":"<!-- This site is optimized with the Yoast SEO plugin v26.8 - https:\/\/yoast.com\/product\/yoast-seo-wordpress\/ -->\n<title>PLASTIFICADORA AUTOM\u00c1TICA REVO ANY - neodal<\/title>\n<meta name=\"robots\" content=\"index, follow, max-snippet:-1, max-image-preview:large, max-video-preview:-1\" \/>\n<link rel=\"canonical\" href=\"https:\/\/neodal.multimarketing.dev\/ca\/producte\/plastificadora-automatica-revo-any-2\/\" \/>\n<meta property=\"og:locale\" content=\"ca_ES\" \/>\n<meta property=\"og:type\" content=\"article\" \/>\n<meta property=\"og:title\" content=\"PLASTIFICADORA AUTOM\u00c1TICA REVO ANY - neodal\" \/>\n<meta property=\"og:description\" content=\"PLASTIFICADORA AUTOM\u00c1TICA DE BOBINAS REVO ANY Nuestra plastificadora autom\u00e1tica de bobinas Revo Any, es un equipo compacto, facil de usar y adaptado a los nuevas necesidades. Puede plastificar hasta 200 hojas por hora de forma totalmente autom\u00e1tica, admite documentos de entre 60 y 160 gramos. Es un equpo robusto, con un excelente dise\u00f1o y prestaciones. Para formatos hasta A3. Con un bot\u00f3n, puedes ahorrar horas de trabajo.\" \/>\n<meta property=\"og:url\" content=\"https:\/\/neodal.multimarketing.dev\/ca\/producte\/plastificadora-automatica-revo-any-2\/\" \/>\n<meta property=\"og:site_name\" content=\"neodal\" \/>\n<meta property=\"og:image\" content=\"https:\/\/neodal.multimarketing.dev\/wp-content\/uploads\/2023\/01\/2506-b3f-PLASTIFICADORA-AUTOMATICA-REVO-ANY.jpg\" \/>\n\t<meta property=\"og:image:width\" content=\"500\" \/>\n\t<meta property=\"og:image:height\" content=\"500\" \/>\n\t<meta property=\"og:image:type\" content=\"image\/jpeg\" \/>\n<meta name=\"twitter:card\" content=\"summary_large_image\" \/>\n<script type=\"application\/ld+json\" class=\"yoast-schema-graph\">{\"@context\":\"https:\/\/schema.org\",\"@graph\":[{\"@type\":\"WebPage\",\"@id\":\"https:\/\/neodal.multimarketing.dev\/ca\/producte\/plastificadora-automatica-revo-any-2\/\",\"url\":\"https:\/\/neodal.multimarketing.dev\/ca\/producte\/plastificadora-automatica-revo-any-2\/\",\"name\":\"PLASTIFICADORA AUTOM\u00c1TICA REVO ANY - neodal\",\"isPartOf\":{\"@id\":\"https:\/\/neodal.multimarketing.dev\/ca\/#website\"},\"primaryImageOfPage\":{\"@id\":\"https:\/\/neodal.multimarketing.dev\/ca\/producte\/plastificadora-automatica-revo-any-2\/#primaryimage\"},\"image\":{\"@id\":\"https:\/\/neodal.multimarketing.dev\/ca\/producte\/plastificadora-automatica-revo-any-2\/#primaryimage\"},\"thumbnailUrl\":\"https:\/\/neodal.multimarketing.dev\/wp-content\/uploads\/2023\/01\/2506-b3f-PLASTIFICADORA-AUTOMATICA-REVO-ANY.jpg\",\"datePublished\":\"2023-01-16T10:25:44+00:00\",\"breadcrumb\":{\"@id\":\"https:\/\/neodal.multimarketing.dev\/ca\/producte\/plastificadora-automatica-revo-any-2\/#breadcrumb\"},\"inLanguage\":\"ca\",\"potentialAction\":[{\"@type\":\"ReadAction\",\"target\":[\"https:\/\/neodal.multimarketing.dev\/ca\/producte\/plastificadora-automatica-revo-any-2\/\"]}]},{\"@type\":\"ImageObject\",\"inLanguage\":\"ca\",\"@id\":\"https:\/\/neodal.multimarketing.dev\/ca\/producte\/plastificadora-automatica-revo-any-2\/#primaryimage\",\"url\":\"https:\/\/neodal.multimarketing.dev\/wp-content\/uploads\/2023\/01\/2506-b3f-PLASTIFICADORA-AUTOMATICA-REVO-ANY.jpg\",\"contentUrl\":\"https:\/\/neodal.multimarketing.dev\/wp-content\/uploads\/2023\/01\/2506-b3f-PLASTIFICADORA-AUTOMATICA-REVO-ANY.jpg\",\"width\":500,\"height\":500,\"caption\":\"PLASTIFICADORA AUTOMATICA REVO ANY\"},{\"@type\":\"BreadcrumbList\",\"@id\":\"https:\/\/neodal.multimarketing.dev\/ca\/producte\/plastificadora-automatica-revo-any-2\/#breadcrumb\",\"itemListElement\":[{\"@type\":\"ListItem\",\"position\":1,\"name\":\"Portada\",\"item\":\"https:\/\/neodal.multimarketing.dev\/ca\/\"},{\"@type\":\"ListItem\",\"position\":2,\"name\":\"Productos\",\"item\":\"https:\/\/neodal.multimarketing.dev\/productos\/\"},{\"@type\":\"ListItem\",\"position\":3,\"name\":\"PLASTIFICADORA AUTOM\u00c1TICA REVO ANY\"}]},{\"@type\":\"WebSite\",\"@id\":\"https:\/\/neodal.multimarketing.dev\/ca\/#website\",\"url\":\"https:\/\/neodal.multimarketing.dev\/ca\/\",\"name\":\"neodal\",\"description\":\"\",\"publisher\":{\"@id\":\"https:\/\/neodal.multimarketing.dev\/ca\/#organization\"},\"potentialAction\":[{\"@type\":\"SearchAction\",\"target\":{\"@type\":\"EntryPoint\",\"urlTemplate\":\"https:\/\/neodal.multimarketing.dev\/ca\/?s={search_term_string}\"},\"query-input\":{\"@type\":\"PropertyValueSpecification\",\"valueRequired\":true,\"valueName\":\"search_term_string\"}}],\"inLanguage\":\"ca\"},{\"@type\":\"Organization\",\"@id\":\"https:\/\/neodal.multimarketing.dev\/ca\/#organization\",\"name\":\"neodal\",\"url\":\"https:\/\/neodal.multimarketing.dev\/ca\/\",\"logo\":{\"@type\":\"ImageObject\",\"inLanguage\":\"ca\",\"@id\":\"https:\/\/neodal.multimarketing.dev\/ca\/#\/schema\/logo\/image\/\",\"url\":\"https:\/\/neodal.multimarketing.dev\/wp-content\/uploads\/2025\/12\/neodal-logo.jpeg\",\"contentUrl\":\"https:\/\/neodal.multimarketing.dev\/wp-content\/uploads\/2025\/12\/neodal-logo.jpeg\",\"width\":359,\"height\":87,\"caption\":\"neodal\"},\"image\":{\"@id\":\"https:\/\/neodal.multimarketing.dev\/ca\/#\/schema\/logo\/image\/\"}}]}<\/script>\n<!-- \/ Yoast SEO plugin. -->","yoast_head_json":{"title":"PLASTIFICADORA AUTOM\u00c1TICA REVO ANY - neodal","robots":{"index":"index","follow":"follow","max-snippet":"max-snippet:-1","max-image-preview":"max-image-preview:large","max-video-preview":"max-video-preview:-1"},"canonical":"https:\/\/neodal.multimarketing.dev\/ca\/producte\/plastificadora-automatica-revo-any-2\/","og_locale":"ca_ES","og_type":"article","og_title":"PLASTIFICADORA AUTOM\u00c1TICA REVO ANY - neodal","og_description":"PLASTIFICADORA AUTOM\u00c1TICA DE BOBINAS REVO ANY Nuestra plastificadora autom\u00e1tica de bobinas Revo Any, es un equipo compacto, facil de usar y adaptado a los nuevas necesidades. Puede plastificar hasta 200 hojas por hora de forma totalmente autom\u00e1tica, admite documentos de entre 60 y 160 gramos. Es un equpo robusto, con un excelente dise\u00f1o y prestaciones. Para formatos hasta A3. Con un bot\u00f3n, puedes ahorrar horas de trabajo.","og_url":"https:\/\/neodal.multimarketing.dev\/ca\/producte\/plastificadora-automatica-revo-any-2\/","og_site_name":"neodal","og_image":[{"width":500,"height":500,"url":"https:\/\/neodal.multimarketing.dev\/wp-content\/uploads\/2023\/01\/2506-b3f-PLASTIFICADORA-AUTOMATICA-REVO-ANY.jpg","type":"image\/jpeg"}],"twitter_card":"summary_large_image","schema":{"@context":"https:\/\/schema.org","@graph":[{"@type":"WebPage","@id":"https:\/\/neodal.multimarketing.dev\/ca\/producte\/plastificadora-automatica-revo-any-2\/","url":"https:\/\/neodal.multimarketing.dev\/ca\/producte\/plastificadora-automatica-revo-any-2\/","name":"PLASTIFICADORA AUTOM\u00c1TICA REVO ANY - neodal","isPartOf":{"@id":"https:\/\/neodal.multimarketing.dev\/ca\/#website"},"primaryImageOfPage":{"@id":"https:\/\/neodal.multimarketing.dev\/ca\/producte\/plastificadora-automatica-revo-any-2\/#primaryimage"},"image":{"@id":"https:\/\/neodal.multimarketing.dev\/ca\/producte\/plastificadora-automatica-revo-any-2\/#primaryimage"},"thumbnailUrl":"https:\/\/neodal.multimarketing.dev\/wp-content\/uploads\/2023\/01\/2506-b3f-PLASTIFICADORA-AUTOMATICA-REVO-ANY.jpg","datePublished":"2023-01-16T10:25:44+00:00","breadcrumb":{"@id":"https:\/\/neodal.multimarketing.dev\/ca\/producte\/plastificadora-automatica-revo-any-2\/#breadcrumb"},"inLanguage":"ca","potentialAction":[{"@type":"ReadAction","target":["https:\/\/neodal.multimarketing.dev\/ca\/producte\/plastificadora-automatica-revo-any-2\/"]}]},{"@type":"ImageObject","inLanguage":"ca","@id":"https:\/\/neodal.multimarketing.dev\/ca\/producte\/plastificadora-automatica-revo-any-2\/#primaryimage","url":"https:\/\/neodal.multimarketing.dev\/wp-content\/uploads\/2023\/01\/2506-b3f-PLASTIFICADORA-AUTOMATICA-REVO-ANY.jpg","contentUrl":"https:\/\/neodal.multimarketing.dev\/wp-content\/uploads\/2023\/01\/2506-b3f-PLASTIFICADORA-AUTOMATICA-REVO-ANY.jpg","width":500,"height":500,"caption":"PLASTIFICADORA AUTOMATICA REVO ANY"},{"@type":"BreadcrumbList","@id":"https:\/\/neodal.multimarketing.dev\/ca\/producte\/plastificadora-automatica-revo-any-2\/#breadcrumb","itemListElement":[{"@type":"ListItem","position":1,"name":"Portada","item":"https:\/\/neodal.multimarketing.dev\/ca\/"},{"@type":"ListItem","position":2,"name":"Productos","item":"https:\/\/neodal.multimarketing.dev\/productos\/"},{"@type":"ListItem","position":3,"name":"PLASTIFICADORA AUTOM\u00c1TICA REVO ANY"}]},{"@type":"WebSite","@id":"https:\/\/neodal.multimarketing.dev\/ca\/#website","url":"https:\/\/neodal.multimarketing.dev\/ca\/","name":"neodal","description":"","publisher":{"@id":"https:\/\/neodal.multimarketing.dev\/ca\/#organization"},"potentialAction":[{"@type":"SearchAction","target":{"@type":"EntryPoint","urlTemplate":"https:\/\/neodal.multimarketing.dev\/ca\/?s={search_term_string}"},"query-input":{"@type":"PropertyValueSpecification","valueRequired":true,"valueName":"search_term_string"}}],"inLanguage":"ca"},{"@type":"Organization","@id":"https:\/\/neodal.multimarketing.dev\/ca\/#organization","name":"neodal","url":"https:\/\/neodal.multimarketing.dev\/ca\/","logo":{"@type":"ImageObject","inLanguage":"ca","@id":"https:\/\/neodal.multimarketing.dev\/ca\/#\/schema\/logo\/image\/","url":"https:\/\/neodal.multimarketing.dev\/wp-content\/uploads\/2025\/12\/neodal-logo.jpeg","contentUrl":"https:\/\/neodal.multimarketing.dev\/wp-content\/uploads\/2025\/12\/neodal-logo.jpeg","width":359,"height":87,"caption":"neodal"},"image":{"@id":"https:\/\/neodal.multimarketing.dev\/ca\/#\/schema\/logo\/image\/"}}]}},"_links":{"self":[{"href":"https:\/\/neodal.multimarketing.dev\/ca\/wp-json\/wp\/v2\/product\/4614","targetHints":{"allow":["GET"]}}],"collection":[{"href":"https:\/\/neodal.multimarketing.dev\/ca\/wp-json\/wp\/v2\/product"}],"about":[{"href":"https:\/\/neodal.multimarketing.dev\/ca\/wp-json\/wp\/v2\/types\/product"}],"replies":[{"embeddable":true,"href":"https:\/\/neodal.multimarketing.dev\/ca\/wp-json\/wp\/v2\/comments?post=4614"}],"wp:featuredmedia":[{"embeddable":true,"href":"https:\/\/neodal.multimarketing.dev\/ca\/wp-json\/wp\/v2\/media\/4608"}],"wp:attachment":[{"href":"https:\/\/neodal.multimarketing.dev\/ca\/wp-json\/wp\/v2\/media?parent=4614"}],"wp:term":[{"taxonomy":"product_brand","embeddable":true,"href":"https:\/\/neodal.multimarketing.dev\/ca\/wp-json\/wp\/v2\/product_brand?post=4614"},{"taxonomy":"product_cat","embeddable":true,"href":"https:\/\/neodal.multimarketing.dev\/ca\/wp-json\/wp\/v2\/product_cat?post=4614"},{"taxonomy":"product_tag","embeddable":true,"href":"https:\/\/neodal.multimarketing.dev\/ca\/wp-json\/wp\/v2\/product_tag?post=4614"}],"curies":[{"name":"wp","href":"https:\/\/api.w.org\/{rel}","templated":true}]}}