{"id":4454,"date":"2022-06-17T11:11:00","date_gmt":"2022-06-17T11:11:00","guid":{"rendered":"http:\/\/neodal.local\/product\/encuadernadora-cola-caliente-perfect-binder-2\/"},"modified":"2022-06-17T11:11:00","modified_gmt":"2022-06-17T11:11:00","slug":"encuadernadora-cola-caliente-perfect-binder-2","status":"publish","type":"product","link":"https:\/\/neodal.multimarketing.dev\/ca\/producte\/encuadernadora-cola-caliente-perfect-binder-2\/","title":{"rendered":"ENCUADERNADORA COLA CALIENTE PERFECT BINDER"},"content":{"rendered":"<p>\u00b7 Velocidad variable seg\u00fan los requisitos del trabajo<br \/>\u00b7 Expulsi\u00f3n autom\u00e1tica de libros a una sofisticada unidad apiladora<br \/>\u00b7 Tanque separado para encolado de lomo y encolado lateral<br \/>\u00b7 Posicionamiento del libro ajustable desde la pantalla t\u00e1ctil (m\u00e1x. 10 mm)<br \/>\u00b7 El modo de liberaci\u00f3n del libro es ajustable a trav\u00e9s de la pantalla t\u00e1ctil<br \/>\u00b7 Unidad de fresado inclinable<br \/>\u00b7 Corte de cola ajustable desde la pantalla t\u00e1ctil<br \/>\u00b7 Alimentaci\u00f3n autom\u00e1tica de tapas con puntuaci\u00f3n en l\u00ednea<br \/>\u00b7 Profundidad de fresado ajustable mediante pantalla t\u00e1ctil (O &#8211; 3 mm) y muescas<br \/>\u00b7 Corredor integrado<br \/>\u00b7 Configuraci\u00f3n autom\u00e1tica seg\u00fan el grosor del bloque (pegado lateral y marcado)<br \/>\u00b7 Arranque autom\u00e1tico del carro<br \/>\u00b7 Extractor de polvo de papel Sensor de cubierta<br \/>\u00b7 Cuadratura del libro ajustable a trav\u00e9s de la pantalla t\u00e1ctil<\/p>\n","protected":false},"excerpt":{"rendered":"<p>\u00b7 Velocidad variable seg\u00fan los requisitos del trabajo\u00b7 Expulsi\u00f3n autom\u00e1tica de libros a una sofisticada unidad apiladora\u00b7 Tanque separado para encolado de lomo y encolado lateral\u00b7 Posicionamiento del libro ajustable desde la pantalla t\u00e1ctil (m\u00e1x. 10 mm)\u00b7 El modo de liberaci\u00f3n del libro es ajustable a trav\u00e9s de la pantalla t\u00e1ctil\u00b7 Unidad de fresado inclinable\u00b7 [&hellip;]<\/p>\n","protected":false},"featured_media":4451,"comment_status":"open","ping_status":"closed","template":"","meta":{"_acf_changed":false,"content-type":""},"product_brand":[],"product_cat":[847,973],"product_tag":[1324,1323,1325,1327,1111,1328,1326],"class_list":{"0":"post-4454","1":"product","2":"type-product","3":"status-publish","4":"has-post-thumbnail","6":"product_cat-enquadernadores","7":"product_cat-enquadernadores-de-cola-calenta","8":"product_tag-cola-caliente","9":"product_tag-encuadernadora","10":"product_tag-hot-mel","11":"product_tag-libros","12":"product_tag-neodal","13":"product_tag-revistas","14":"product_tag-rigo","16":"first","17":"instock","18":"shipping-taxable","19":"product-type-simple"},"acf":[],"yoast_head":"<!-- This site is optimized with the Yoast SEO plugin v26.8 - https:\/\/yoast.com\/product\/yoast-seo-wordpress\/ -->\n<title>Encuadernadora de Cola Caliente Perfect Binder 420 HM<\/title>\n<meta name=\"description\" content=\"Encuadernadora de cola caliente de altas prestaciones y con tanques separados para el encolado lateral y del lomo de libros, revistas y encuadernaciones en general\" \/>\n<meta name=\"robots\" content=\"index, follow, max-snippet:-1, max-image-preview:large, max-video-preview:-1\" \/>\n<link rel=\"canonical\" href=\"https:\/\/neodal.multimarketing.dev\/ca\/producte\/encuadernadora-cola-caliente-perfect-binder-2\/\" \/>\n<meta property=\"og:locale\" content=\"ca_ES\" \/>\n<meta property=\"og:type\" content=\"article\" \/>\n<meta property=\"og:title\" content=\"Encuadernadora de Cola Caliente Perfect Binder 420 HM\" \/>\n<meta property=\"og:description\" content=\"Encuadernadora de cola caliente de altas prestaciones y con tanques separados para el encolado lateral y del lomo de libros, revistas y encuadernaciones en general\" \/>\n<meta property=\"og:url\" content=\"https:\/\/neodal.multimarketing.dev\/ca\/producte\/encuadernadora-cola-caliente-perfect-binder-2\/\" \/>\n<meta property=\"og:site_name\" content=\"neodal\" \/>\n<meta property=\"og:image\" content=\"https:\/\/neodal.multimarketing.dev\/wp-content\/uploads\/2022\/06\/2260-a8a-ENCUADERNADORA-COLA-CALIENTE-PERFECT-BINDER.jpg\" \/>\n\t<meta property=\"og:image:width\" content=\"500\" \/>\n\t<meta property=\"og:image:height\" content=\"500\" \/>\n\t<meta property=\"og:image:type\" content=\"image\/jpeg\" \/>\n<meta name=\"twitter:card\" content=\"summary_large_image\" \/>\n<meta name=\"twitter:label1\" content=\"Temps estimat de lectura\" \/>\n\t<meta name=\"twitter:data1\" content=\"1 minut\" \/>\n<script type=\"application\/ld+json\" class=\"yoast-schema-graph\">{\"@context\":\"https:\/\/schema.org\",\"@graph\":[{\"@type\":\"WebPage\",\"@id\":\"https:\/\/neodal.multimarketing.dev\/ca\/producte\/encuadernadora-cola-caliente-perfect-binder-2\/\",\"url\":\"https:\/\/neodal.multimarketing.dev\/ca\/producte\/encuadernadora-cola-caliente-perfect-binder-2\/\",\"name\":\"Encuadernadora de Cola Caliente Perfect Binder 420 HM\",\"isPartOf\":{\"@id\":\"https:\/\/neodal.multimarketing.dev\/ca\/#website\"},\"primaryImageOfPage\":{\"@id\":\"https:\/\/neodal.multimarketing.dev\/ca\/producte\/encuadernadora-cola-caliente-perfect-binder-2\/#primaryimage\"},\"image\":{\"@id\":\"https:\/\/neodal.multimarketing.dev\/ca\/producte\/encuadernadora-cola-caliente-perfect-binder-2\/#primaryimage\"},\"thumbnailUrl\":\"https:\/\/neodal.multimarketing.dev\/wp-content\/uploads\/2022\/06\/2260-a8a-ENCUADERNADORA-COLA-CALIENTE-PERFECT-BINDER.jpg\",\"datePublished\":\"2022-06-17T11:11:00+00:00\",\"description\":\"Encuadernadora de cola caliente de altas prestaciones y con tanques separados para el encolado lateral y del lomo de libros, revistas y encuadernaciones en general\",\"breadcrumb\":{\"@id\":\"https:\/\/neodal.multimarketing.dev\/ca\/producte\/encuadernadora-cola-caliente-perfect-binder-2\/#breadcrumb\"},\"inLanguage\":\"ca\",\"potentialAction\":[{\"@type\":\"ReadAction\",\"target\":[\"https:\/\/neodal.multimarketing.dev\/ca\/producte\/encuadernadora-cola-caliente-perfect-binder-2\/\"]}]},{\"@type\":\"ImageObject\",\"inLanguage\":\"ca\",\"@id\":\"https:\/\/neodal.multimarketing.dev\/ca\/producte\/encuadernadora-cola-caliente-perfect-binder-2\/#primaryimage\",\"url\":\"https:\/\/neodal.multimarketing.dev\/wp-content\/uploads\/2022\/06\/2260-a8a-ENCUADERNADORA-COLA-CALIENTE-PERFECT-BINDER.jpg\",\"contentUrl\":\"https:\/\/neodal.multimarketing.dev\/wp-content\/uploads\/2022\/06\/2260-a8a-ENCUADERNADORA-COLA-CALIENTE-PERFECT-BINDER.jpg\",\"width\":500,\"height\":500,\"caption\":\"ENCUADERNADORA COLA CALIENTE PERFECT BINDER\"},{\"@type\":\"BreadcrumbList\",\"@id\":\"https:\/\/neodal.multimarketing.dev\/ca\/producte\/encuadernadora-cola-caliente-perfect-binder-2\/#breadcrumb\",\"itemListElement\":[{\"@type\":\"ListItem\",\"position\":1,\"name\":\"Portada\",\"item\":\"https:\/\/neodal.multimarketing.dev\/ca\/\"},{\"@type\":\"ListItem\",\"position\":2,\"name\":\"Productos\",\"item\":\"https:\/\/neodal.multimarketing.dev\/productos\/\"},{\"@type\":\"ListItem\",\"position\":3,\"name\":\"ENCUADERNADORA COLA CALIENTE PERFECT BINDER\"}]},{\"@type\":\"WebSite\",\"@id\":\"https:\/\/neodal.multimarketing.dev\/ca\/#website\",\"url\":\"https:\/\/neodal.multimarketing.dev\/ca\/\",\"name\":\"neodal\",\"description\":\"\",\"publisher\":{\"@id\":\"https:\/\/neodal.multimarketing.dev\/ca\/#organization\"},\"potentialAction\":[{\"@type\":\"SearchAction\",\"target\":{\"@type\":\"EntryPoint\",\"urlTemplate\":\"https:\/\/neodal.multimarketing.dev\/ca\/?s={search_term_string}\"},\"query-input\":{\"@type\":\"PropertyValueSpecification\",\"valueRequired\":true,\"valueName\":\"search_term_string\"}}],\"inLanguage\":\"ca\"},{\"@type\":\"Organization\",\"@id\":\"https:\/\/neodal.multimarketing.dev\/ca\/#organization\",\"name\":\"neodal\",\"url\":\"https:\/\/neodal.multimarketing.dev\/ca\/\",\"logo\":{\"@type\":\"ImageObject\",\"inLanguage\":\"ca\",\"@id\":\"https:\/\/neodal.multimarketing.dev\/ca\/#\/schema\/logo\/image\/\",\"url\":\"https:\/\/neodal.multimarketing.dev\/wp-content\/uploads\/2025\/12\/neodal-logo.jpeg\",\"contentUrl\":\"https:\/\/neodal.multimarketing.dev\/wp-content\/uploads\/2025\/12\/neodal-logo.jpeg\",\"width\":359,\"height\":87,\"caption\":\"neodal\"},\"image\":{\"@id\":\"https:\/\/neodal.multimarketing.dev\/ca\/#\/schema\/logo\/image\/\"}}]}<\/script>\n<!-- \/ Yoast SEO plugin. -->","yoast_head_json":{"title":"Encuadernadora de Cola Caliente Perfect Binder 420 HM","description":"Encuadernadora de cola caliente de altas prestaciones y con tanques separados para el encolado lateral y del lomo de libros, revistas y encuadernaciones en general","robots":{"index":"index","follow":"follow","max-snippet":"max-snippet:-1","max-image-preview":"max-image-preview:large","max-video-preview":"max-video-preview:-1"},"canonical":"https:\/\/neodal.multimarketing.dev\/ca\/producte\/encuadernadora-cola-caliente-perfect-binder-2\/","og_locale":"ca_ES","og_type":"article","og_title":"Encuadernadora de Cola Caliente Perfect Binder 420 HM","og_description":"Encuadernadora de cola caliente de altas prestaciones y con tanques separados para el encolado lateral y del lomo de libros, revistas y encuadernaciones en general","og_url":"https:\/\/neodal.multimarketing.dev\/ca\/producte\/encuadernadora-cola-caliente-perfect-binder-2\/","og_site_name":"neodal","og_image":[{"width":500,"height":500,"url":"https:\/\/neodal.multimarketing.dev\/wp-content\/uploads\/2022\/06\/2260-a8a-ENCUADERNADORA-COLA-CALIENTE-PERFECT-BINDER.jpg","type":"image\/jpeg"}],"twitter_card":"summary_large_image","twitter_misc":{"Temps estimat de lectura":"1 minut"},"schema":{"@context":"https:\/\/schema.org","@graph":[{"@type":"WebPage","@id":"https:\/\/neodal.multimarketing.dev\/ca\/producte\/encuadernadora-cola-caliente-perfect-binder-2\/","url":"https:\/\/neodal.multimarketing.dev\/ca\/producte\/encuadernadora-cola-caliente-perfect-binder-2\/","name":"Encuadernadora de Cola Caliente Perfect Binder 420 HM","isPartOf":{"@id":"https:\/\/neodal.multimarketing.dev\/ca\/#website"},"primaryImageOfPage":{"@id":"https:\/\/neodal.multimarketing.dev\/ca\/producte\/encuadernadora-cola-caliente-perfect-binder-2\/#primaryimage"},"image":{"@id":"https:\/\/neodal.multimarketing.dev\/ca\/producte\/encuadernadora-cola-caliente-perfect-binder-2\/#primaryimage"},"thumbnailUrl":"https:\/\/neodal.multimarketing.dev\/wp-content\/uploads\/2022\/06\/2260-a8a-ENCUADERNADORA-COLA-CALIENTE-PERFECT-BINDER.jpg","datePublished":"2022-06-17T11:11:00+00:00","description":"Encuadernadora de cola caliente de altas prestaciones y con tanques separados para el encolado lateral y del lomo de libros, revistas y encuadernaciones en general","breadcrumb":{"@id":"https:\/\/neodal.multimarketing.dev\/ca\/producte\/encuadernadora-cola-caliente-perfect-binder-2\/#breadcrumb"},"inLanguage":"ca","potentialAction":[{"@type":"ReadAction","target":["https:\/\/neodal.multimarketing.dev\/ca\/producte\/encuadernadora-cola-caliente-perfect-binder-2\/"]}]},{"@type":"ImageObject","inLanguage":"ca","@id":"https:\/\/neodal.multimarketing.dev\/ca\/producte\/encuadernadora-cola-caliente-perfect-binder-2\/#primaryimage","url":"https:\/\/neodal.multimarketing.dev\/wp-content\/uploads\/2022\/06\/2260-a8a-ENCUADERNADORA-COLA-CALIENTE-PERFECT-BINDER.jpg","contentUrl":"https:\/\/neodal.multimarketing.dev\/wp-content\/uploads\/2022\/06\/2260-a8a-ENCUADERNADORA-COLA-CALIENTE-PERFECT-BINDER.jpg","width":500,"height":500,"caption":"ENCUADERNADORA COLA CALIENTE PERFECT BINDER"},{"@type":"BreadcrumbList","@id":"https:\/\/neodal.multimarketing.dev\/ca\/producte\/encuadernadora-cola-caliente-perfect-binder-2\/#breadcrumb","itemListElement":[{"@type":"ListItem","position":1,"name":"Portada","item":"https:\/\/neodal.multimarketing.dev\/ca\/"},{"@type":"ListItem","position":2,"name":"Productos","item":"https:\/\/neodal.multimarketing.dev\/productos\/"},{"@type":"ListItem","position":3,"name":"ENCUADERNADORA COLA CALIENTE PERFECT BINDER"}]},{"@type":"WebSite","@id":"https:\/\/neodal.multimarketing.dev\/ca\/#website","url":"https:\/\/neodal.multimarketing.dev\/ca\/","name":"neodal","description":"","publisher":{"@id":"https:\/\/neodal.multimarketing.dev\/ca\/#organization"},"potentialAction":[{"@type":"SearchAction","target":{"@type":"EntryPoint","urlTemplate":"https:\/\/neodal.multimarketing.dev\/ca\/?s={search_term_string}"},"query-input":{"@type":"PropertyValueSpecification","valueRequired":true,"valueName":"search_term_string"}}],"inLanguage":"ca"},{"@type":"Organization","@id":"https:\/\/neodal.multimarketing.dev\/ca\/#organization","name":"neodal","url":"https:\/\/neodal.multimarketing.dev\/ca\/","logo":{"@type":"ImageObject","inLanguage":"ca","@id":"https:\/\/neodal.multimarketing.dev\/ca\/#\/schema\/logo\/image\/","url":"https:\/\/neodal.multimarketing.dev\/wp-content\/uploads\/2025\/12\/neodal-logo.jpeg","contentUrl":"https:\/\/neodal.multimarketing.dev\/wp-content\/uploads\/2025\/12\/neodal-logo.jpeg","width":359,"height":87,"caption":"neodal"},"image":{"@id":"https:\/\/neodal.multimarketing.dev\/ca\/#\/schema\/logo\/image\/"}}]}},"_links":{"self":[{"href":"https:\/\/neodal.multimarketing.dev\/ca\/wp-json\/wp\/v2\/product\/4454","targetHints":{"allow":["GET"]}}],"collection":[{"href":"https:\/\/neodal.multimarketing.dev\/ca\/wp-json\/wp\/v2\/product"}],"about":[{"href":"https:\/\/neodal.multimarketing.dev\/ca\/wp-json\/wp\/v2\/types\/product"}],"replies":[{"embeddable":true,"href":"https:\/\/neodal.multimarketing.dev\/ca\/wp-json\/wp\/v2\/comments?post=4454"}],"wp:featuredmedia":[{"embeddable":true,"href":"https:\/\/neodal.multimarketing.dev\/ca\/wp-json\/wp\/v2\/media\/4451"}],"wp:attachment":[{"href":"https:\/\/neodal.multimarketing.dev\/ca\/wp-json\/wp\/v2\/media?parent=4454"}],"wp:term":[{"taxonomy":"product_brand","embeddable":true,"href":"https:\/\/neodal.multimarketing.dev\/ca\/wp-json\/wp\/v2\/product_brand?post=4454"},{"taxonomy":"product_cat","embeddable":true,"href":"https:\/\/neodal.multimarketing.dev\/ca\/wp-json\/wp\/v2\/product_cat?post=4454"},{"taxonomy":"product_tag","embeddable":true,"href":"https:\/\/neodal.multimarketing.dev\/ca\/wp-json\/wp\/v2\/product_tag?post=4454"}],"curies":[{"name":"wp","href":"https:\/\/api.w.org\/{rel}","templated":true}]}}