{"id":3872,"date":"2020-09-01T12:22:07","date_gmt":"2020-09-01T12:22:07","guid":{"rendered":"http:\/\/neodal.local\/product\/quadient-mach-6-2\/"},"modified":"2020-09-01T12:22:07","modified_gmt":"2020-09-01T12:22:07","slug":"quadient-mach-6-2","status":"publish","type":"product","link":"https:\/\/neodal.multimarketing.dev\/ca\/producte\/quadient-mach-6-2\/","title":{"rendered":"DIRECCIONADORA QUADIENT NEOPOST MACH 6"},"content":{"rendered":"<ul>\n<li>\n<h3>DIRECCIONADORA QUADIENT NEOPOST MATCH 6<\/h3>\n<p>\u00b7 Calidad de Impresi\u00f3n Hasta 1600 x 1600 dpi<\/p>\n<p>\u00b7 Velocidad Hasta 3,600 p\u00e1ginas\/hr. hasta 8,000 sobres\/hr.<\/p>\n<p>\u00b7 \u00c1rea de impresi\u00f3n Hasta 22,27 x 101,6 con capacidad de sangrado total por debajo de 21,84 cm<\/p>\n<p>\u00b7 Material min (L x W) 10,16 x 7,62 cm<\/p>\n<p>\u00b7 Material max (L x W) 43,18 x 26,67 cm<\/p>\n<p>\u00b7 Espesor del Material Hasta 3\/8&#8243; \/ 9.5 mm<\/p>\n<p>\u00b7 Capacidad de tinta 250 ml \u2013 cyan, yellow, magenta 500 ml \u2013 black<\/p>\n<p>\u00b7 Display 7&#8243; color touch screen<\/p>\n<p>\u00b7 Memjet\u00ae technology Qu\u00edmica de la tinta a base de colorantes<\/p>\n<p>\u00b7 Actualizaciones a trav\u00e9s de PC USB 2.0 or Ethernet<\/p>\n<p>\u00b7 Control electr\u00f3nico de espesor mediante pantalla t\u00e1ctil<\/p>\n<p>\u00b7 Cabezal fijo con dise\u00f1o de impresi\u00f3n con sangrado de p\u00e1gina completa<\/p>\n<p>\u00b7 Estaci\u00f3n autom\u00e1tica de limpieza y tapado del cabezal de impresi\u00f3n<\/p>\n<p>\u00b7 Alimentador de fricci\u00f3n de carga superior totalmente autom\u00e1tico integrado<\/p>\n<p>\u00b7 Sistema de transporte de rodillos de presi\u00f3n con rodillos de estrella<\/p>\n<p>\u00b7 Fuentes del sistema TrueType\u00ae o PostScript\u00ae<\/p>\n<p>\u00b7 UL listado y declarado CE<\/p>\n<p>\u00b7 Accesorios Conveyor stackers Secadores infrarrojos<\/p>\n<p>\u00b7 Peque\u00f1o kit de medios Mesa de consola \/ armario<\/p>\n<p>\u00b7 Env\u00edos a granel Quadient\u00ae mColor Harlequin RIP<\/p>\n<p>\u00b7 Dimensiones Largo x Profundo x Alto MACH 6 solo impresora 83,82 x 55,88 x 55,88 cm<\/p>\n<p>\u00b7 Peso 54,5 kg.<\/p>\n<\/p>\n<\/li>\n<\/ul>\n","protected":false},"excerpt":{"rendered":"<h2>DIRECCIONADORA COLOR QUADIENT NEOPOST MACH 6\u00a0<\/h2>\n<p>La Direccionadora Quadient Neopost\u00a0MACH 6 de Neodal le ayudar\u00e1 a llevar a cabo el direccionado y env\u00edo campa\u00f1as de Marketing Directo causando una excelente impresi\u00f3n. Una r\u00e1pida y robusta Direccionadora a color con barra de impresi\u00f3n para oficinas, centros de manipulado, Marketing Directo, Artes Gr\u00e1ficas<\/p>\n","protected":false},"featured_media":3866,"comment_status":"open","ping_status":"closed","template":"","meta":{"_acf_changed":false,"content-type":""},"product_brand":[],"product_cat":[941,865],"product_tag":[],"class_list":{"0":"post-3872","1":"product","2":"type-product","3":"status-publish","4":"has-post-thumbnail","6":"product_cat-direccionadoras-neopost-color","7":"product_cat-direccionadoras-quadient-neopost-ca","9":"first","10":"instock","11":"shipping-taxable","12":"product-type-simple"},"acf":[],"yoast_head":"<!-- This site is optimized with the Yoast SEO plugin v26.8 - https:\/\/yoast.com\/product\/yoast-seo-wordpress\/ -->\n<title>DIRECCIONADORA QUADIENT NEOPOST MACH 6 - NEODAL IMPORT<\/title>\n<meta name=\"description\" content=\"Direccionadora Quadient Neopost AS-450 Color. F\u00e1cil y r\u00e1pida impresi\u00f3n de direcciones, logos, codigos de barras... en sobres\u2026 \u00a1Consulte precio!\" \/>\n<meta name=\"robots\" content=\"index, follow, max-snippet:-1, max-image-preview:large, max-video-preview:-1\" \/>\n<link rel=\"canonical\" href=\"https:\/\/neodal.multimarketing.dev\/ca\/producte\/quadient-mach-6-2\/\" \/>\n<meta property=\"og:locale\" content=\"ca_ES\" \/>\n<meta property=\"og:type\" content=\"article\" \/>\n<meta property=\"og:title\" content=\"DIRECCIONADORA QUADIENT NEOPOST MACH 6 - NEODAL IMPORT\" \/>\n<meta property=\"og:description\" content=\"Direccionadora Quadient Neopost AS-450 Color. F\u00e1cil y r\u00e1pida impresi\u00f3n de direcciones, logos, codigos de barras... en sobres\u2026 \u00a1Consulte precio!\" \/>\n<meta property=\"og:url\" content=\"https:\/\/neodal.multimarketing.dev\/ca\/producte\/quadient-mach-6-2\/\" \/>\n<meta property=\"og:site_name\" content=\"neodal\" \/>\n<meta property=\"og:image\" content=\"https:\/\/neodal.multimarketing.dev\/wp-content\/uploads\/2020\/09\/2500-31a-DIRECCIONADORA-QUADIENT-NEOPOST-MACH-6.jpg\" \/>\n\t<meta property=\"og:image:width\" content=\"500\" \/>\n\t<meta property=\"og:image:height\" content=\"500\" \/>\n\t<meta property=\"og:image:type\" content=\"image\/jpeg\" \/>\n<meta name=\"twitter:card\" content=\"summary_large_image\" \/>\n<meta name=\"twitter:label1\" content=\"Temps estimat de lectura\" \/>\n\t<meta name=\"twitter:data1\" content=\"1 minut\" \/>\n<script type=\"application\/ld+json\" class=\"yoast-schema-graph\">{\"@context\":\"https:\/\/schema.org\",\"@graph\":[{\"@type\":\"WebPage\",\"@id\":\"https:\/\/neodal.multimarketing.dev\/ca\/producte\/quadient-mach-6-2\/\",\"url\":\"https:\/\/neodal.multimarketing.dev\/ca\/producte\/quadient-mach-6-2\/\",\"name\":\"DIRECCIONADORA QUADIENT NEOPOST MACH 6 - NEODAL IMPORT\",\"isPartOf\":{\"@id\":\"https:\/\/neodal.multimarketing.dev\/ca\/#website\"},\"primaryImageOfPage\":{\"@id\":\"https:\/\/neodal.multimarketing.dev\/ca\/producte\/quadient-mach-6-2\/#primaryimage\"},\"image\":{\"@id\":\"https:\/\/neodal.multimarketing.dev\/ca\/producte\/quadient-mach-6-2\/#primaryimage\"},\"thumbnailUrl\":\"https:\/\/neodal.multimarketing.dev\/wp-content\/uploads\/2020\/09\/2500-31a-DIRECCIONADORA-QUADIENT-NEOPOST-MACH-6.jpg\",\"datePublished\":\"2020-09-01T12:22:07+00:00\",\"description\":\"Direccionadora Quadient Neopost AS-450 Color. F\u00e1cil y r\u00e1pida impresi\u00f3n de direcciones, logos, codigos de barras... en sobres\u2026 \u00a1Consulte precio!\",\"breadcrumb\":{\"@id\":\"https:\/\/neodal.multimarketing.dev\/ca\/producte\/quadient-mach-6-2\/#breadcrumb\"},\"inLanguage\":\"ca\",\"potentialAction\":[{\"@type\":\"ReadAction\",\"target\":[\"https:\/\/neodal.multimarketing.dev\/ca\/producte\/quadient-mach-6-2\/\"]}]},{\"@type\":\"ImageObject\",\"inLanguage\":\"ca\",\"@id\":\"https:\/\/neodal.multimarketing.dev\/ca\/producte\/quadient-mach-6-2\/#primaryimage\",\"url\":\"https:\/\/neodal.multimarketing.dev\/wp-content\/uploads\/2020\/09\/2500-31a-DIRECCIONADORA-QUADIENT-NEOPOST-MACH-6.jpg\",\"contentUrl\":\"https:\/\/neodal.multimarketing.dev\/wp-content\/uploads\/2020\/09\/2500-31a-DIRECCIONADORA-QUADIENT-NEOPOST-MACH-6.jpg\",\"width\":500,\"height\":500,\"caption\":\"DIRECCIONADORA QUADIENT NEOPOST MACH 6\"},{\"@type\":\"BreadcrumbList\",\"@id\":\"https:\/\/neodal.multimarketing.dev\/ca\/producte\/quadient-mach-6-2\/#breadcrumb\",\"itemListElement\":[{\"@type\":\"ListItem\",\"position\":1,\"name\":\"Portada\",\"item\":\"https:\/\/neodal.multimarketing.dev\/ca\/\"},{\"@type\":\"ListItem\",\"position\":2,\"name\":\"Productos\",\"item\":\"https:\/\/neodal.multimarketing.dev\/productos\/\"},{\"@type\":\"ListItem\",\"position\":3,\"name\":\"DIRECCIONADORA QUADIENT NEOPOST MACH 6\"}]},{\"@type\":\"WebSite\",\"@id\":\"https:\/\/neodal.multimarketing.dev\/ca\/#website\",\"url\":\"https:\/\/neodal.multimarketing.dev\/ca\/\",\"name\":\"neodal\",\"description\":\"\",\"publisher\":{\"@id\":\"https:\/\/neodal.multimarketing.dev\/ca\/#organization\"},\"potentialAction\":[{\"@type\":\"SearchAction\",\"target\":{\"@type\":\"EntryPoint\",\"urlTemplate\":\"https:\/\/neodal.multimarketing.dev\/ca\/?s={search_term_string}\"},\"query-input\":{\"@type\":\"PropertyValueSpecification\",\"valueRequired\":true,\"valueName\":\"search_term_string\"}}],\"inLanguage\":\"ca\"},{\"@type\":\"Organization\",\"@id\":\"https:\/\/neodal.multimarketing.dev\/ca\/#organization\",\"name\":\"neodal\",\"url\":\"https:\/\/neodal.multimarketing.dev\/ca\/\",\"logo\":{\"@type\":\"ImageObject\",\"inLanguage\":\"ca\",\"@id\":\"https:\/\/neodal.multimarketing.dev\/ca\/#\/schema\/logo\/image\/\",\"url\":\"https:\/\/neodal.multimarketing.dev\/wp-content\/uploads\/2025\/12\/neodal-logo.jpeg\",\"contentUrl\":\"https:\/\/neodal.multimarketing.dev\/wp-content\/uploads\/2025\/12\/neodal-logo.jpeg\",\"width\":359,\"height\":87,\"caption\":\"neodal\"},\"image\":{\"@id\":\"https:\/\/neodal.multimarketing.dev\/ca\/#\/schema\/logo\/image\/\"}}]}<\/script>\n<!-- \/ Yoast SEO plugin. -->","yoast_head_json":{"title":"DIRECCIONADORA QUADIENT NEOPOST MACH 6 - NEODAL IMPORT","description":"Direccionadora Quadient Neopost AS-450 Color. F\u00e1cil y r\u00e1pida impresi\u00f3n de direcciones, logos, codigos de barras... en sobres\u2026 \u00a1Consulte precio!","robots":{"index":"index","follow":"follow","max-snippet":"max-snippet:-1","max-image-preview":"max-image-preview:large","max-video-preview":"max-video-preview:-1"},"canonical":"https:\/\/neodal.multimarketing.dev\/ca\/producte\/quadient-mach-6-2\/","og_locale":"ca_ES","og_type":"article","og_title":"DIRECCIONADORA QUADIENT NEOPOST MACH 6 - NEODAL IMPORT","og_description":"Direccionadora Quadient Neopost AS-450 Color. F\u00e1cil y r\u00e1pida impresi\u00f3n de direcciones, logos, codigos de barras... en sobres\u2026 \u00a1Consulte precio!","og_url":"https:\/\/neodal.multimarketing.dev\/ca\/producte\/quadient-mach-6-2\/","og_site_name":"neodal","og_image":[{"width":500,"height":500,"url":"https:\/\/neodal.multimarketing.dev\/wp-content\/uploads\/2020\/09\/2500-31a-DIRECCIONADORA-QUADIENT-NEOPOST-MACH-6.jpg","type":"image\/jpeg"}],"twitter_card":"summary_large_image","twitter_misc":{"Temps estimat de lectura":"1 minut"},"schema":{"@context":"https:\/\/schema.org","@graph":[{"@type":"WebPage","@id":"https:\/\/neodal.multimarketing.dev\/ca\/producte\/quadient-mach-6-2\/","url":"https:\/\/neodal.multimarketing.dev\/ca\/producte\/quadient-mach-6-2\/","name":"DIRECCIONADORA QUADIENT NEOPOST MACH 6 - NEODAL IMPORT","isPartOf":{"@id":"https:\/\/neodal.multimarketing.dev\/ca\/#website"},"primaryImageOfPage":{"@id":"https:\/\/neodal.multimarketing.dev\/ca\/producte\/quadient-mach-6-2\/#primaryimage"},"image":{"@id":"https:\/\/neodal.multimarketing.dev\/ca\/producte\/quadient-mach-6-2\/#primaryimage"},"thumbnailUrl":"https:\/\/neodal.multimarketing.dev\/wp-content\/uploads\/2020\/09\/2500-31a-DIRECCIONADORA-QUADIENT-NEOPOST-MACH-6.jpg","datePublished":"2020-09-01T12:22:07+00:00","description":"Direccionadora Quadient Neopost AS-450 Color. F\u00e1cil y r\u00e1pida impresi\u00f3n de direcciones, logos, codigos de barras... en sobres\u2026 \u00a1Consulte precio!","breadcrumb":{"@id":"https:\/\/neodal.multimarketing.dev\/ca\/producte\/quadient-mach-6-2\/#breadcrumb"},"inLanguage":"ca","potentialAction":[{"@type":"ReadAction","target":["https:\/\/neodal.multimarketing.dev\/ca\/producte\/quadient-mach-6-2\/"]}]},{"@type":"ImageObject","inLanguage":"ca","@id":"https:\/\/neodal.multimarketing.dev\/ca\/producte\/quadient-mach-6-2\/#primaryimage","url":"https:\/\/neodal.multimarketing.dev\/wp-content\/uploads\/2020\/09\/2500-31a-DIRECCIONADORA-QUADIENT-NEOPOST-MACH-6.jpg","contentUrl":"https:\/\/neodal.multimarketing.dev\/wp-content\/uploads\/2020\/09\/2500-31a-DIRECCIONADORA-QUADIENT-NEOPOST-MACH-6.jpg","width":500,"height":500,"caption":"DIRECCIONADORA QUADIENT NEOPOST MACH 6"},{"@type":"BreadcrumbList","@id":"https:\/\/neodal.multimarketing.dev\/ca\/producte\/quadient-mach-6-2\/#breadcrumb","itemListElement":[{"@type":"ListItem","position":1,"name":"Portada","item":"https:\/\/neodal.multimarketing.dev\/ca\/"},{"@type":"ListItem","position":2,"name":"Productos","item":"https:\/\/neodal.multimarketing.dev\/productos\/"},{"@type":"ListItem","position":3,"name":"DIRECCIONADORA QUADIENT NEOPOST MACH 6"}]},{"@type":"WebSite","@id":"https:\/\/neodal.multimarketing.dev\/ca\/#website","url":"https:\/\/neodal.multimarketing.dev\/ca\/","name":"neodal","description":"","publisher":{"@id":"https:\/\/neodal.multimarketing.dev\/ca\/#organization"},"potentialAction":[{"@type":"SearchAction","target":{"@type":"EntryPoint","urlTemplate":"https:\/\/neodal.multimarketing.dev\/ca\/?s={search_term_string}"},"query-input":{"@type":"PropertyValueSpecification","valueRequired":true,"valueName":"search_term_string"}}],"inLanguage":"ca"},{"@type":"Organization","@id":"https:\/\/neodal.multimarketing.dev\/ca\/#organization","name":"neodal","url":"https:\/\/neodal.multimarketing.dev\/ca\/","logo":{"@type":"ImageObject","inLanguage":"ca","@id":"https:\/\/neodal.multimarketing.dev\/ca\/#\/schema\/logo\/image\/","url":"https:\/\/neodal.multimarketing.dev\/wp-content\/uploads\/2025\/12\/neodal-logo.jpeg","contentUrl":"https:\/\/neodal.multimarketing.dev\/wp-content\/uploads\/2025\/12\/neodal-logo.jpeg","width":359,"height":87,"caption":"neodal"},"image":{"@id":"https:\/\/neodal.multimarketing.dev\/ca\/#\/schema\/logo\/image\/"}}]}},"_links":{"self":[{"href":"https:\/\/neodal.multimarketing.dev\/ca\/wp-json\/wp\/v2\/product\/3872","targetHints":{"allow":["GET"]}}],"collection":[{"href":"https:\/\/neodal.multimarketing.dev\/ca\/wp-json\/wp\/v2\/product"}],"about":[{"href":"https:\/\/neodal.multimarketing.dev\/ca\/wp-json\/wp\/v2\/types\/product"}],"replies":[{"embeddable":true,"href":"https:\/\/neodal.multimarketing.dev\/ca\/wp-json\/wp\/v2\/comments?post=3872"}],"wp:featuredmedia":[{"embeddable":true,"href":"https:\/\/neodal.multimarketing.dev\/ca\/wp-json\/wp\/v2\/media\/3866"}],"wp:attachment":[{"href":"https:\/\/neodal.multimarketing.dev\/ca\/wp-json\/wp\/v2\/media?parent=3872"}],"wp:term":[{"taxonomy":"product_brand","embeddable":true,"href":"https:\/\/neodal.multimarketing.dev\/ca\/wp-json\/wp\/v2\/product_brand?post=3872"},{"taxonomy":"product_cat","embeddable":true,"href":"https:\/\/neodal.multimarketing.dev\/ca\/wp-json\/wp\/v2\/product_cat?post=3872"},{"taxonomy":"product_tag","embeddable":true,"href":"https:\/\/neodal.multimarketing.dev\/ca\/wp-json\/wp\/v2\/product_tag?post=3872"}],"curies":[{"name":"wp","href":"https:\/\/api.w.org\/{rel}","templated":true}]}}