{"id":3848,"date":"2020-09-01T11:21:42","date_gmt":"2020-09-01T11:21:42","guid":{"rendered":"http:\/\/neodal.local\/product\/quadient-as-650\/"},"modified":"2020-09-01T11:21:42","modified_gmt":"2020-09-01T11:21:42","slug":"quadient-as-650","status":"publish","type":"product","link":"https:\/\/neodal.multimarketing.dev\/ca\/producte\/quadient-as-650\/","title":{"rendered":"DIRECCIONADORA QUADIENT NEOPOST AS-650"},"content":{"rendered":"<h3>DIRECCIONADORA QUADIENT NEOPOST AS650<\/h3>\n<p>\u00b7 Tecnolog\u00eda de impresi\u00f3n Inyecci\u00f3n de tinta t\u00e9rmica, 6 cartuchos de alta capacidad<\/p>\n<p>\u00b7 Velocidad Hasta 26,000 Sobres\/hr. Hasta 34,000 tarjetas postales\/hr.<\/p>\n<p>\u00b7 Calidad de impresi\u00f3n Hasta 600 x 600 dpi<\/p>\n<p>\u00b7 \u00c1rea de impresi\u00f3n Hasta 7,62 x 43,18 cm<\/p>\n<p>\u00b7 Tama\u00f1o del material Min: Min: 12,7 L x 7,62 W Max: 38,1 L x 34,20 W<\/p>\n<p>\u00b7 Espesor del material Hasta 9.5 mm \/0,762 mm<\/p>\n<p>\u00b7 Memoria 16 GB<\/p>\n<p>\u00b7 Disposici\u00f3n de los cabezales 3 + 3 cabezales fijos<\/p>\n<p>\u00b7 Fuentes Todas las fuentes True Type disponibles<\/p>\n<p>\u00b7 Monitor de tinta Seguimiento inteligente de cartuchos<\/p>\n<p>\u00b7 Capacidad del alimentador Hasta 500 sobres<\/p>\n<p>\u00b7 Software Compatible con Windows 7, 8, 8.1, 10<\/p>\n<p>\u00b7 PC Interface USB 3.0, Ethernet, WiFi<\/p>\n<p>\u00b7 Diagnosis Integrado en firmware<\/p>\n<p>\u00b7 Dimensiones 73,6 L x 58,4 D x 52,34 H; 36,3 kg<\/p>\n<p>\u00b7 Conexi\u00f3n 115VAC o 240VAC, 50\/60Hz<\/p>\n<p>\u00b7 Contadores Contadores de lotes, trabajos y total<\/p>\n<p>\u00b7 Accesorios Conveyor\/Stacker\/Dryer<\/p>\n<\/p>\n<p><iframe width=\"425\" height=\"350\" src=\"https:\/\/www.youtube.com\/embed\/7FYoVCL6I1c\"><\/iframe><\/p>\n","protected":false},"excerpt":{"rendered":"<h2>QUADIENT NEOPOST AS-650\u00a0DIRECCIONADORA\u00a0MONOCROMO\u00a0<\/h2>\n<p>La Direccionadora Quadient Neopost AS-650 de Neodal le ayudar\u00e1 a llevar a cabo el direccionado y env\u00edo campa\u00f1as de Marketing Directo causando una excelente impresi\u00f3n. Una r\u00e1pida y robusta Direccionadora monocromo de 6 cabezales fijos de impresi\u00f3n para oficinas, centros de manipulado, Marketing Directo, Artes Gr\u00e1ficas\u2026<\/p>\n","protected":false},"featured_media":3844,"comment_status":"open","ping_status":"closed","template":"","meta":{"_acf_changed":false,"content-type":""},"product_brand":[],"product_cat":[918,864],"product_tag":[],"class_list":{"0":"post-3848","1":"product","2":"type-product","3":"status-publish","4":"has-post-thumbnail","6":"product_cat-direccionadoras-quadient-neopost-monocromo","7":"product_cat-direccionadoras-quadient-neopost","9":"first","10":"instock","11":"shipping-taxable","12":"product-type-simple"},"acf":[],"yoast_head":"<!-- This site is optimized with the Yoast SEO plugin v26.8 - https:\/\/yoast.com\/product\/yoast-seo-wordpress\/ -->\n<title>Direccionadora Quadient Neopost AS-650 | Neodal Direccionadoras<\/title>\n<meta name=\"description\" content=\"Direccionadora Quadient Neopost AS-650 compacta de sobremesa. F\u00e1cil impresi\u00f3n de logos, direcciones, codigos de barras... en sobres\u2026 \u00a1Consulte precio!\" \/>\n<meta name=\"robots\" content=\"index, follow, max-snippet:-1, max-image-preview:large, max-video-preview:-1\" \/>\n<link rel=\"canonical\" href=\"https:\/\/neodal.multimarketing.dev\/ca\/producte\/quadient-as-650\/\" \/>\n<meta property=\"og:locale\" content=\"ca_ES\" \/>\n<meta property=\"og:type\" content=\"article\" \/>\n<meta property=\"og:title\" content=\"Direccionadora Quadient Neopost AS-650 | Neodal Direccionadoras\" \/>\n<meta property=\"og:description\" content=\"Direccionadora Quadient Neopost AS-650 compacta de sobremesa. F\u00e1cil impresi\u00f3n de logos, direcciones, codigos de barras... en sobres\u2026 \u00a1Consulte precio!\" \/>\n<meta property=\"og:url\" content=\"https:\/\/neodal.multimarketing.dev\/ca\/producte\/quadient-as-650\/\" \/>\n<meta property=\"og:site_name\" content=\"neodal\" \/>\n<meta property=\"og:image\" content=\"https:\/\/neodal.multimarketing.dev\/wp-content\/uploads\/2020\/09\/2497-e08-DIRECCIONADORA-QUADIENT-NEOPOST-AS-650.jpg\" \/>\n\t<meta property=\"og:image:width\" content=\"1200\" \/>\n\t<meta property=\"og:image:height\" content=\"1239\" \/>\n\t<meta property=\"og:image:type\" content=\"image\/jpeg\" \/>\n<meta name=\"twitter:card\" content=\"summary_large_image\" \/>\n<meta name=\"twitter:label1\" content=\"Temps estimat de lectura\" \/>\n\t<meta name=\"twitter:data1\" content=\"1 minut\" \/>\n<script type=\"application\/ld+json\" class=\"yoast-schema-graph\">{\"@context\":\"https:\/\/schema.org\",\"@graph\":[{\"@type\":\"WebPage\",\"@id\":\"https:\/\/neodal.multimarketing.dev\/ca\/producte\/quadient-as-650\/\",\"url\":\"https:\/\/neodal.multimarketing.dev\/ca\/producte\/quadient-as-650\/\",\"name\":\"Direccionadora Quadient Neopost AS-650 | Neodal Direccionadoras\",\"isPartOf\":{\"@id\":\"https:\/\/neodal.multimarketing.dev\/ca\/#website\"},\"primaryImageOfPage\":{\"@id\":\"https:\/\/neodal.multimarketing.dev\/ca\/producte\/quadient-as-650\/#primaryimage\"},\"image\":{\"@id\":\"https:\/\/neodal.multimarketing.dev\/ca\/producte\/quadient-as-650\/#primaryimage\"},\"thumbnailUrl\":\"https:\/\/neodal.multimarketing.dev\/wp-content\/uploads\/2020\/09\/2497-e08-DIRECCIONADORA-QUADIENT-NEOPOST-AS-650.jpg\",\"datePublished\":\"2020-09-01T11:21:42+00:00\",\"description\":\"Direccionadora Quadient Neopost AS-650 compacta de sobremesa. F\u00e1cil impresi\u00f3n de logos, direcciones, codigos de barras... en sobres\u2026 \u00a1Consulte precio!\",\"breadcrumb\":{\"@id\":\"https:\/\/neodal.multimarketing.dev\/ca\/producte\/quadient-as-650\/#breadcrumb\"},\"inLanguage\":\"ca\",\"potentialAction\":[{\"@type\":\"ReadAction\",\"target\":[\"https:\/\/neodal.multimarketing.dev\/ca\/producte\/quadient-as-650\/\"]}]},{\"@type\":\"ImageObject\",\"inLanguage\":\"ca\",\"@id\":\"https:\/\/neodal.multimarketing.dev\/ca\/producte\/quadient-as-650\/#primaryimage\",\"url\":\"https:\/\/neodal.multimarketing.dev\/wp-content\/uploads\/2020\/09\/2497-e08-DIRECCIONADORA-QUADIENT-NEOPOST-AS-650.jpg\",\"contentUrl\":\"https:\/\/neodal.multimarketing.dev\/wp-content\/uploads\/2020\/09\/2497-e08-DIRECCIONADORA-QUADIENT-NEOPOST-AS-650.jpg\",\"width\":1200,\"height\":1239,\"caption\":\"DIRECCIONADORA QUADIENT NEOPOST AS-650\"},{\"@type\":\"BreadcrumbList\",\"@id\":\"https:\/\/neodal.multimarketing.dev\/ca\/producte\/quadient-as-650\/#breadcrumb\",\"itemListElement\":[{\"@type\":\"ListItem\",\"position\":1,\"name\":\"Portada\",\"item\":\"https:\/\/neodal.multimarketing.dev\/ca\/\"},{\"@type\":\"ListItem\",\"position\":2,\"name\":\"Productos\",\"item\":\"https:\/\/neodal.multimarketing.dev\/productos\/\"},{\"@type\":\"ListItem\",\"position\":3,\"name\":\"DIRECCIONADORA QUADIENT NEOPOST AS-650\"}]},{\"@type\":\"WebSite\",\"@id\":\"https:\/\/neodal.multimarketing.dev\/ca\/#website\",\"url\":\"https:\/\/neodal.multimarketing.dev\/ca\/\",\"name\":\"neodal\",\"description\":\"\",\"publisher\":{\"@id\":\"https:\/\/neodal.multimarketing.dev\/ca\/#organization\"},\"potentialAction\":[{\"@type\":\"SearchAction\",\"target\":{\"@type\":\"EntryPoint\",\"urlTemplate\":\"https:\/\/neodal.multimarketing.dev\/ca\/?s={search_term_string}\"},\"query-input\":{\"@type\":\"PropertyValueSpecification\",\"valueRequired\":true,\"valueName\":\"search_term_string\"}}],\"inLanguage\":\"ca\"},{\"@type\":\"Organization\",\"@id\":\"https:\/\/neodal.multimarketing.dev\/ca\/#organization\",\"name\":\"neodal\",\"url\":\"https:\/\/neodal.multimarketing.dev\/ca\/\",\"logo\":{\"@type\":\"ImageObject\",\"inLanguage\":\"ca\",\"@id\":\"https:\/\/neodal.multimarketing.dev\/ca\/#\/schema\/logo\/image\/\",\"url\":\"https:\/\/neodal.multimarketing.dev\/wp-content\/uploads\/2025\/12\/neodal-logo.jpeg\",\"contentUrl\":\"https:\/\/neodal.multimarketing.dev\/wp-content\/uploads\/2025\/12\/neodal-logo.jpeg\",\"width\":359,\"height\":87,\"caption\":\"neodal\"},\"image\":{\"@id\":\"https:\/\/neodal.multimarketing.dev\/ca\/#\/schema\/logo\/image\/\"}}]}<\/script>\n<!-- \/ Yoast SEO plugin. -->","yoast_head_json":{"title":"Direccionadora Quadient Neopost AS-650 | Neodal Direccionadoras","description":"Direccionadora Quadient Neopost AS-650 compacta de sobremesa. F\u00e1cil impresi\u00f3n de logos, direcciones, codigos de barras... en sobres\u2026 \u00a1Consulte precio!","robots":{"index":"index","follow":"follow","max-snippet":"max-snippet:-1","max-image-preview":"max-image-preview:large","max-video-preview":"max-video-preview:-1"},"canonical":"https:\/\/neodal.multimarketing.dev\/ca\/producte\/quadient-as-650\/","og_locale":"ca_ES","og_type":"article","og_title":"Direccionadora Quadient Neopost AS-650 | Neodal Direccionadoras","og_description":"Direccionadora Quadient Neopost AS-650 compacta de sobremesa. F\u00e1cil impresi\u00f3n de logos, direcciones, codigos de barras... en sobres\u2026 \u00a1Consulte precio!","og_url":"https:\/\/neodal.multimarketing.dev\/ca\/producte\/quadient-as-650\/","og_site_name":"neodal","og_image":[{"width":1200,"height":1239,"url":"https:\/\/neodal.multimarketing.dev\/wp-content\/uploads\/2020\/09\/2497-e08-DIRECCIONADORA-QUADIENT-NEOPOST-AS-650.jpg","type":"image\/jpeg"}],"twitter_card":"summary_large_image","twitter_misc":{"Temps estimat de lectura":"1 minut"},"schema":{"@context":"https:\/\/schema.org","@graph":[{"@type":"WebPage","@id":"https:\/\/neodal.multimarketing.dev\/ca\/producte\/quadient-as-650\/","url":"https:\/\/neodal.multimarketing.dev\/ca\/producte\/quadient-as-650\/","name":"Direccionadora Quadient Neopost AS-650 | Neodal Direccionadoras","isPartOf":{"@id":"https:\/\/neodal.multimarketing.dev\/ca\/#website"},"primaryImageOfPage":{"@id":"https:\/\/neodal.multimarketing.dev\/ca\/producte\/quadient-as-650\/#primaryimage"},"image":{"@id":"https:\/\/neodal.multimarketing.dev\/ca\/producte\/quadient-as-650\/#primaryimage"},"thumbnailUrl":"https:\/\/neodal.multimarketing.dev\/wp-content\/uploads\/2020\/09\/2497-e08-DIRECCIONADORA-QUADIENT-NEOPOST-AS-650.jpg","datePublished":"2020-09-01T11:21:42+00:00","description":"Direccionadora Quadient Neopost AS-650 compacta de sobremesa. F\u00e1cil impresi\u00f3n de logos, direcciones, codigos de barras... en sobres\u2026 \u00a1Consulte precio!","breadcrumb":{"@id":"https:\/\/neodal.multimarketing.dev\/ca\/producte\/quadient-as-650\/#breadcrumb"},"inLanguage":"ca","potentialAction":[{"@type":"ReadAction","target":["https:\/\/neodal.multimarketing.dev\/ca\/producte\/quadient-as-650\/"]}]},{"@type":"ImageObject","inLanguage":"ca","@id":"https:\/\/neodal.multimarketing.dev\/ca\/producte\/quadient-as-650\/#primaryimage","url":"https:\/\/neodal.multimarketing.dev\/wp-content\/uploads\/2020\/09\/2497-e08-DIRECCIONADORA-QUADIENT-NEOPOST-AS-650.jpg","contentUrl":"https:\/\/neodal.multimarketing.dev\/wp-content\/uploads\/2020\/09\/2497-e08-DIRECCIONADORA-QUADIENT-NEOPOST-AS-650.jpg","width":1200,"height":1239,"caption":"DIRECCIONADORA QUADIENT NEOPOST AS-650"},{"@type":"BreadcrumbList","@id":"https:\/\/neodal.multimarketing.dev\/ca\/producte\/quadient-as-650\/#breadcrumb","itemListElement":[{"@type":"ListItem","position":1,"name":"Portada","item":"https:\/\/neodal.multimarketing.dev\/ca\/"},{"@type":"ListItem","position":2,"name":"Productos","item":"https:\/\/neodal.multimarketing.dev\/productos\/"},{"@type":"ListItem","position":3,"name":"DIRECCIONADORA QUADIENT NEOPOST AS-650"}]},{"@type":"WebSite","@id":"https:\/\/neodal.multimarketing.dev\/ca\/#website","url":"https:\/\/neodal.multimarketing.dev\/ca\/","name":"neodal","description":"","publisher":{"@id":"https:\/\/neodal.multimarketing.dev\/ca\/#organization"},"potentialAction":[{"@type":"SearchAction","target":{"@type":"EntryPoint","urlTemplate":"https:\/\/neodal.multimarketing.dev\/ca\/?s={search_term_string}"},"query-input":{"@type":"PropertyValueSpecification","valueRequired":true,"valueName":"search_term_string"}}],"inLanguage":"ca"},{"@type":"Organization","@id":"https:\/\/neodal.multimarketing.dev\/ca\/#organization","name":"neodal","url":"https:\/\/neodal.multimarketing.dev\/ca\/","logo":{"@type":"ImageObject","inLanguage":"ca","@id":"https:\/\/neodal.multimarketing.dev\/ca\/#\/schema\/logo\/image\/","url":"https:\/\/neodal.multimarketing.dev\/wp-content\/uploads\/2025\/12\/neodal-logo.jpeg","contentUrl":"https:\/\/neodal.multimarketing.dev\/wp-content\/uploads\/2025\/12\/neodal-logo.jpeg","width":359,"height":87,"caption":"neodal"},"image":{"@id":"https:\/\/neodal.multimarketing.dev\/ca\/#\/schema\/logo\/image\/"}}]}},"_links":{"self":[{"href":"https:\/\/neodal.multimarketing.dev\/ca\/wp-json\/wp\/v2\/product\/3848","targetHints":{"allow":["GET"]}}],"collection":[{"href":"https:\/\/neodal.multimarketing.dev\/ca\/wp-json\/wp\/v2\/product"}],"about":[{"href":"https:\/\/neodal.multimarketing.dev\/ca\/wp-json\/wp\/v2\/types\/product"}],"replies":[{"embeddable":true,"href":"https:\/\/neodal.multimarketing.dev\/ca\/wp-json\/wp\/v2\/comments?post=3848"}],"wp:featuredmedia":[{"embeddable":true,"href":"https:\/\/neodal.multimarketing.dev\/ca\/wp-json\/wp\/v2\/media\/3844"}],"wp:attachment":[{"href":"https:\/\/neodal.multimarketing.dev\/ca\/wp-json\/wp\/v2\/media?parent=3848"}],"wp:term":[{"taxonomy":"product_brand","embeddable":true,"href":"https:\/\/neodal.multimarketing.dev\/ca\/wp-json\/wp\/v2\/product_brand?post=3848"},{"taxonomy":"product_cat","embeddable":true,"href":"https:\/\/neodal.multimarketing.dev\/ca\/wp-json\/wp\/v2\/product_cat?post=3848"},{"taxonomy":"product_tag","embeddable":true,"href":"https:\/\/neodal.multimarketing.dev\/ca\/wp-json\/wp\/v2\/product_tag?post=3848"}],"curies":[{"name":"wp","href":"https:\/\/api.w.org\/{rel}","templated":true}]}}