{"id":3827,"date":"2020-03-26T17:04:45","date_gmt":"2020-03-26T17:04:45","guid":{"rendered":"http:\/\/neodal.local\/product\/accel-ultra-plus-fast-start-2\/"},"modified":"2020-03-26T17:04:45","modified_gmt":"2020-03-26T17:04:45","slug":"accel-ultra-plus-fast-start-2","status":"publish","type":"product","link":"https:\/\/neodal.multimarketing.dev\/ca\/producte\/accel-ultra-plus-fast-start-2\/","title":{"rendered":"ENCUADERNADORA TERMICA ACCEL ULTRA PLUS"},"content":{"rendered":"<address>\u00b7\u00a0Encuadernadora t\u00e9rmica\u00a0de uso intensivo<\/address>\n<address>\u00b7 Gran facilidad de uso y robusto acabado profesional<\/address>\n<address>\u00b7 Realiza hasta 50 encuadernaciones a la vez<\/address>\n<address>\u00b7 Capacidad de\u00a0encuadernaci\u00f3n hasta 360 hojas<\/address>\n<address>\u00b7 Excelente sujeci\u00f3n de la encuadernaci\u00f3n<\/address>\n<address>\u00b7 Hasta 60 encuadernaciones por minuto<\/address>\n<address>\u00b7 Encuadernadora t\u00e9rmica con\u00a0ancho de encuadernaci\u00f3n de 1,5 a 15 mm <strong><\/strong><\/address>\n<address>\u00b7 Ventilador para enfriado r\u00e1pido de cubiertas<\/address>\n<address>\u00b7\u00a0Formato de encuadernaci\u00f3n A4<\/address>\n<address>\u00b7 Visualizaci\u00f3n proceso encuadernado en display<\/address>\n<address>\u00b7 Se\u00f1ales \u00f3pticas y ac\u00fasticas de \u201clisto\u201d<\/address>\n<address>\u00b7 Dimensiones: 760 x 645 x 435 Mm.<\/address>\n<address>\u00b7 Peso: 48 kg.<\/address>\n","protected":false},"excerpt":{"rendered":"<h2>ENCUADERNADORA TERMICA CARPETAS<\/h2>\n<p>La encuadernadora t\u00e9rmica ACCEL ULTRA PLUS FAST START de Neodal le ayudar\u00e1 a encuadernar de forma sencilla, elegante y r\u00e1pida sus presentaciones, informes financieros y de marketing, presupuestos, listas de precios, etc. Una encuadernadora t\u00e9rmica de excelente precio para uso moderado en entornos de oficina.<\/p><\/p>\n","protected":false},"featured_media":3822,"comment_status":"open","ping_status":"closed","template":"","meta":{"_acf_changed":false,"content-type":""},"product_brand":[],"product_cat":[847,963],"product_tag":[1265,1147,1086,1129],"class_list":{"0":"post-3827","1":"product","2":"type-product","3":"status-publish","4":"has-post-thumbnail","6":"product_cat-enquadernadores","7":"product_cat-enquadernadores-termicas","8":"product_tag-ensobradora-quadient-neopost-ds","9":"product_tag-ensobradoras-automaticas-quadien","10":"product_tag-quantum","11":"product_tag-servicio-tecnico-ensobradora-neo","13":"first","14":"instock","15":"shipping-taxable","16":"product-type-simple"},"acf":[],"yoast_head":"<!-- This site is optimized with the Yoast SEO plugin v26.8 - https:\/\/yoast.com\/product\/yoast-seo-wordpress\/ -->\n<title>Encuadernadora t\u00e9rmica ACCEL ULTRA PLUS FAST START. Solicite informaci\u00f3n!<\/title>\n<meta name=\"robots\" content=\"index, follow, max-snippet:-1, max-image-preview:large, max-video-preview:-1\" \/>\n<link rel=\"canonical\" href=\"https:\/\/neodal.multimarketing.dev\/ca\/producte\/accel-ultra-plus-fast-start-2\/\" \/>\n<meta property=\"og:locale\" content=\"ca_ES\" \/>\n<meta property=\"og:type\" content=\"article\" \/>\n<meta property=\"og:title\" content=\"Encuadernadora t\u00e9rmica ACCEL ULTRA PLUS FAST START. Solicite informaci\u00f3n!\" \/>\n<meta property=\"og:description\" content=\"ENCUADERNADORA TERMICA CARPETAS La encuadernadora t\u00e9rmica ACCEL ULTRA PLUS FAST START de Neodal le ayudar\u00e1 a encuadernar de forma sencilla, elegante y r\u00e1pida sus presentaciones, informes financieros y de marketing, presupuestos, listas de precios, etc. Una encuadernadora t\u00e9rmica de excelente precio para uso moderado en entornos de oficina.\" \/>\n<meta property=\"og:url\" content=\"https:\/\/neodal.multimarketing.dev\/ca\/producte\/accel-ultra-plus-fast-start-2\/\" \/>\n<meta property=\"og:site_name\" content=\"neodal\" \/>\n<meta property=\"og:image\" content=\"https:\/\/neodal.multimarketing.dev\/wp-content\/uploads\/2020\/03\/2455-ec7-ENCUADERNADORA-TERMICA-ACCEL-ULTRA-PLUS.jpg\" \/>\n\t<meta property=\"og:image:width\" content=\"500\" \/>\n\t<meta property=\"og:image:height\" content=\"500\" \/>\n\t<meta property=\"og:image:type\" content=\"image\/jpeg\" \/>\n<meta name=\"twitter:card\" content=\"summary_large_image\" \/>\n<script type=\"application\/ld+json\" class=\"yoast-schema-graph\">{\"@context\":\"https:\/\/schema.org\",\"@graph\":[{\"@type\":\"WebPage\",\"@id\":\"https:\/\/neodal.multimarketing.dev\/ca\/producte\/accel-ultra-plus-fast-start-2\/\",\"url\":\"https:\/\/neodal.multimarketing.dev\/ca\/producte\/accel-ultra-plus-fast-start-2\/\",\"name\":\"Encuadernadora t\u00e9rmica ACCEL ULTRA PLUS FAST START. Solicite informaci\u00f3n!\",\"isPartOf\":{\"@id\":\"https:\/\/neodal.multimarketing.dev\/ca\/#website\"},\"primaryImageOfPage\":{\"@id\":\"https:\/\/neodal.multimarketing.dev\/ca\/producte\/accel-ultra-plus-fast-start-2\/#primaryimage\"},\"image\":{\"@id\":\"https:\/\/neodal.multimarketing.dev\/ca\/producte\/accel-ultra-plus-fast-start-2\/#primaryimage\"},\"thumbnailUrl\":\"https:\/\/neodal.multimarketing.dev\/wp-content\/uploads\/2020\/03\/2455-ec7-ENCUADERNADORA-TERMICA-ACCEL-ULTRA-PLUS.jpg\",\"datePublished\":\"2020-03-26T17:04:45+00:00\",\"breadcrumb\":{\"@id\":\"https:\/\/neodal.multimarketing.dev\/ca\/producte\/accel-ultra-plus-fast-start-2\/#breadcrumb\"},\"inLanguage\":\"ca\",\"potentialAction\":[{\"@type\":\"ReadAction\",\"target\":[\"https:\/\/neodal.multimarketing.dev\/ca\/producte\/accel-ultra-plus-fast-start-2\/\"]}]},{\"@type\":\"ImageObject\",\"inLanguage\":\"ca\",\"@id\":\"https:\/\/neodal.multimarketing.dev\/ca\/producte\/accel-ultra-plus-fast-start-2\/#primaryimage\",\"url\":\"https:\/\/neodal.multimarketing.dev\/wp-content\/uploads\/2020\/03\/2455-ec7-ENCUADERNADORA-TERMICA-ACCEL-ULTRA-PLUS.jpg\",\"contentUrl\":\"https:\/\/neodal.multimarketing.dev\/wp-content\/uploads\/2020\/03\/2455-ec7-ENCUADERNADORA-TERMICA-ACCEL-ULTRA-PLUS.jpg\",\"width\":500,\"height\":500,\"caption\":\"ENCUADERNADORA TERMICA ACCEL ULTRA PLUS\"},{\"@type\":\"BreadcrumbList\",\"@id\":\"https:\/\/neodal.multimarketing.dev\/ca\/producte\/accel-ultra-plus-fast-start-2\/#breadcrumb\",\"itemListElement\":[{\"@type\":\"ListItem\",\"position\":1,\"name\":\"Portada\",\"item\":\"https:\/\/neodal.multimarketing.dev\/ca\/\"},{\"@type\":\"ListItem\",\"position\":2,\"name\":\"Productos\",\"item\":\"https:\/\/neodal.multimarketing.dev\/productos\/\"},{\"@type\":\"ListItem\",\"position\":3,\"name\":\"ENCUADERNADORA TERMICA ACCEL ULTRA PLUS\"}]},{\"@type\":\"WebSite\",\"@id\":\"https:\/\/neodal.multimarketing.dev\/ca\/#website\",\"url\":\"https:\/\/neodal.multimarketing.dev\/ca\/\",\"name\":\"neodal\",\"description\":\"\",\"publisher\":{\"@id\":\"https:\/\/neodal.multimarketing.dev\/ca\/#organization\"},\"potentialAction\":[{\"@type\":\"SearchAction\",\"target\":{\"@type\":\"EntryPoint\",\"urlTemplate\":\"https:\/\/neodal.multimarketing.dev\/ca\/?s={search_term_string}\"},\"query-input\":{\"@type\":\"PropertyValueSpecification\",\"valueRequired\":true,\"valueName\":\"search_term_string\"}}],\"inLanguage\":\"ca\"},{\"@type\":\"Organization\",\"@id\":\"https:\/\/neodal.multimarketing.dev\/ca\/#organization\",\"name\":\"neodal\",\"url\":\"https:\/\/neodal.multimarketing.dev\/ca\/\",\"logo\":{\"@type\":\"ImageObject\",\"inLanguage\":\"ca\",\"@id\":\"https:\/\/neodal.multimarketing.dev\/ca\/#\/schema\/logo\/image\/\",\"url\":\"https:\/\/neodal.multimarketing.dev\/wp-content\/uploads\/2025\/12\/neodal-logo.jpeg\",\"contentUrl\":\"https:\/\/neodal.multimarketing.dev\/wp-content\/uploads\/2025\/12\/neodal-logo.jpeg\",\"width\":359,\"height\":87,\"caption\":\"neodal\"},\"image\":{\"@id\":\"https:\/\/neodal.multimarketing.dev\/ca\/#\/schema\/logo\/image\/\"}}]}<\/script>\n<!-- \/ Yoast SEO plugin. -->","yoast_head_json":{"title":"Encuadernadora t\u00e9rmica ACCEL ULTRA PLUS FAST START. Solicite informaci\u00f3n!","robots":{"index":"index","follow":"follow","max-snippet":"max-snippet:-1","max-image-preview":"max-image-preview:large","max-video-preview":"max-video-preview:-1"},"canonical":"https:\/\/neodal.multimarketing.dev\/ca\/producte\/accel-ultra-plus-fast-start-2\/","og_locale":"ca_ES","og_type":"article","og_title":"Encuadernadora t\u00e9rmica ACCEL ULTRA PLUS FAST START. Solicite informaci\u00f3n!","og_description":"ENCUADERNADORA TERMICA CARPETAS La encuadernadora t\u00e9rmica ACCEL ULTRA PLUS FAST START de Neodal le ayudar\u00e1 a encuadernar de forma sencilla, elegante y r\u00e1pida sus presentaciones, informes financieros y de marketing, presupuestos, listas de precios, etc. Una encuadernadora t\u00e9rmica de excelente precio para uso moderado en entornos de oficina.","og_url":"https:\/\/neodal.multimarketing.dev\/ca\/producte\/accel-ultra-plus-fast-start-2\/","og_site_name":"neodal","og_image":[{"width":500,"height":500,"url":"https:\/\/neodal.multimarketing.dev\/wp-content\/uploads\/2020\/03\/2455-ec7-ENCUADERNADORA-TERMICA-ACCEL-ULTRA-PLUS.jpg","type":"image\/jpeg"}],"twitter_card":"summary_large_image","schema":{"@context":"https:\/\/schema.org","@graph":[{"@type":"WebPage","@id":"https:\/\/neodal.multimarketing.dev\/ca\/producte\/accel-ultra-plus-fast-start-2\/","url":"https:\/\/neodal.multimarketing.dev\/ca\/producte\/accel-ultra-plus-fast-start-2\/","name":"Encuadernadora t\u00e9rmica ACCEL ULTRA PLUS FAST START. Solicite informaci\u00f3n!","isPartOf":{"@id":"https:\/\/neodal.multimarketing.dev\/ca\/#website"},"primaryImageOfPage":{"@id":"https:\/\/neodal.multimarketing.dev\/ca\/producte\/accel-ultra-plus-fast-start-2\/#primaryimage"},"image":{"@id":"https:\/\/neodal.multimarketing.dev\/ca\/producte\/accel-ultra-plus-fast-start-2\/#primaryimage"},"thumbnailUrl":"https:\/\/neodal.multimarketing.dev\/wp-content\/uploads\/2020\/03\/2455-ec7-ENCUADERNADORA-TERMICA-ACCEL-ULTRA-PLUS.jpg","datePublished":"2020-03-26T17:04:45+00:00","breadcrumb":{"@id":"https:\/\/neodal.multimarketing.dev\/ca\/producte\/accel-ultra-plus-fast-start-2\/#breadcrumb"},"inLanguage":"ca","potentialAction":[{"@type":"ReadAction","target":["https:\/\/neodal.multimarketing.dev\/ca\/producte\/accel-ultra-plus-fast-start-2\/"]}]},{"@type":"ImageObject","inLanguage":"ca","@id":"https:\/\/neodal.multimarketing.dev\/ca\/producte\/accel-ultra-plus-fast-start-2\/#primaryimage","url":"https:\/\/neodal.multimarketing.dev\/wp-content\/uploads\/2020\/03\/2455-ec7-ENCUADERNADORA-TERMICA-ACCEL-ULTRA-PLUS.jpg","contentUrl":"https:\/\/neodal.multimarketing.dev\/wp-content\/uploads\/2020\/03\/2455-ec7-ENCUADERNADORA-TERMICA-ACCEL-ULTRA-PLUS.jpg","width":500,"height":500,"caption":"ENCUADERNADORA TERMICA ACCEL ULTRA PLUS"},{"@type":"BreadcrumbList","@id":"https:\/\/neodal.multimarketing.dev\/ca\/producte\/accel-ultra-plus-fast-start-2\/#breadcrumb","itemListElement":[{"@type":"ListItem","position":1,"name":"Portada","item":"https:\/\/neodal.multimarketing.dev\/ca\/"},{"@type":"ListItem","position":2,"name":"Productos","item":"https:\/\/neodal.multimarketing.dev\/productos\/"},{"@type":"ListItem","position":3,"name":"ENCUADERNADORA TERMICA ACCEL ULTRA PLUS"}]},{"@type":"WebSite","@id":"https:\/\/neodal.multimarketing.dev\/ca\/#website","url":"https:\/\/neodal.multimarketing.dev\/ca\/","name":"neodal","description":"","publisher":{"@id":"https:\/\/neodal.multimarketing.dev\/ca\/#organization"},"potentialAction":[{"@type":"SearchAction","target":{"@type":"EntryPoint","urlTemplate":"https:\/\/neodal.multimarketing.dev\/ca\/?s={search_term_string}"},"query-input":{"@type":"PropertyValueSpecification","valueRequired":true,"valueName":"search_term_string"}}],"inLanguage":"ca"},{"@type":"Organization","@id":"https:\/\/neodal.multimarketing.dev\/ca\/#organization","name":"neodal","url":"https:\/\/neodal.multimarketing.dev\/ca\/","logo":{"@type":"ImageObject","inLanguage":"ca","@id":"https:\/\/neodal.multimarketing.dev\/ca\/#\/schema\/logo\/image\/","url":"https:\/\/neodal.multimarketing.dev\/wp-content\/uploads\/2025\/12\/neodal-logo.jpeg","contentUrl":"https:\/\/neodal.multimarketing.dev\/wp-content\/uploads\/2025\/12\/neodal-logo.jpeg","width":359,"height":87,"caption":"neodal"},"image":{"@id":"https:\/\/neodal.multimarketing.dev\/ca\/#\/schema\/logo\/image\/"}}]}},"_links":{"self":[{"href":"https:\/\/neodal.multimarketing.dev\/ca\/wp-json\/wp\/v2\/product\/3827","targetHints":{"allow":["GET"]}}],"collection":[{"href":"https:\/\/neodal.multimarketing.dev\/ca\/wp-json\/wp\/v2\/product"}],"about":[{"href":"https:\/\/neodal.multimarketing.dev\/ca\/wp-json\/wp\/v2\/types\/product"}],"replies":[{"embeddable":true,"href":"https:\/\/neodal.multimarketing.dev\/ca\/wp-json\/wp\/v2\/comments?post=3827"}],"wp:featuredmedia":[{"embeddable":true,"href":"https:\/\/neodal.multimarketing.dev\/ca\/wp-json\/wp\/v2\/media\/3822"}],"wp:attachment":[{"href":"https:\/\/neodal.multimarketing.dev\/ca\/wp-json\/wp\/v2\/media?parent=3827"}],"wp:term":[{"taxonomy":"product_brand","embeddable":true,"href":"https:\/\/neodal.multimarketing.dev\/ca\/wp-json\/wp\/v2\/product_brand?post=3827"},{"taxonomy":"product_cat","embeddable":true,"href":"https:\/\/neodal.multimarketing.dev\/ca\/wp-json\/wp\/v2\/product_cat?post=3827"},{"taxonomy":"product_tag","embeddable":true,"href":"https:\/\/neodal.multimarketing.dev\/ca\/wp-json\/wp\/v2\/product_tag?post=3827"}],"curies":[{"name":"wp","href":"https:\/\/api.w.org\/{rel}","templated":true}]}}