{"id":3622,"date":"2018-11-13T12:56:19","date_gmt":"2018-11-13T12:56:19","guid":{"rendered":"http:\/\/neodal.local\/product\/intimus-4540ep-2\/"},"modified":"2018-11-13T12:56:19","modified_gmt":"2018-11-13T12:56:19","slug":"intimus-4540ep-2","status":"publish","type":"product","link":"https:\/\/neodal.multimarketing.dev\/ca\/producte\/intimus-4540ep-2\/","title":{"rendered":"GUILLOTINA INTIMUS 4540 EP"},"content":{"rendered":"<h3>GUILLOTINA ELECTRICA INTIMUS 4540 EP<\/h3>\n<p>\u00b7 Corte seguro y preciso hasta 400 hojas (40mm altura)<\/p>\n<p>\u00b7 Ancho de corte de 450mm.<\/p>\n<p>\u00b7 Display t\u00e1ctil DIGITAL \u201cTOUCH SCREEN\u201d<\/p>\n<p>\u00b7 Memorias de corte m\u00e1s habituales (A3, A4, A5 &#038; A6)<\/p>\n<p>\u00b7 R\u00e1pido, sencillo y preciso ajuste de las medidas de corte en cent\u00edmetros y pulgadas<\/p>\n<p>\u00b7 Luz de corte \u201cLED\u201d para f\u00e1cil visualizaci\u00f3n y precisi\u00f3n de la zona de corte.<\/p>\n<p>\u00b7 Recomendada para entornos de oficina, copister\u00edas, impresi\u00f3n digital, centros de fotograf\u00eda\u2026<\/p>\n<p>\u00b7 Pis\u00f3n de sujeci\u00f3n de papel autom\u00e1tico.<\/p>\n<p>\u00b7 Tapa de seguridad oscilante en la mesa frontal<\/p>\n<p>\u00b7 Tapa de seguridad transparente en la mesa trasera.<\/p>\n<p>\u00b7 Bloqueo de la cuchilla en posici\u00f3n superior.<\/p>\n<p>\u00b7 Bloqueo de seguridad autom\u00e1tico durante la acci\u00f3n de corte.<\/p>\n<p>\u00b7 F\u00e1cil cambio de la cuchilla desde la parte frontal del equipo sin tener que retirar las tapas.<\/p>\n<p>\u00b7 F\u00e1cil y seguro acceso, giro y cambio de cuadradillo desde el lateral del equipo.<\/p>\n<p>\u00b7 Ajuste de profundidad de la cuchilla desde el exterior de la m\u00e1quina.<\/p>\n<p>\u00b7 Cuchilla reafilable hecha de acero de alta calidad.<\/p>\n<p>\u00b7 R\u00e1pido, sencillo y preciso ajuste de las medidas de corte en cent\u00edmetros y pulgadas.<\/p>\n<p>\u00b7 Manivela de ajuste medida de corte el\u00e9ctrica \u2013 digital.<\/p>\n<p>\u00b7 Posibilidad de guardar en memoria hasta 99 programas \/ tareas.<\/p>\n<p>\u00b7 Peso: 104 Kg.<\/p>\n<p>\u00b7 Dimensiones (La\/Pr\/An): 382x688x755 \/<\/p>\n<p>\u00a0\u00b7 Certificado CE.<\/p>\n","protected":false},"excerpt":{"rendered":"<h2>GUILLOTINA DE PAPEL INTIMUS 4540 EP<\/h2>\n<p>Robusta, autom\u00e1tica y f\u00e1cil de usar. Ajuste de medida de corte Digital milim\u00e9trico con\u00a0memorias de trabajo \u201cDIGITAL TOUCH SCREEN\u201d. Luz de corte LED para un corte preciso y seguro. Tapa de seguridad frontal y trasera. Copister\u00edas, Centros de Impresi\u00f3n Digital, Servicios Generales de empresas, oficinas, centros de fotograf\u00eda\u2026<\/p>\n","protected":false},"featured_media":3612,"comment_status":"open","ping_status":"closed","template":"","meta":{"_acf_changed":false,"content-type":""},"product_brand":[],"product_cat":[927,845],"product_tag":[1229,1239,1230,1227,1133,1228],"class_list":{"0":"post-3622","1":"product","2":"type-product","3":"status-publish","4":"has-post-thumbnail","6":"product_cat-guillotinas-de-papel-intimus-electricas-ca","7":"product_cat-guillotinas-de-paper","8":"product_tag-guillotina-electrica-de-papel-in","9":"product_tag-guillotinas-de-papel","10":"product_tag-guillotinas-de-papel-electricas","11":"product_tag-guillotinas-electricas","12":"product_tag-guillotinas-electricas-de-papel","13":"product_tag-intimus-4540ep","15":"first","16":"instock","17":"shipping-taxable","18":"product-type-simple"},"acf":[],"yoast_head":"<!-- This site is optimized with the Yoast SEO plugin v26.8 - https:\/\/yoast.com\/product\/yoast-seo-wordpress\/ -->\n<title>GUILLOTINA ELECTRICA INTIMUS 4540 EP - Automatica de papel<\/title>\n<meta name=\"description\" content=\"Guillotina INTIMUS 4540 EP. Guillotina Electrica programable de 450 mm ancho de corte. Cuchillas &amp; cuadradillos. Servicio t\u00e9cnico. \u00a1Solicite precio!\" \/>\n<meta name=\"robots\" content=\"index, follow, max-snippet:-1, max-image-preview:large, max-video-preview:-1\" \/>\n<link rel=\"canonical\" href=\"https:\/\/neodal.multimarketing.dev\/ca\/producte\/intimus-4540ep-2\/\" \/>\n<meta property=\"og:locale\" content=\"ca_ES\" \/>\n<meta property=\"og:type\" content=\"article\" \/>\n<meta property=\"og:title\" content=\"GUILLOTINA ELECTRICA INTIMUS 4540 EP - Automatica de papel\" \/>\n<meta property=\"og:description\" content=\"Guillotina INTIMUS 4540 EP. Guillotina Electrica programable de 450 mm ancho de corte. Cuchillas &amp; cuadradillos. Servicio t\u00e9cnico. \u00a1Solicite precio!\" \/>\n<meta property=\"og:url\" content=\"https:\/\/neodal.multimarketing.dev\/ca\/producte\/intimus-4540ep-2\/\" \/>\n<meta property=\"og:site_name\" content=\"neodal\" \/>\n<meta property=\"og:image\" content=\"https:\/\/neodal.multimarketing.dev\/wp-content\/uploads\/2018\/11\/2668-66e-Guillotina-intimus-4540-EP.jpg\" \/>\n\t<meta property=\"og:image:width\" content=\"500\" \/>\n\t<meta property=\"og:image:height\" content=\"500\" \/>\n\t<meta property=\"og:image:type\" content=\"image\/jpeg\" \/>\n<meta name=\"twitter:card\" content=\"summary_large_image\" \/>\n<meta name=\"twitter:label1\" content=\"Temps estimat de lectura\" \/>\n\t<meta name=\"twitter:data1\" content=\"1 minut\" \/>\n<script type=\"application\/ld+json\" class=\"yoast-schema-graph\">{\"@context\":\"https:\/\/schema.org\",\"@graph\":[{\"@type\":\"WebPage\",\"@id\":\"https:\/\/neodal.multimarketing.dev\/ca\/producte\/intimus-4540ep-2\/\",\"url\":\"https:\/\/neodal.multimarketing.dev\/ca\/producte\/intimus-4540ep-2\/\",\"name\":\"GUILLOTINA ELECTRICA INTIMUS 4540 EP - Automatica de papel\",\"isPartOf\":{\"@id\":\"https:\/\/neodal.multimarketing.dev\/ca\/#website\"},\"primaryImageOfPage\":{\"@id\":\"https:\/\/neodal.multimarketing.dev\/ca\/producte\/intimus-4540ep-2\/#primaryimage\"},\"image\":{\"@id\":\"https:\/\/neodal.multimarketing.dev\/ca\/producte\/intimus-4540ep-2\/#primaryimage\"},\"thumbnailUrl\":\"https:\/\/neodal.multimarketing.dev\/wp-content\/uploads\/2018\/11\/2668-66e-Guillotina-intimus-4540-EP.jpg\",\"datePublished\":\"2018-11-13T12:56:19+00:00\",\"description\":\"Guillotina INTIMUS 4540 EP. Guillotina Electrica programable de 450 mm ancho de corte. Cuchillas & cuadradillos. Servicio t\u00e9cnico. \u00a1Solicite precio!\",\"breadcrumb\":{\"@id\":\"https:\/\/neodal.multimarketing.dev\/ca\/producte\/intimus-4540ep-2\/#breadcrumb\"},\"inLanguage\":\"ca\",\"potentialAction\":[{\"@type\":\"ReadAction\",\"target\":[\"https:\/\/neodal.multimarketing.dev\/ca\/producte\/intimus-4540ep-2\/\"]}]},{\"@type\":\"ImageObject\",\"inLanguage\":\"ca\",\"@id\":\"https:\/\/neodal.multimarketing.dev\/ca\/producte\/intimus-4540ep-2\/#primaryimage\",\"url\":\"https:\/\/neodal.multimarketing.dev\/wp-content\/uploads\/2018\/11\/2668-66e-Guillotina-intimus-4540-EP.jpg\",\"contentUrl\":\"https:\/\/neodal.multimarketing.dev\/wp-content\/uploads\/2018\/11\/2668-66e-Guillotina-intimus-4540-EP.jpg\",\"width\":500,\"height\":500,\"caption\":\"Guillotina intimus 4540 EP\"},{\"@type\":\"BreadcrumbList\",\"@id\":\"https:\/\/neodal.multimarketing.dev\/ca\/producte\/intimus-4540ep-2\/#breadcrumb\",\"itemListElement\":[{\"@type\":\"ListItem\",\"position\":1,\"name\":\"Portada\",\"item\":\"https:\/\/neodal.multimarketing.dev\/ca\/\"},{\"@type\":\"ListItem\",\"position\":2,\"name\":\"Productos\",\"item\":\"https:\/\/neodal.multimarketing.dev\/productos\/\"},{\"@type\":\"ListItem\",\"position\":3,\"name\":\"GUILLOTINA INTIMUS 4540 EP\"}]},{\"@type\":\"WebSite\",\"@id\":\"https:\/\/neodal.multimarketing.dev\/ca\/#website\",\"url\":\"https:\/\/neodal.multimarketing.dev\/ca\/\",\"name\":\"neodal\",\"description\":\"\",\"publisher\":{\"@id\":\"https:\/\/neodal.multimarketing.dev\/ca\/#organization\"},\"potentialAction\":[{\"@type\":\"SearchAction\",\"target\":{\"@type\":\"EntryPoint\",\"urlTemplate\":\"https:\/\/neodal.multimarketing.dev\/ca\/?s={search_term_string}\"},\"query-input\":{\"@type\":\"PropertyValueSpecification\",\"valueRequired\":true,\"valueName\":\"search_term_string\"}}],\"inLanguage\":\"ca\"},{\"@type\":\"Organization\",\"@id\":\"https:\/\/neodal.multimarketing.dev\/ca\/#organization\",\"name\":\"neodal\",\"url\":\"https:\/\/neodal.multimarketing.dev\/ca\/\",\"logo\":{\"@type\":\"ImageObject\",\"inLanguage\":\"ca\",\"@id\":\"https:\/\/neodal.multimarketing.dev\/ca\/#\/schema\/logo\/image\/\",\"url\":\"https:\/\/neodal.multimarketing.dev\/wp-content\/uploads\/2025\/12\/neodal-logo.jpeg\",\"contentUrl\":\"https:\/\/neodal.multimarketing.dev\/wp-content\/uploads\/2025\/12\/neodal-logo.jpeg\",\"width\":359,\"height\":87,\"caption\":\"neodal\"},\"image\":{\"@id\":\"https:\/\/neodal.multimarketing.dev\/ca\/#\/schema\/logo\/image\/\"}}]}<\/script>\n<!-- \/ Yoast SEO plugin. -->","yoast_head_json":{"title":"GUILLOTINA ELECTRICA INTIMUS 4540 EP - Automatica de papel","description":"Guillotina INTIMUS 4540 EP. Guillotina Electrica programable de 450 mm ancho de corte. Cuchillas & cuadradillos. Servicio t\u00e9cnico. \u00a1Solicite precio!","robots":{"index":"index","follow":"follow","max-snippet":"max-snippet:-1","max-image-preview":"max-image-preview:large","max-video-preview":"max-video-preview:-1"},"canonical":"https:\/\/neodal.multimarketing.dev\/ca\/producte\/intimus-4540ep-2\/","og_locale":"ca_ES","og_type":"article","og_title":"GUILLOTINA ELECTRICA INTIMUS 4540 EP - Automatica de papel","og_description":"Guillotina INTIMUS 4540 EP. Guillotina Electrica programable de 450 mm ancho de corte. Cuchillas & cuadradillos. Servicio t\u00e9cnico. \u00a1Solicite precio!","og_url":"https:\/\/neodal.multimarketing.dev\/ca\/producte\/intimus-4540ep-2\/","og_site_name":"neodal","og_image":[{"width":500,"height":500,"url":"https:\/\/neodal.multimarketing.dev\/wp-content\/uploads\/2018\/11\/2668-66e-Guillotina-intimus-4540-EP.jpg","type":"image\/jpeg"}],"twitter_card":"summary_large_image","twitter_misc":{"Temps estimat de lectura":"1 minut"},"schema":{"@context":"https:\/\/schema.org","@graph":[{"@type":"WebPage","@id":"https:\/\/neodal.multimarketing.dev\/ca\/producte\/intimus-4540ep-2\/","url":"https:\/\/neodal.multimarketing.dev\/ca\/producte\/intimus-4540ep-2\/","name":"GUILLOTINA ELECTRICA INTIMUS 4540 EP - Automatica de papel","isPartOf":{"@id":"https:\/\/neodal.multimarketing.dev\/ca\/#website"},"primaryImageOfPage":{"@id":"https:\/\/neodal.multimarketing.dev\/ca\/producte\/intimus-4540ep-2\/#primaryimage"},"image":{"@id":"https:\/\/neodal.multimarketing.dev\/ca\/producte\/intimus-4540ep-2\/#primaryimage"},"thumbnailUrl":"https:\/\/neodal.multimarketing.dev\/wp-content\/uploads\/2018\/11\/2668-66e-Guillotina-intimus-4540-EP.jpg","datePublished":"2018-11-13T12:56:19+00:00","description":"Guillotina INTIMUS 4540 EP. Guillotina Electrica programable de 450 mm ancho de corte. Cuchillas & cuadradillos. Servicio t\u00e9cnico. \u00a1Solicite precio!","breadcrumb":{"@id":"https:\/\/neodal.multimarketing.dev\/ca\/producte\/intimus-4540ep-2\/#breadcrumb"},"inLanguage":"ca","potentialAction":[{"@type":"ReadAction","target":["https:\/\/neodal.multimarketing.dev\/ca\/producte\/intimus-4540ep-2\/"]}]},{"@type":"ImageObject","inLanguage":"ca","@id":"https:\/\/neodal.multimarketing.dev\/ca\/producte\/intimus-4540ep-2\/#primaryimage","url":"https:\/\/neodal.multimarketing.dev\/wp-content\/uploads\/2018\/11\/2668-66e-Guillotina-intimus-4540-EP.jpg","contentUrl":"https:\/\/neodal.multimarketing.dev\/wp-content\/uploads\/2018\/11\/2668-66e-Guillotina-intimus-4540-EP.jpg","width":500,"height":500,"caption":"Guillotina intimus 4540 EP"},{"@type":"BreadcrumbList","@id":"https:\/\/neodal.multimarketing.dev\/ca\/producte\/intimus-4540ep-2\/#breadcrumb","itemListElement":[{"@type":"ListItem","position":1,"name":"Portada","item":"https:\/\/neodal.multimarketing.dev\/ca\/"},{"@type":"ListItem","position":2,"name":"Productos","item":"https:\/\/neodal.multimarketing.dev\/productos\/"},{"@type":"ListItem","position":3,"name":"GUILLOTINA INTIMUS 4540 EP"}]},{"@type":"WebSite","@id":"https:\/\/neodal.multimarketing.dev\/ca\/#website","url":"https:\/\/neodal.multimarketing.dev\/ca\/","name":"neodal","description":"","publisher":{"@id":"https:\/\/neodal.multimarketing.dev\/ca\/#organization"},"potentialAction":[{"@type":"SearchAction","target":{"@type":"EntryPoint","urlTemplate":"https:\/\/neodal.multimarketing.dev\/ca\/?s={search_term_string}"},"query-input":{"@type":"PropertyValueSpecification","valueRequired":true,"valueName":"search_term_string"}}],"inLanguage":"ca"},{"@type":"Organization","@id":"https:\/\/neodal.multimarketing.dev\/ca\/#organization","name":"neodal","url":"https:\/\/neodal.multimarketing.dev\/ca\/","logo":{"@type":"ImageObject","inLanguage":"ca","@id":"https:\/\/neodal.multimarketing.dev\/ca\/#\/schema\/logo\/image\/","url":"https:\/\/neodal.multimarketing.dev\/wp-content\/uploads\/2025\/12\/neodal-logo.jpeg","contentUrl":"https:\/\/neodal.multimarketing.dev\/wp-content\/uploads\/2025\/12\/neodal-logo.jpeg","width":359,"height":87,"caption":"neodal"},"image":{"@id":"https:\/\/neodal.multimarketing.dev\/ca\/#\/schema\/logo\/image\/"}}]}},"_links":{"self":[{"href":"https:\/\/neodal.multimarketing.dev\/ca\/wp-json\/wp\/v2\/product\/3622","targetHints":{"allow":["GET"]}}],"collection":[{"href":"https:\/\/neodal.multimarketing.dev\/ca\/wp-json\/wp\/v2\/product"}],"about":[{"href":"https:\/\/neodal.multimarketing.dev\/ca\/wp-json\/wp\/v2\/types\/product"}],"replies":[{"embeddable":true,"href":"https:\/\/neodal.multimarketing.dev\/ca\/wp-json\/wp\/v2\/comments?post=3622"}],"wp:featuredmedia":[{"embeddable":true,"href":"https:\/\/neodal.multimarketing.dev\/ca\/wp-json\/wp\/v2\/media\/3612"}],"wp:attachment":[{"href":"https:\/\/neodal.multimarketing.dev\/ca\/wp-json\/wp\/v2\/media?parent=3622"}],"wp:term":[{"taxonomy":"product_brand","embeddable":true,"href":"https:\/\/neodal.multimarketing.dev\/ca\/wp-json\/wp\/v2\/product_brand?post=3622"},{"taxonomy":"product_cat","embeddable":true,"href":"https:\/\/neodal.multimarketing.dev\/ca\/wp-json\/wp\/v2\/product_cat?post=3622"},{"taxonomy":"product_tag","embeddable":true,"href":"https:\/\/neodal.multimarketing.dev\/ca\/wp-json\/wp\/v2\/product_tag?post=3622"}],"curies":[{"name":"wp","href":"https:\/\/api.w.org\/{rel}","templated":true}]}}