{"id":3587,"date":"2018-11-13T11:21:51","date_gmt":"2018-11-13T11:21:51","guid":{"rendered":"http:\/\/neodal.local\/product\/cizalla-de-rodillo-intimus-960-2\/"},"modified":"2018-11-13T11:21:51","modified_gmt":"2018-11-13T11:21:51","slug":"cizalla-de-rodillo-intimus-960-2","status":"publish","type":"product","link":"https:\/\/neodal.multimarketing.dev\/ca\/producte\/cizalla-de-rodillo-intimus-960-2\/","title":{"rendered":"CIZALLA DE RODILLO INTIMUS 960"},"content":{"rendered":"<h2><span style=\"font-family: 'Roboto Condensed';\">Cizalla de rodillo INTIMUS 960. Caracter\u00edsticas:<\/span><\/h2>\n<ul>\n<li>Base de construcci\u00f3n met\u00e1lica con m\u00e1rgenes en platico reforzado.<\/li>\n<li>Cabezal de corte de seguridad ergon\u00f3mico con cuchilla de acero endurecido.<\/li>\n<li>Pis\u00f3n de sujeci\u00f3n transparente y autom\u00e1tico.<\/li>\n<li>Pintura en polvo anti ara\u00f1azos.<\/li>\n<li>Escuadra extensible con escala en mil\u00edmetros y pulgadas.<\/li>\n<li>Indicaciones de alineaci\u00f3n en la barra de sujeci\u00f3n de corte para cortes angulares precisos.<\/li>\n<li>Regla en cm y pulgadas de medida en la mesa de corte.<\/li>\n<li>Construcci\u00f3n s\u00f3lida y resistente a golpes.<\/li>\n<li>Ancho de corte A1+.<\/li>\n<li>Capacidad de corte 7\/5hojas.<\/li>\n<li>Dimensiones 960 (An x Pr x Al): 1.145 x 200 x 70 mm.<\/li>\n<li>Peso: 5.3 kg<\/li>\n<li>Mesa Opcional<\/li>\n<\/ul>\n","protected":false},"excerpt":{"rendered":"<p>Cizalla de rodillo INTIMUS 960. Caracter\u00edsticas: Base de construcci\u00f3n met\u00e1lica con m\u00e1rgenes en platico reforzado. Cabezal de corte de seguridad ergon\u00f3mico con cuchilla de acero endurecido. Pis\u00f3n de sujeci\u00f3n transparente y autom\u00e1tico. Pintura en polvo anti ara\u00f1azos. Escuadra extensible con escala en mil\u00edmetros y pulgadas. Indicaciones de alineaci\u00f3n en la barra de sujeci\u00f3n de corte [&hellip;]<\/p>\n","protected":false},"featured_media":3583,"comment_status":"open","ping_status":"closed","template":"","meta":{"_acf_changed":false,"content-type":""},"product_brand":[],"product_cat":[843,951],"product_tag":[1226,1225,1133,1231,1224],"class_list":{"0":"post-3587","1":"product","2":"type-product","3":"status-publish","4":"has-post-thumbnail","6":"product_cat-cizallas-de-paper","7":"product_cat-cizallas-de-rodillo-ca","8":"product_tag-ensobradora-de-bajo-volumen-para","9":"product_tag-ensobradoras-automaticas","10":"product_tag-guillotinas-electricas-de-papel","11":"product_tag-laminadora-automatica","12":"product_tag-quadient-neopost-ds40i","14":"first","15":"instock","16":"shipping-taxable","17":"product-type-simple"},"acf":[],"yoast_head":"<!-- This site is optimized with the Yoast SEO plugin v26.8 - https:\/\/yoast.com\/product\/yoast-seo-wordpress\/ -->\n<title>CIZALLA DE RODILLO INTIMUS 960 - Cizalla de papel Manual<\/title>\n<meta name=\"description\" content=\"Cizalla de papel manual INTIMUS 960. Robustas cizallas de rodillo de 960 mm. para cortar fotos, planos, papel, laminas DIN A3, A2... \u00a1Entre y solicite...\" \/>\n<meta name=\"robots\" content=\"index, follow, max-snippet:-1, max-image-preview:large, max-video-preview:-1\" \/>\n<link rel=\"canonical\" href=\"https:\/\/neodal.multimarketing.dev\/ca\/producte\/cizalla-de-rodillo-intimus-960-2\/\" \/>\n<meta property=\"og:locale\" content=\"ca_ES\" \/>\n<meta property=\"og:type\" content=\"article\" \/>\n<meta property=\"og:title\" content=\"CIZALLA DE RODILLO INTIMUS 960 - Cizalla de papel Manual\" \/>\n<meta property=\"og:description\" content=\"Cizalla de papel manual INTIMUS 960. Robustas cizallas de rodillo de 960 mm. para cortar fotos, planos, papel, laminas DIN A3, A2... \u00a1Entre y solicite...\" \/>\n<meta property=\"og:url\" content=\"https:\/\/neodal.multimarketing.dev\/ca\/producte\/cizalla-de-rodillo-intimus-960-2\/\" \/>\n<meta property=\"og:site_name\" content=\"neodal\" \/>\n<meta property=\"og:image\" content=\"https:\/\/neodal.multimarketing.dev\/wp-content\/uploads\/2018\/11\/2432-85e-CIZALLA-DE-RODILLO-INTIMUS-960.jpg\" \/>\n\t<meta property=\"og:image:width\" content=\"500\" \/>\n\t<meta property=\"og:image:height\" content=\"500\" \/>\n\t<meta property=\"og:image:type\" content=\"image\/jpeg\" \/>\n<meta name=\"twitter:card\" content=\"summary_large_image\" \/>\n<meta name=\"twitter:label1\" content=\"Temps estimat de lectura\" \/>\n\t<meta name=\"twitter:data1\" content=\"1 minut\" \/>\n<script type=\"application\/ld+json\" class=\"yoast-schema-graph\">{\"@context\":\"https:\/\/schema.org\",\"@graph\":[{\"@type\":\"WebPage\",\"@id\":\"https:\/\/neodal.multimarketing.dev\/ca\/producte\/cizalla-de-rodillo-intimus-960-2\/\",\"url\":\"https:\/\/neodal.multimarketing.dev\/ca\/producte\/cizalla-de-rodillo-intimus-960-2\/\",\"name\":\"CIZALLA DE RODILLO INTIMUS 960 - Cizalla de papel Manual\",\"isPartOf\":{\"@id\":\"https:\/\/neodal.multimarketing.dev\/ca\/#website\"},\"primaryImageOfPage\":{\"@id\":\"https:\/\/neodal.multimarketing.dev\/ca\/producte\/cizalla-de-rodillo-intimus-960-2\/#primaryimage\"},\"image\":{\"@id\":\"https:\/\/neodal.multimarketing.dev\/ca\/producte\/cizalla-de-rodillo-intimus-960-2\/#primaryimage\"},\"thumbnailUrl\":\"https:\/\/neodal.multimarketing.dev\/wp-content\/uploads\/2018\/11\/2432-85e-CIZALLA-DE-RODILLO-INTIMUS-960.jpg\",\"datePublished\":\"2018-11-13T11:21:51+00:00\",\"description\":\"Cizalla de papel manual INTIMUS 960. Robustas cizallas de rodillo de 960 mm. para cortar fotos, planos, papel, laminas DIN A3, A2... \u00a1Entre y solicite...\",\"breadcrumb\":{\"@id\":\"https:\/\/neodal.multimarketing.dev\/ca\/producte\/cizalla-de-rodillo-intimus-960-2\/#breadcrumb\"},\"inLanguage\":\"ca\",\"potentialAction\":[{\"@type\":\"ReadAction\",\"target\":[\"https:\/\/neodal.multimarketing.dev\/ca\/producte\/cizalla-de-rodillo-intimus-960-2\/\"]}]},{\"@type\":\"ImageObject\",\"inLanguage\":\"ca\",\"@id\":\"https:\/\/neodal.multimarketing.dev\/ca\/producte\/cizalla-de-rodillo-intimus-960-2\/#primaryimage\",\"url\":\"https:\/\/neodal.multimarketing.dev\/wp-content\/uploads\/2018\/11\/2432-85e-CIZALLA-DE-RODILLO-INTIMUS-960.jpg\",\"contentUrl\":\"https:\/\/neodal.multimarketing.dev\/wp-content\/uploads\/2018\/11\/2432-85e-CIZALLA-DE-RODILLO-INTIMUS-960.jpg\",\"width\":500,\"height\":500,\"caption\":\"CIZALLA DE RODILLO INTIMUS 960\"},{\"@type\":\"BreadcrumbList\",\"@id\":\"https:\/\/neodal.multimarketing.dev\/ca\/producte\/cizalla-de-rodillo-intimus-960-2\/#breadcrumb\",\"itemListElement\":[{\"@type\":\"ListItem\",\"position\":1,\"name\":\"Portada\",\"item\":\"https:\/\/neodal.multimarketing.dev\/ca\/\"},{\"@type\":\"ListItem\",\"position\":2,\"name\":\"Productos\",\"item\":\"https:\/\/neodal.multimarketing.dev\/productos\/\"},{\"@type\":\"ListItem\",\"position\":3,\"name\":\"CIZALLA DE RODILLO INTIMUS 960\"}]},{\"@type\":\"WebSite\",\"@id\":\"https:\/\/neodal.multimarketing.dev\/ca\/#website\",\"url\":\"https:\/\/neodal.multimarketing.dev\/ca\/\",\"name\":\"neodal\",\"description\":\"\",\"publisher\":{\"@id\":\"https:\/\/neodal.multimarketing.dev\/ca\/#organization\"},\"potentialAction\":[{\"@type\":\"SearchAction\",\"target\":{\"@type\":\"EntryPoint\",\"urlTemplate\":\"https:\/\/neodal.multimarketing.dev\/ca\/?s={search_term_string}\"},\"query-input\":{\"@type\":\"PropertyValueSpecification\",\"valueRequired\":true,\"valueName\":\"search_term_string\"}}],\"inLanguage\":\"ca\"},{\"@type\":\"Organization\",\"@id\":\"https:\/\/neodal.multimarketing.dev\/ca\/#organization\",\"name\":\"neodal\",\"url\":\"https:\/\/neodal.multimarketing.dev\/ca\/\",\"logo\":{\"@type\":\"ImageObject\",\"inLanguage\":\"ca\",\"@id\":\"https:\/\/neodal.multimarketing.dev\/ca\/#\/schema\/logo\/image\/\",\"url\":\"https:\/\/neodal.multimarketing.dev\/wp-content\/uploads\/2025\/12\/neodal-logo.jpeg\",\"contentUrl\":\"https:\/\/neodal.multimarketing.dev\/wp-content\/uploads\/2025\/12\/neodal-logo.jpeg\",\"width\":359,\"height\":87,\"caption\":\"neodal\"},\"image\":{\"@id\":\"https:\/\/neodal.multimarketing.dev\/ca\/#\/schema\/logo\/image\/\"}}]}<\/script>\n<!-- \/ Yoast SEO plugin. -->","yoast_head_json":{"title":"CIZALLA DE RODILLO INTIMUS 960 - Cizalla de papel Manual","description":"Cizalla de papel manual INTIMUS 960. Robustas cizallas de rodillo de 960 mm. para cortar fotos, planos, papel, laminas DIN A3, A2... \u00a1Entre y solicite...","robots":{"index":"index","follow":"follow","max-snippet":"max-snippet:-1","max-image-preview":"max-image-preview:large","max-video-preview":"max-video-preview:-1"},"canonical":"https:\/\/neodal.multimarketing.dev\/ca\/producte\/cizalla-de-rodillo-intimus-960-2\/","og_locale":"ca_ES","og_type":"article","og_title":"CIZALLA DE RODILLO INTIMUS 960 - Cizalla de papel Manual","og_description":"Cizalla de papel manual INTIMUS 960. Robustas cizallas de rodillo de 960 mm. para cortar fotos, planos, papel, laminas DIN A3, A2... \u00a1Entre y solicite...","og_url":"https:\/\/neodal.multimarketing.dev\/ca\/producte\/cizalla-de-rodillo-intimus-960-2\/","og_site_name":"neodal","og_image":[{"width":500,"height":500,"url":"https:\/\/neodal.multimarketing.dev\/wp-content\/uploads\/2018\/11\/2432-85e-CIZALLA-DE-RODILLO-INTIMUS-960.jpg","type":"image\/jpeg"}],"twitter_card":"summary_large_image","twitter_misc":{"Temps estimat de lectura":"1 minut"},"schema":{"@context":"https:\/\/schema.org","@graph":[{"@type":"WebPage","@id":"https:\/\/neodal.multimarketing.dev\/ca\/producte\/cizalla-de-rodillo-intimus-960-2\/","url":"https:\/\/neodal.multimarketing.dev\/ca\/producte\/cizalla-de-rodillo-intimus-960-2\/","name":"CIZALLA DE RODILLO INTIMUS 960 - Cizalla de papel Manual","isPartOf":{"@id":"https:\/\/neodal.multimarketing.dev\/ca\/#website"},"primaryImageOfPage":{"@id":"https:\/\/neodal.multimarketing.dev\/ca\/producte\/cizalla-de-rodillo-intimus-960-2\/#primaryimage"},"image":{"@id":"https:\/\/neodal.multimarketing.dev\/ca\/producte\/cizalla-de-rodillo-intimus-960-2\/#primaryimage"},"thumbnailUrl":"https:\/\/neodal.multimarketing.dev\/wp-content\/uploads\/2018\/11\/2432-85e-CIZALLA-DE-RODILLO-INTIMUS-960.jpg","datePublished":"2018-11-13T11:21:51+00:00","description":"Cizalla de papel manual INTIMUS 960. Robustas cizallas de rodillo de 960 mm. para cortar fotos, planos, papel, laminas DIN A3, A2... \u00a1Entre y solicite...","breadcrumb":{"@id":"https:\/\/neodal.multimarketing.dev\/ca\/producte\/cizalla-de-rodillo-intimus-960-2\/#breadcrumb"},"inLanguage":"ca","potentialAction":[{"@type":"ReadAction","target":["https:\/\/neodal.multimarketing.dev\/ca\/producte\/cizalla-de-rodillo-intimus-960-2\/"]}]},{"@type":"ImageObject","inLanguage":"ca","@id":"https:\/\/neodal.multimarketing.dev\/ca\/producte\/cizalla-de-rodillo-intimus-960-2\/#primaryimage","url":"https:\/\/neodal.multimarketing.dev\/wp-content\/uploads\/2018\/11\/2432-85e-CIZALLA-DE-RODILLO-INTIMUS-960.jpg","contentUrl":"https:\/\/neodal.multimarketing.dev\/wp-content\/uploads\/2018\/11\/2432-85e-CIZALLA-DE-RODILLO-INTIMUS-960.jpg","width":500,"height":500,"caption":"CIZALLA DE RODILLO INTIMUS 960"},{"@type":"BreadcrumbList","@id":"https:\/\/neodal.multimarketing.dev\/ca\/producte\/cizalla-de-rodillo-intimus-960-2\/#breadcrumb","itemListElement":[{"@type":"ListItem","position":1,"name":"Portada","item":"https:\/\/neodal.multimarketing.dev\/ca\/"},{"@type":"ListItem","position":2,"name":"Productos","item":"https:\/\/neodal.multimarketing.dev\/productos\/"},{"@type":"ListItem","position":3,"name":"CIZALLA DE RODILLO INTIMUS 960"}]},{"@type":"WebSite","@id":"https:\/\/neodal.multimarketing.dev\/ca\/#website","url":"https:\/\/neodal.multimarketing.dev\/ca\/","name":"neodal","description":"","publisher":{"@id":"https:\/\/neodal.multimarketing.dev\/ca\/#organization"},"potentialAction":[{"@type":"SearchAction","target":{"@type":"EntryPoint","urlTemplate":"https:\/\/neodal.multimarketing.dev\/ca\/?s={search_term_string}"},"query-input":{"@type":"PropertyValueSpecification","valueRequired":true,"valueName":"search_term_string"}}],"inLanguage":"ca"},{"@type":"Organization","@id":"https:\/\/neodal.multimarketing.dev\/ca\/#organization","name":"neodal","url":"https:\/\/neodal.multimarketing.dev\/ca\/","logo":{"@type":"ImageObject","inLanguage":"ca","@id":"https:\/\/neodal.multimarketing.dev\/ca\/#\/schema\/logo\/image\/","url":"https:\/\/neodal.multimarketing.dev\/wp-content\/uploads\/2025\/12\/neodal-logo.jpeg","contentUrl":"https:\/\/neodal.multimarketing.dev\/wp-content\/uploads\/2025\/12\/neodal-logo.jpeg","width":359,"height":87,"caption":"neodal"},"image":{"@id":"https:\/\/neodal.multimarketing.dev\/ca\/#\/schema\/logo\/image\/"}}]}},"_links":{"self":[{"href":"https:\/\/neodal.multimarketing.dev\/ca\/wp-json\/wp\/v2\/product\/3587","targetHints":{"allow":["GET"]}}],"collection":[{"href":"https:\/\/neodal.multimarketing.dev\/ca\/wp-json\/wp\/v2\/product"}],"about":[{"href":"https:\/\/neodal.multimarketing.dev\/ca\/wp-json\/wp\/v2\/types\/product"}],"replies":[{"embeddable":true,"href":"https:\/\/neodal.multimarketing.dev\/ca\/wp-json\/wp\/v2\/comments?post=3587"}],"wp:featuredmedia":[{"embeddable":true,"href":"https:\/\/neodal.multimarketing.dev\/ca\/wp-json\/wp\/v2\/media\/3583"}],"wp:attachment":[{"href":"https:\/\/neodal.multimarketing.dev\/ca\/wp-json\/wp\/v2\/media?parent=3587"}],"wp:term":[{"taxonomy":"product_brand","embeddable":true,"href":"https:\/\/neodal.multimarketing.dev\/ca\/wp-json\/wp\/v2\/product_brand?post=3587"},{"taxonomy":"product_cat","embeddable":true,"href":"https:\/\/neodal.multimarketing.dev\/ca\/wp-json\/wp\/v2\/product_cat?post=3587"},{"taxonomy":"product_tag","embeddable":true,"href":"https:\/\/neodal.multimarketing.dev\/ca\/wp-json\/wp\/v2\/product_tag?post=3587"}],"curies":[{"name":"wp","href":"https:\/\/api.w.org\/{rel}","templated":true}]}}