{"id":3522,"date":"2018-10-19T12:52:11","date_gmt":"2018-10-19T12:52:11","guid":{"rendered":"http:\/\/neodal.local\/product\/desintegradora-intimus-dis-150-230-2\/"},"modified":"2018-10-19T12:52:11","modified_gmt":"2018-10-19T12:52:11","slug":"desintegradora-intimus-dis-150-230-2","status":"publish","type":"product","link":"https:\/\/neodal.multimarketing.dev\/ca\/producte\/desintegradora-intimus-dis-150-230-2\/","title":{"rendered":"DESINTEGRADORA INTIMUS DIS 150-230"},"content":{"rendered":"<h3>DESINTEGRADORA INTIMUS DIS 150-230<\/h3>\n<p>\u00b7 Nivel de seguridad determinable a partir del di\u00e1metro de la pantalla perforada. Niveles DIN 3 a 7.<\/p>\n<p>\u00b7 Panel de mandos claramente ordenado.<\/p>\n<p>\u00b7 S\u00f3lida estructura de acero con alimentaci\u00f3n desde la tolva.<\/p>\n<p>\u00b7 Abertura de alimentaci\u00f3n de 230 mm; adecuada para todos los formatos inform\u00e1ticos est\u00e1ndar y formato DIN A4.<\/p>\n<p>\u00b7 Larga vida \u00fatil: Las cuchillas pueden volver a afilarse varias veces.<\/p>\n<p>\u00b7 F\u00e1cil mantenimiento con acceso a la c\u00e1mara de triturado.<\/p>\n","protected":false},"excerpt":{"rendered":"<h2>DESINTEGRADORA DE PAPEL Y MEDIOS OPTICOS<\/h2>\n<p>Los desintegradores responden a la actual tendencia de imponer requisitos de seguridad cada vez mayores y la demanda de m\u00e1xima seguridad. Los\u00a0<strong>desintegradores INTIMUS<\/strong>\u00a0son la herramienta perfecta para la destrucci\u00f3n fiable y econ\u00f3mica de toda clase de papel y pl\u00e1stico, medios magn\u00e9ticos o discos flexibles, y medios \u00f3pticos como CDs o DVDs.<\/p>\n","protected":false},"featured_media":0,"comment_status":"open","ping_status":"closed","template":"","meta":{"_acf_changed":false,"content-type":""},"product_brand":[],"product_cat":[841,985],"product_tag":[1200,1133,1215,1214,1216],"class_list":{"0":"post-3522","1":"product","2":"type-product","3":"status-publish","5":"product_cat-destructoras-de-paper","6":"product_cat-destructoras-desintegradors","7":"product_tag-encuadernadoras","8":"product_tag-guillotinas-electricas-de-papel","9":"product_tag-matrix-dh40-duo","10":"product_tag-matrix-neodal-dh460duo","11":"product_tag-neodal-quadient","13":"first","14":"instock","15":"shipping-taxable","16":"product-type-simple"},"acf":[],"yoast_head":"<!-- This site is optimized with the Yoast SEO plugin v26.8 - https:\/\/yoast.com\/product\/yoast-seo-wordpress\/ -->\n<title>Desintegradora INTIMUS DIS 150-230<\/title>\n<meta name=\"description\" content=\"Desintegradora INTIMUS DIS 150-230. Destrucci\u00f3 fiable i econ\u00f2mica de paper, pl\u00e0stic, mitjans \u00f2ptics... Estructura d&#039;acer. Desintegradores INTIMUS.\" \/>\n<meta name=\"robots\" content=\"index, follow, max-snippet:-1, max-image-preview:large, max-video-preview:-1\" \/>\n<link rel=\"canonical\" href=\"https:\/\/neodal.multimarketing.dev\/ca\/producte\/desintegradora-intimus-dis-150-230-2\/\" \/>\n<meta property=\"og:locale\" content=\"ca_ES\" \/>\n<meta property=\"og:type\" content=\"article\" \/>\n<meta property=\"og:title\" content=\"Desintegradora INTIMUS DIS 150-230\" \/>\n<meta property=\"og:description\" content=\"Desintegradora INTIMUS DIS 150-230. Destrucci\u00f3 fiable i econ\u00f2mica de paper, pl\u00e0stic, mitjans \u00f2ptics... Estructura d&#039;acer. Desintegradores INTIMUS.\" \/>\n<meta property=\"og:url\" content=\"https:\/\/neodal.multimarketing.dev\/ca\/producte\/desintegradora-intimus-dis-150-230-2\/\" \/>\n<meta property=\"og:site_name\" content=\"neodal\" \/>\n<meta name=\"twitter:card\" content=\"summary_large_image\" \/>\n<script type=\"application\/ld+json\" class=\"yoast-schema-graph\">{\"@context\":\"https:\/\/schema.org\",\"@graph\":[{\"@type\":\"WebPage\",\"@id\":\"https:\/\/neodal.multimarketing.dev\/ca\/producte\/desintegradora-intimus-dis-150-230-2\/\",\"url\":\"https:\/\/neodal.multimarketing.dev\/ca\/producte\/desintegradora-intimus-dis-150-230-2\/\",\"name\":\"Desintegradora INTIMUS DIS 150-230\",\"isPartOf\":{\"@id\":\"https:\/\/neodal.multimarketing.dev\/ca\/#website\"},\"datePublished\":\"2018-10-19T12:52:11+00:00\",\"description\":\"Desintegradora INTIMUS DIS 150-230. Destrucci\u00f3 fiable i econ\u00f2mica de paper, pl\u00e0stic, mitjans \u00f2ptics... Estructura d'acer. Desintegradores INTIMUS.\",\"breadcrumb\":{\"@id\":\"https:\/\/neodal.multimarketing.dev\/ca\/producte\/desintegradora-intimus-dis-150-230-2\/#breadcrumb\"},\"inLanguage\":\"ca\",\"potentialAction\":[{\"@type\":\"ReadAction\",\"target\":[\"https:\/\/neodal.multimarketing.dev\/ca\/producte\/desintegradora-intimus-dis-150-230-2\/\"]}]},{\"@type\":\"BreadcrumbList\",\"@id\":\"https:\/\/neodal.multimarketing.dev\/ca\/producte\/desintegradora-intimus-dis-150-230-2\/#breadcrumb\",\"itemListElement\":[{\"@type\":\"ListItem\",\"position\":1,\"name\":\"Portada\",\"item\":\"https:\/\/neodal.multimarketing.dev\/ca\/\"},{\"@type\":\"ListItem\",\"position\":2,\"name\":\"Productos\",\"item\":\"https:\/\/neodal.multimarketing.dev\/productos\/\"},{\"@type\":\"ListItem\",\"position\":3,\"name\":\"DESINTEGRADORA INTIMUS DIS 150-230\"}]},{\"@type\":\"WebSite\",\"@id\":\"https:\/\/neodal.multimarketing.dev\/ca\/#website\",\"url\":\"https:\/\/neodal.multimarketing.dev\/ca\/\",\"name\":\"neodal\",\"description\":\"\",\"publisher\":{\"@id\":\"https:\/\/neodal.multimarketing.dev\/ca\/#organization\"},\"potentialAction\":[{\"@type\":\"SearchAction\",\"target\":{\"@type\":\"EntryPoint\",\"urlTemplate\":\"https:\/\/neodal.multimarketing.dev\/ca\/?s={search_term_string}\"},\"query-input\":{\"@type\":\"PropertyValueSpecification\",\"valueRequired\":true,\"valueName\":\"search_term_string\"}}],\"inLanguage\":\"ca\"},{\"@type\":\"Organization\",\"@id\":\"https:\/\/neodal.multimarketing.dev\/ca\/#organization\",\"name\":\"neodal\",\"url\":\"https:\/\/neodal.multimarketing.dev\/ca\/\",\"logo\":{\"@type\":\"ImageObject\",\"inLanguage\":\"ca\",\"@id\":\"https:\/\/neodal.multimarketing.dev\/ca\/#\/schema\/logo\/image\/\",\"url\":\"https:\/\/neodal.multimarketing.dev\/wp-content\/uploads\/2025\/12\/neodal-logo.jpeg\",\"contentUrl\":\"https:\/\/neodal.multimarketing.dev\/wp-content\/uploads\/2025\/12\/neodal-logo.jpeg\",\"width\":359,\"height\":87,\"caption\":\"neodal\"},\"image\":{\"@id\":\"https:\/\/neodal.multimarketing.dev\/ca\/#\/schema\/logo\/image\/\"}}]}<\/script>\n<!-- \/ Yoast SEO plugin. -->","yoast_head_json":{"title":"Desintegradora INTIMUS DIS 150-230","description":"Desintegradora INTIMUS DIS 150-230. Destrucci\u00f3 fiable i econ\u00f2mica de paper, pl\u00e0stic, mitjans \u00f2ptics... Estructura d'acer. Desintegradores INTIMUS.","robots":{"index":"index","follow":"follow","max-snippet":"max-snippet:-1","max-image-preview":"max-image-preview:large","max-video-preview":"max-video-preview:-1"},"canonical":"https:\/\/neodal.multimarketing.dev\/ca\/producte\/desintegradora-intimus-dis-150-230-2\/","og_locale":"ca_ES","og_type":"article","og_title":"Desintegradora INTIMUS DIS 150-230","og_description":"Desintegradora INTIMUS DIS 150-230. Destrucci\u00f3 fiable i econ\u00f2mica de paper, pl\u00e0stic, mitjans \u00f2ptics... Estructura d'acer. Desintegradores INTIMUS.","og_url":"https:\/\/neodal.multimarketing.dev\/ca\/producte\/desintegradora-intimus-dis-150-230-2\/","og_site_name":"neodal","twitter_card":"summary_large_image","schema":{"@context":"https:\/\/schema.org","@graph":[{"@type":"WebPage","@id":"https:\/\/neodal.multimarketing.dev\/ca\/producte\/desintegradora-intimus-dis-150-230-2\/","url":"https:\/\/neodal.multimarketing.dev\/ca\/producte\/desintegradora-intimus-dis-150-230-2\/","name":"Desintegradora INTIMUS DIS 150-230","isPartOf":{"@id":"https:\/\/neodal.multimarketing.dev\/ca\/#website"},"datePublished":"2018-10-19T12:52:11+00:00","description":"Desintegradora INTIMUS DIS 150-230. Destrucci\u00f3 fiable i econ\u00f2mica de paper, pl\u00e0stic, mitjans \u00f2ptics... Estructura d'acer. Desintegradores INTIMUS.","breadcrumb":{"@id":"https:\/\/neodal.multimarketing.dev\/ca\/producte\/desintegradora-intimus-dis-150-230-2\/#breadcrumb"},"inLanguage":"ca","potentialAction":[{"@type":"ReadAction","target":["https:\/\/neodal.multimarketing.dev\/ca\/producte\/desintegradora-intimus-dis-150-230-2\/"]}]},{"@type":"BreadcrumbList","@id":"https:\/\/neodal.multimarketing.dev\/ca\/producte\/desintegradora-intimus-dis-150-230-2\/#breadcrumb","itemListElement":[{"@type":"ListItem","position":1,"name":"Portada","item":"https:\/\/neodal.multimarketing.dev\/ca\/"},{"@type":"ListItem","position":2,"name":"Productos","item":"https:\/\/neodal.multimarketing.dev\/productos\/"},{"@type":"ListItem","position":3,"name":"DESINTEGRADORA INTIMUS DIS 150-230"}]},{"@type":"WebSite","@id":"https:\/\/neodal.multimarketing.dev\/ca\/#website","url":"https:\/\/neodal.multimarketing.dev\/ca\/","name":"neodal","description":"","publisher":{"@id":"https:\/\/neodal.multimarketing.dev\/ca\/#organization"},"potentialAction":[{"@type":"SearchAction","target":{"@type":"EntryPoint","urlTemplate":"https:\/\/neodal.multimarketing.dev\/ca\/?s={search_term_string}"},"query-input":{"@type":"PropertyValueSpecification","valueRequired":true,"valueName":"search_term_string"}}],"inLanguage":"ca"},{"@type":"Organization","@id":"https:\/\/neodal.multimarketing.dev\/ca\/#organization","name":"neodal","url":"https:\/\/neodal.multimarketing.dev\/ca\/","logo":{"@type":"ImageObject","inLanguage":"ca","@id":"https:\/\/neodal.multimarketing.dev\/ca\/#\/schema\/logo\/image\/","url":"https:\/\/neodal.multimarketing.dev\/wp-content\/uploads\/2025\/12\/neodal-logo.jpeg","contentUrl":"https:\/\/neodal.multimarketing.dev\/wp-content\/uploads\/2025\/12\/neodal-logo.jpeg","width":359,"height":87,"caption":"neodal"},"image":{"@id":"https:\/\/neodal.multimarketing.dev\/ca\/#\/schema\/logo\/image\/"}}]}},"_links":{"self":[{"href":"https:\/\/neodal.multimarketing.dev\/ca\/wp-json\/wp\/v2\/product\/3522","targetHints":{"allow":["GET"]}}],"collection":[{"href":"https:\/\/neodal.multimarketing.dev\/ca\/wp-json\/wp\/v2\/product"}],"about":[{"href":"https:\/\/neodal.multimarketing.dev\/ca\/wp-json\/wp\/v2\/types\/product"}],"replies":[{"embeddable":true,"href":"https:\/\/neodal.multimarketing.dev\/ca\/wp-json\/wp\/v2\/comments?post=3522"}],"wp:attachment":[{"href":"https:\/\/neodal.multimarketing.dev\/ca\/wp-json\/wp\/v2\/media?parent=3522"}],"wp:term":[{"taxonomy":"product_brand","embeddable":true,"href":"https:\/\/neodal.multimarketing.dev\/ca\/wp-json\/wp\/v2\/product_brand?post=3522"},{"taxonomy":"product_cat","embeddable":true,"href":"https:\/\/neodal.multimarketing.dev\/ca\/wp-json\/wp\/v2\/product_cat?post=3522"},{"taxonomy":"product_tag","embeddable":true,"href":"https:\/\/neodal.multimarketing.dev\/ca\/wp-json\/wp\/v2\/product_tag?post=3522"}],"curies":[{"name":"wp","href":"https:\/\/api.w.org\/{rel}","templated":true}]}}