{"id":3312,"date":"2018-10-17T11:28:39","date_gmt":"2018-10-17T11:28:39","guid":{"rendered":"http:\/\/neodal.local\/product\/destructora-intimus-100-cp4-2\/"},"modified":"2018-10-17T11:28:39","modified_gmt":"2018-10-17T11:28:39","slug":"destructora-intimus-100-cp4-2","status":"publish","type":"product","link":"https:\/\/neodal.multimarketing.dev\/ca\/producte\/destructora-intimus-100-cp4-2\/","title":{"rendered":"DESTRUCTORA INTIMUS 100 CP4"},"content":{"rendered":"<h3>DESTRUCTORA DE PAPEL INTIMUS 100 CP4 <\/h3>\n<p>\u00b7 Destructora de uso intensivo en oficina<\/p>\n<p>\u00b7 Volumen del <strong>recipiente 100 litros<\/strong>.<\/p>\n<p>\u00b7 Corte cruzado (3,8 X 0,36 MM)<\/p>\n<p>\u00b7 Nivel de<strong> seguridad P4<\/strong><\/p>\n<p>\u00b7 Ancho de trabajo 310 mm. A4 en horizontal.<\/p>\n<p>\u00b7 Potente<strong> motor de 1.000 Kw.<\/strong><\/p>\n<p>\u00b7 Destrucci\u00f3n de hasta 23-25 hojas.<\/p>\n<p>\u00b7 Fotoc\u00e9lula de<strong> inicio y paro autom\u00e1tico.<\/strong><\/p>\n<p>\u00b7 Paro autom\u00e1tico en caso de sobre carga.<\/p>\n<p>\u00b7 Indicadores luminosos dep\u00f3sito lleno, atasco y puerta abierta.<\/p>\n<p>\u00b7 Sistema <strong>ECO &#8211; \u201cECOLOGIC\u201d<\/strong> ahorro de energ\u00eda<\/p>\n<p>\u00b7 Admite grapas, clips, tarjetas de cr\u00e9dito\u2026.<\/p>\n<p>\u00b7 Mueble de madera.<\/p>\n<p>\u00b7\u00a0<strong>Bajo nivel de ruido 59 Db.<\/strong><\/p>\n<p>\u00b7 Velocidad de destrucci\u00f3n 105 mm.\/Sg.<\/p>\n<p>\u00b7\u00a0<b>Garant\u00eda\u00a0cuchillas de corte: 30 a\u00f1os\u00a0<\/b><\/p>\n<p>\u00b7 Dimensiones (An x Pr x Al) 54 x 40 x 90 cm.<\/p>\n<p>\u00b7 Peso: 44 kg. <\/p>\n","protected":false},"excerpt":{"rendered":"<h2 class=\"MsoNormal\">DESTRUCTORA DE PAPEL PARA OFICINA INTIMUS 100 CP4<\/h2>\n<p>La intimus 100 CP4 est\u00e1 dise\u00f1ada para la eliminaci\u00f3n discreta y eficaz de documentos en entornos de oficina. Esta destructora ofrece una trituraci \u00f3n transversal con una precisi \u00f3n de corte de 3,8 x 36 mm, lo que garantiza una destrucci\u00f3n completa de los documentos con un nivel de seguridad P-4. Es vers\u00e1til, ya que tritura sin esfuerzo documentos de papel con grapas y clips, tarjetas de cr\u00e9dito, CD, folios y disquetes.<\/p><\/p>\n","protected":false},"featured_media":3309,"comment_status":"open","ping_status":"closed","template":"","meta":{"_acf_changed":false,"content-type":""},"product_brand":[],"product_cat":[949,841],"product_tag":[1209,1207,1206,1087,1210,1111],"class_list":{"0":"post-3312","1":"product","2":"type-product","3":"status-publish","4":"has-post-thumbnail","6":"product_cat-destructoras-de-oficina-ca","7":"product_cat-destructoras-de-paper","8":"product_tag-destructora-de-documentos","9":"product_tag-destructora-de-oficina","10":"product_tag-destructora-de-papel","11":"product_tag-intimus","12":"product_tag-ley-de-proteccion-de-datos","13":"product_tag-neodal","15":"first","16":"instock","17":"shipping-taxable","18":"product-type-simple"},"acf":[],"yoast_head":"<!-- This site is optimized with the Yoast SEO plugin v26.8 - https:\/\/yoast.com\/product\/yoast-seo-wordpress\/ -->\n<title>Destructora INTIMUS 100 CP4<\/title>\n<meta name=\"robots\" content=\"index, follow, max-snippet:-1, max-image-preview:large, max-video-preview:-1\" \/>\n<link rel=\"canonical\" href=\"https:\/\/neodal.multimarketing.dev\/ca\/producte\/destructora-intimus-100-cp4-2\/\" \/>\n<meta property=\"og:locale\" content=\"ca_ES\" \/>\n<meta property=\"og:type\" content=\"article\" \/>\n<meta property=\"og:title\" content=\"Destructora INTIMUS 100 CP4\" \/>\n<meta property=\"og:description\" content=\"DESTRUCTORA DE PAPEL PARA OFICINA INTIMUS 100 CP4 La intimus 100 CP4 est\u00e1 dise\u00f1ada para la eliminaci\u00f3n discreta y eficaz de documentos en entornos de oficina. Esta destructora ofrece una trituraci \u00f3n transversal con una precisi \u00f3n de corte de 3,8 x 36 mm, lo que garantiza una destrucci\u00f3n completa de los documentos con un nivel de seguridad P-4. Es vers\u00e1til, ya que tritura sin esfuerzo documentos de papel con grapas y clips, tarjetas de cr\u00e9dito, CD, folios y disquetes.\" \/>\n<meta property=\"og:url\" content=\"https:\/\/neodal.multimarketing.dev\/ca\/producte\/destructora-intimus-100-cp4-2\/\" \/>\n<meta property=\"og:site_name\" content=\"neodal\" \/>\n<meta property=\"og:image\" content=\"https:\/\/neodal.multimarketing.dev\/wp-content\/uploads\/2018\/10\/2689-677-Destructora-de-papel-intimus-100.jpg\" \/>\n\t<meta property=\"og:image:width\" content=\"500\" \/>\n\t<meta property=\"og:image:height\" content=\"500\" \/>\n\t<meta property=\"og:image:type\" content=\"image\/jpeg\" \/>\n<meta name=\"twitter:card\" content=\"summary_large_image\" \/>\n<meta name=\"twitter:label1\" content=\"Temps estimat de lectura\" \/>\n\t<meta name=\"twitter:data1\" content=\"1 minut\" \/>\n<script type=\"application\/ld+json\" class=\"yoast-schema-graph\">{\"@context\":\"https:\/\/schema.org\",\"@graph\":[{\"@type\":\"WebPage\",\"@id\":\"https:\/\/neodal.multimarketing.dev\/ca\/producte\/destructora-intimus-100-cp4-2\/\",\"url\":\"https:\/\/neodal.multimarketing.dev\/ca\/producte\/destructora-intimus-100-cp4-2\/\",\"name\":\"Destructora INTIMUS 100 CP4\",\"isPartOf\":{\"@id\":\"https:\/\/neodal.multimarketing.dev\/ca\/#website\"},\"primaryImageOfPage\":{\"@id\":\"https:\/\/neodal.multimarketing.dev\/ca\/producte\/destructora-intimus-100-cp4-2\/#primaryimage\"},\"image\":{\"@id\":\"https:\/\/neodal.multimarketing.dev\/ca\/producte\/destructora-intimus-100-cp4-2\/#primaryimage\"},\"thumbnailUrl\":\"https:\/\/neodal.multimarketing.dev\/wp-content\/uploads\/2018\/10\/2689-677-Destructora-de-papel-intimus-100.jpg\",\"datePublished\":\"2018-10-17T11:28:39+00:00\",\"breadcrumb\":{\"@id\":\"https:\/\/neodal.multimarketing.dev\/ca\/producte\/destructora-intimus-100-cp4-2\/#breadcrumb\"},\"inLanguage\":\"ca\",\"potentialAction\":[{\"@type\":\"ReadAction\",\"target\":[\"https:\/\/neodal.multimarketing.dev\/ca\/producte\/destructora-intimus-100-cp4-2\/\"]}]},{\"@type\":\"ImageObject\",\"inLanguage\":\"ca\",\"@id\":\"https:\/\/neodal.multimarketing.dev\/ca\/producte\/destructora-intimus-100-cp4-2\/#primaryimage\",\"url\":\"https:\/\/neodal.multimarketing.dev\/wp-content\/uploads\/2018\/10\/2689-677-Destructora-de-papel-intimus-100.jpg\",\"contentUrl\":\"https:\/\/neodal.multimarketing.dev\/wp-content\/uploads\/2018\/10\/2689-677-Destructora-de-papel-intimus-100.jpg\",\"width\":500,\"height\":500,\"caption\":\"Destructora de papel intimus 100\"},{\"@type\":\"BreadcrumbList\",\"@id\":\"https:\/\/neodal.multimarketing.dev\/ca\/producte\/destructora-intimus-100-cp4-2\/#breadcrumb\",\"itemListElement\":[{\"@type\":\"ListItem\",\"position\":1,\"name\":\"Portada\",\"item\":\"https:\/\/neodal.multimarketing.dev\/ca\/\"},{\"@type\":\"ListItem\",\"position\":2,\"name\":\"Productos\",\"item\":\"https:\/\/neodal.multimarketing.dev\/productos\/\"},{\"@type\":\"ListItem\",\"position\":3,\"name\":\"DESTRUCTORA INTIMUS 100 CP4\"}]},{\"@type\":\"WebSite\",\"@id\":\"https:\/\/neodal.multimarketing.dev\/ca\/#website\",\"url\":\"https:\/\/neodal.multimarketing.dev\/ca\/\",\"name\":\"neodal\",\"description\":\"\",\"publisher\":{\"@id\":\"https:\/\/neodal.multimarketing.dev\/ca\/#organization\"},\"potentialAction\":[{\"@type\":\"SearchAction\",\"target\":{\"@type\":\"EntryPoint\",\"urlTemplate\":\"https:\/\/neodal.multimarketing.dev\/ca\/?s={search_term_string}\"},\"query-input\":{\"@type\":\"PropertyValueSpecification\",\"valueRequired\":true,\"valueName\":\"search_term_string\"}}],\"inLanguage\":\"ca\"},{\"@type\":\"Organization\",\"@id\":\"https:\/\/neodal.multimarketing.dev\/ca\/#organization\",\"name\":\"neodal\",\"url\":\"https:\/\/neodal.multimarketing.dev\/ca\/\",\"logo\":{\"@type\":\"ImageObject\",\"inLanguage\":\"ca\",\"@id\":\"https:\/\/neodal.multimarketing.dev\/ca\/#\/schema\/logo\/image\/\",\"url\":\"https:\/\/neodal.multimarketing.dev\/wp-content\/uploads\/2025\/12\/neodal-logo.jpeg\",\"contentUrl\":\"https:\/\/neodal.multimarketing.dev\/wp-content\/uploads\/2025\/12\/neodal-logo.jpeg\",\"width\":359,\"height\":87,\"caption\":\"neodal\"},\"image\":{\"@id\":\"https:\/\/neodal.multimarketing.dev\/ca\/#\/schema\/logo\/image\/\"}}]}<\/script>\n<!-- \/ Yoast SEO plugin. -->","yoast_head_json":{"title":"Destructora INTIMUS 100 CP4","robots":{"index":"index","follow":"follow","max-snippet":"max-snippet:-1","max-image-preview":"max-image-preview:large","max-video-preview":"max-video-preview:-1"},"canonical":"https:\/\/neodal.multimarketing.dev\/ca\/producte\/destructora-intimus-100-cp4-2\/","og_locale":"ca_ES","og_type":"article","og_title":"Destructora INTIMUS 100 CP4","og_description":"DESTRUCTORA DE PAPEL PARA OFICINA INTIMUS 100 CP4 La intimus 100 CP4 est\u00e1 dise\u00f1ada para la eliminaci\u00f3n discreta y eficaz de documentos en entornos de oficina. Esta destructora ofrece una trituraci \u00f3n transversal con una precisi \u00f3n de corte de 3,8 x 36 mm, lo que garantiza una destrucci\u00f3n completa de los documentos con un nivel de seguridad P-4. Es vers\u00e1til, ya que tritura sin esfuerzo documentos de papel con grapas y clips, tarjetas de cr\u00e9dito, CD, folios y disquetes.","og_url":"https:\/\/neodal.multimarketing.dev\/ca\/producte\/destructora-intimus-100-cp4-2\/","og_site_name":"neodal","og_image":[{"width":500,"height":500,"url":"https:\/\/neodal.multimarketing.dev\/wp-content\/uploads\/2018\/10\/2689-677-Destructora-de-papel-intimus-100.jpg","type":"image\/jpeg"}],"twitter_card":"summary_large_image","twitter_misc":{"Temps estimat de lectura":"1 minut"},"schema":{"@context":"https:\/\/schema.org","@graph":[{"@type":"WebPage","@id":"https:\/\/neodal.multimarketing.dev\/ca\/producte\/destructora-intimus-100-cp4-2\/","url":"https:\/\/neodal.multimarketing.dev\/ca\/producte\/destructora-intimus-100-cp4-2\/","name":"Destructora INTIMUS 100 CP4","isPartOf":{"@id":"https:\/\/neodal.multimarketing.dev\/ca\/#website"},"primaryImageOfPage":{"@id":"https:\/\/neodal.multimarketing.dev\/ca\/producte\/destructora-intimus-100-cp4-2\/#primaryimage"},"image":{"@id":"https:\/\/neodal.multimarketing.dev\/ca\/producte\/destructora-intimus-100-cp4-2\/#primaryimage"},"thumbnailUrl":"https:\/\/neodal.multimarketing.dev\/wp-content\/uploads\/2018\/10\/2689-677-Destructora-de-papel-intimus-100.jpg","datePublished":"2018-10-17T11:28:39+00:00","breadcrumb":{"@id":"https:\/\/neodal.multimarketing.dev\/ca\/producte\/destructora-intimus-100-cp4-2\/#breadcrumb"},"inLanguage":"ca","potentialAction":[{"@type":"ReadAction","target":["https:\/\/neodal.multimarketing.dev\/ca\/producte\/destructora-intimus-100-cp4-2\/"]}]},{"@type":"ImageObject","inLanguage":"ca","@id":"https:\/\/neodal.multimarketing.dev\/ca\/producte\/destructora-intimus-100-cp4-2\/#primaryimage","url":"https:\/\/neodal.multimarketing.dev\/wp-content\/uploads\/2018\/10\/2689-677-Destructora-de-papel-intimus-100.jpg","contentUrl":"https:\/\/neodal.multimarketing.dev\/wp-content\/uploads\/2018\/10\/2689-677-Destructora-de-papel-intimus-100.jpg","width":500,"height":500,"caption":"Destructora de papel intimus 100"},{"@type":"BreadcrumbList","@id":"https:\/\/neodal.multimarketing.dev\/ca\/producte\/destructora-intimus-100-cp4-2\/#breadcrumb","itemListElement":[{"@type":"ListItem","position":1,"name":"Portada","item":"https:\/\/neodal.multimarketing.dev\/ca\/"},{"@type":"ListItem","position":2,"name":"Productos","item":"https:\/\/neodal.multimarketing.dev\/productos\/"},{"@type":"ListItem","position":3,"name":"DESTRUCTORA INTIMUS 100 CP4"}]},{"@type":"WebSite","@id":"https:\/\/neodal.multimarketing.dev\/ca\/#website","url":"https:\/\/neodal.multimarketing.dev\/ca\/","name":"neodal","description":"","publisher":{"@id":"https:\/\/neodal.multimarketing.dev\/ca\/#organization"},"potentialAction":[{"@type":"SearchAction","target":{"@type":"EntryPoint","urlTemplate":"https:\/\/neodal.multimarketing.dev\/ca\/?s={search_term_string}"},"query-input":{"@type":"PropertyValueSpecification","valueRequired":true,"valueName":"search_term_string"}}],"inLanguage":"ca"},{"@type":"Organization","@id":"https:\/\/neodal.multimarketing.dev\/ca\/#organization","name":"neodal","url":"https:\/\/neodal.multimarketing.dev\/ca\/","logo":{"@type":"ImageObject","inLanguage":"ca","@id":"https:\/\/neodal.multimarketing.dev\/ca\/#\/schema\/logo\/image\/","url":"https:\/\/neodal.multimarketing.dev\/wp-content\/uploads\/2025\/12\/neodal-logo.jpeg","contentUrl":"https:\/\/neodal.multimarketing.dev\/wp-content\/uploads\/2025\/12\/neodal-logo.jpeg","width":359,"height":87,"caption":"neodal"},"image":{"@id":"https:\/\/neodal.multimarketing.dev\/ca\/#\/schema\/logo\/image\/"}}]}},"_links":{"self":[{"href":"https:\/\/neodal.multimarketing.dev\/ca\/wp-json\/wp\/v2\/product\/3312","targetHints":{"allow":["GET"]}}],"collection":[{"href":"https:\/\/neodal.multimarketing.dev\/ca\/wp-json\/wp\/v2\/product"}],"about":[{"href":"https:\/\/neodal.multimarketing.dev\/ca\/wp-json\/wp\/v2\/types\/product"}],"replies":[{"embeddable":true,"href":"https:\/\/neodal.multimarketing.dev\/ca\/wp-json\/wp\/v2\/comments?post=3312"}],"wp:featuredmedia":[{"embeddable":true,"href":"https:\/\/neodal.multimarketing.dev\/ca\/wp-json\/wp\/v2\/media\/3309"}],"wp:attachment":[{"href":"https:\/\/neodal.multimarketing.dev\/ca\/wp-json\/wp\/v2\/media?parent=3312"}],"wp:term":[{"taxonomy":"product_brand","embeddable":true,"href":"https:\/\/neodal.multimarketing.dev\/ca\/wp-json\/wp\/v2\/product_brand?post=3312"},{"taxonomy":"product_cat","embeddable":true,"href":"https:\/\/neodal.multimarketing.dev\/ca\/wp-json\/wp\/v2\/product_cat?post=3312"},{"taxonomy":"product_tag","embeddable":true,"href":"https:\/\/neodal.multimarketing.dev\/ca\/wp-json\/wp\/v2\/product_tag?post=3312"}],"curies":[{"name":"wp","href":"https:\/\/api.w.org\/{rel}","templated":true}]}}