{"id":3077,"date":"2016-08-17T09:21:31","date_gmt":"2016-08-17T09:21:31","guid":{"rendered":"http:\/\/neodal.local\/product\/laminadora-easymount-1200-c\/"},"modified":"2016-08-17T09:21:31","modified_gmt":"2016-08-17T09:21:31","slug":"laminadora-easymount-1200-c","status":"publish","type":"product","link":"https:\/\/neodal.multimarketing.dev\/ca\/producte\/laminadora-easymount-1200-c\/","title":{"rendered":"LAMINADORA EASYMOUNT 1200 C"},"content":{"rendered":"<h3>EASYMOUNT 1200 C<\/h3>\n<p>Alta calidad de<strong> laminado mediante bobina.<\/strong><\/p>\n<p>Resistente y robusta estructura met\u00e1lica de larga duraci\u00f3n.<\/p>\n<p><strong>Ajuste de presi\u00f3n mediante manibela.<br \/><\/strong><\/p>\n<p>Panel de control de temperatura y velocidad digital<\/p>\n<p><strong>Rodillos de silicona de gran calidad.\u00a0<\/strong><\/p>\n<p>Ideal para <strong>Banners, posters, carteler\u00eda, Fotograf\u00edas, portadas\u2026<\/strong><\/p>\n<p>Para uso en<span style=\"color: #333333;\"><strong>\u00a0centros de impresi\u00f3n digital, copister\u00edas, gr\u00e1ficas, centros fotogr\u00e1ficos\u2026<\/strong><\/span><\/p>\n<p>\u00b7 Tama\u00f1o m\u00e1ximo de plastificado: 1.200 Mm.<\/p>\n<p>\u00b7 Velocidad 6 Metros \/ minuto (variable)<\/p>\n<p>\u00b7 Diametro del rodillo 112 mm<\/p>\n<p>\u00b7 Temperatura plastificaci\u00f3n: Frio<\/p>\n<p>\u00b7 Mandril 57 mm.<\/p>\n<p>\u00b7 Grosor m\u00e1ximo: 25 mm.<\/p>\n<address>\u00a0<\/address>\n<p>\u00a0 <iframe width=\"525\" height=\"380\" src=\"https:\/\/www.youtube.com\/embed\/gbIjpByvJiI\" frameborder=\"0\"><\/iframe>\u00a0<\/p>\n","protected":false},"excerpt":{"rendered":"<h2>PLASTIFICADORA LAMINADORA EASYMOUNT 1200 C<\/h2>\n<p>La <strong>plastificadora laminadora de bobinas Easymount EM-1200C<\/strong> es perfecta para trabajos profesionales de impresi\u00f3n. Tiene un robusto formato met\u00e1lico y tiene integrado una pantalla LED desde la que podr\u00e1s controlar la velocidad y la temperatura. Tus trabajos de impresi\u00f3n seguros y de calidad.<\/p>\n","protected":false},"featured_media":3075,"comment_status":"open","ping_status":"closed","template":"","meta":{"_acf_changed":false,"content-type":""},"product_brand":[],"product_cat":[942,848],"product_tag":[1165,1166,1164,1167,1168,1049],"class_list":{"0":"post-3077","1":"product","2":"type-product","3":"status-publish","4":"has-post-thumbnail","6":"product_cat-plastificadoras-y-laminadoras-de-bobinas","7":"product_cat-plastificadoras","8":"product_tag-easymount-1200-c","9":"product_tag-lamiandoras-plastificadoras","10":"product_tag-laminadora-easymount-1200-c","11":"product_tag-neodal-laminadoras","12":"product_tag-neodal-plastificadoras-tarjetas","13":"product_tag-plastificadora-de-carteras","15":"first","16":"instock","17":"shipping-taxable","18":"product-type-simple"},"acf":[],"yoast_head":"<!-- This site is optimized with the Yoast SEO plugin v26.8 - https:\/\/yoast.com\/product\/yoast-seo-wordpress\/ -->\n<title>Laminadora EASYMOUNT 1200 C |NEODAL Laminadoras<\/title>\n<meta name=\"description\" content=\"Plastificadora Laminadora EASYMOUNT EM-1200C de alta calidad y durabilidad, con panel digital, m\u00e1ximo formato 1,20 metros. Vinilos, Banners, Posters, etc.\" \/>\n<meta name=\"robots\" content=\"index, follow, max-snippet:-1, max-image-preview:large, max-video-preview:-1\" \/>\n<link rel=\"canonical\" href=\"https:\/\/neodal.multimarketing.dev\/ca\/producte\/laminadora-easymount-1200-c\/\" \/>\n<meta property=\"og:locale\" content=\"ca_ES\" \/>\n<meta property=\"og:type\" content=\"article\" \/>\n<meta property=\"og:title\" content=\"Laminadora EASYMOUNT 1200 C |NEODAL Laminadoras\" \/>\n<meta property=\"og:description\" content=\"Plastificadora Laminadora EASYMOUNT EM-1200C de alta calidad y durabilidad, con panel digital, m\u00e1ximo formato 1,20 metros. Vinilos, Banners, Posters, etc.\" \/>\n<meta property=\"og:url\" content=\"https:\/\/neodal.multimarketing.dev\/ca\/producte\/laminadora-easymount-1200-c\/\" \/>\n<meta property=\"og:site_name\" content=\"neodal\" \/>\n<meta property=\"og:image\" content=\"https:\/\/neodal.multimarketing.dev\/wp-content\/uploads\/2016\/08\/2474-9f2-LAMINADORA-EASYMOUNT-1200-C.jpg\" \/>\n\t<meta property=\"og:image:width\" content=\"500\" \/>\n\t<meta property=\"og:image:height\" content=\"500\" \/>\n\t<meta property=\"og:image:type\" content=\"image\/jpeg\" \/>\n<meta name=\"twitter:card\" content=\"summary_large_image\" \/>\n<script type=\"application\/ld+json\" class=\"yoast-schema-graph\">{\"@context\":\"https:\/\/schema.org\",\"@graph\":[{\"@type\":\"WebPage\",\"@id\":\"https:\/\/neodal.multimarketing.dev\/ca\/producte\/laminadora-easymount-1200-c\/\",\"url\":\"https:\/\/neodal.multimarketing.dev\/ca\/producte\/laminadora-easymount-1200-c\/\",\"name\":\"Laminadora EASYMOUNT 1200 C |NEODAL Laminadoras\",\"isPartOf\":{\"@id\":\"https:\/\/neodal.multimarketing.dev\/ca\/#website\"},\"primaryImageOfPage\":{\"@id\":\"https:\/\/neodal.multimarketing.dev\/ca\/producte\/laminadora-easymount-1200-c\/#primaryimage\"},\"image\":{\"@id\":\"https:\/\/neodal.multimarketing.dev\/ca\/producte\/laminadora-easymount-1200-c\/#primaryimage\"},\"thumbnailUrl\":\"https:\/\/neodal.multimarketing.dev\/wp-content\/uploads\/2016\/08\/2474-9f2-LAMINADORA-EASYMOUNT-1200-C.jpg\",\"datePublished\":\"2016-08-17T09:21:31+00:00\",\"description\":\"Plastificadora Laminadora EASYMOUNT EM-1200C de alta calidad y durabilidad, con panel digital, m\u00e1ximo formato 1,20 metros. Vinilos, Banners, Posters, etc.\",\"breadcrumb\":{\"@id\":\"https:\/\/neodal.multimarketing.dev\/ca\/producte\/laminadora-easymount-1200-c\/#breadcrumb\"},\"inLanguage\":\"ca\",\"potentialAction\":[{\"@type\":\"ReadAction\",\"target\":[\"https:\/\/neodal.multimarketing.dev\/ca\/producte\/laminadora-easymount-1200-c\/\"]}]},{\"@type\":\"ImageObject\",\"inLanguage\":\"ca\",\"@id\":\"https:\/\/neodal.multimarketing.dev\/ca\/producte\/laminadora-easymount-1200-c\/#primaryimage\",\"url\":\"https:\/\/neodal.multimarketing.dev\/wp-content\/uploads\/2016\/08\/2474-9f2-LAMINADORA-EASYMOUNT-1200-C.jpg\",\"contentUrl\":\"https:\/\/neodal.multimarketing.dev\/wp-content\/uploads\/2016\/08\/2474-9f2-LAMINADORA-EASYMOUNT-1200-C.jpg\",\"width\":500,\"height\":500,\"caption\":\"LAMINADORA EASYMOUNT 1200 C\"},{\"@type\":\"BreadcrumbList\",\"@id\":\"https:\/\/neodal.multimarketing.dev\/ca\/producte\/laminadora-easymount-1200-c\/#breadcrumb\",\"itemListElement\":[{\"@type\":\"ListItem\",\"position\":1,\"name\":\"Portada\",\"item\":\"https:\/\/neodal.multimarketing.dev\/ca\/\"},{\"@type\":\"ListItem\",\"position\":2,\"name\":\"Productos\",\"item\":\"https:\/\/neodal.multimarketing.dev\/productos\/\"},{\"@type\":\"ListItem\",\"position\":3,\"name\":\"LAMINADORA EASYMOUNT 1200 C\"}]},{\"@type\":\"WebSite\",\"@id\":\"https:\/\/neodal.multimarketing.dev\/ca\/#website\",\"url\":\"https:\/\/neodal.multimarketing.dev\/ca\/\",\"name\":\"neodal\",\"description\":\"\",\"publisher\":{\"@id\":\"https:\/\/neodal.multimarketing.dev\/ca\/#organization\"},\"potentialAction\":[{\"@type\":\"SearchAction\",\"target\":{\"@type\":\"EntryPoint\",\"urlTemplate\":\"https:\/\/neodal.multimarketing.dev\/ca\/?s={search_term_string}\"},\"query-input\":{\"@type\":\"PropertyValueSpecification\",\"valueRequired\":true,\"valueName\":\"search_term_string\"}}],\"inLanguage\":\"ca\"},{\"@type\":\"Organization\",\"@id\":\"https:\/\/neodal.multimarketing.dev\/ca\/#organization\",\"name\":\"neodal\",\"url\":\"https:\/\/neodal.multimarketing.dev\/ca\/\",\"logo\":{\"@type\":\"ImageObject\",\"inLanguage\":\"ca\",\"@id\":\"https:\/\/neodal.multimarketing.dev\/ca\/#\/schema\/logo\/image\/\",\"url\":\"https:\/\/neodal.multimarketing.dev\/wp-content\/uploads\/2025\/12\/neodal-logo.jpeg\",\"contentUrl\":\"https:\/\/neodal.multimarketing.dev\/wp-content\/uploads\/2025\/12\/neodal-logo.jpeg\",\"width\":359,\"height\":87,\"caption\":\"neodal\"},\"image\":{\"@id\":\"https:\/\/neodal.multimarketing.dev\/ca\/#\/schema\/logo\/image\/\"}}]}<\/script>\n<!-- \/ Yoast SEO plugin. -->","yoast_head_json":{"title":"Laminadora EASYMOUNT 1200 C |NEODAL Laminadoras","description":"Plastificadora Laminadora EASYMOUNT EM-1200C de alta calidad y durabilidad, con panel digital, m\u00e1ximo formato 1,20 metros. Vinilos, Banners, Posters, etc.","robots":{"index":"index","follow":"follow","max-snippet":"max-snippet:-1","max-image-preview":"max-image-preview:large","max-video-preview":"max-video-preview:-1"},"canonical":"https:\/\/neodal.multimarketing.dev\/ca\/producte\/laminadora-easymount-1200-c\/","og_locale":"ca_ES","og_type":"article","og_title":"Laminadora EASYMOUNT 1200 C |NEODAL Laminadoras","og_description":"Plastificadora Laminadora EASYMOUNT EM-1200C de alta calidad y durabilidad, con panel digital, m\u00e1ximo formato 1,20 metros. Vinilos, Banners, Posters, etc.","og_url":"https:\/\/neodal.multimarketing.dev\/ca\/producte\/laminadora-easymount-1200-c\/","og_site_name":"neodal","og_image":[{"width":500,"height":500,"url":"https:\/\/neodal.multimarketing.dev\/wp-content\/uploads\/2016\/08\/2474-9f2-LAMINADORA-EASYMOUNT-1200-C.jpg","type":"image\/jpeg"}],"twitter_card":"summary_large_image","schema":{"@context":"https:\/\/schema.org","@graph":[{"@type":"WebPage","@id":"https:\/\/neodal.multimarketing.dev\/ca\/producte\/laminadora-easymount-1200-c\/","url":"https:\/\/neodal.multimarketing.dev\/ca\/producte\/laminadora-easymount-1200-c\/","name":"Laminadora EASYMOUNT 1200 C |NEODAL Laminadoras","isPartOf":{"@id":"https:\/\/neodal.multimarketing.dev\/ca\/#website"},"primaryImageOfPage":{"@id":"https:\/\/neodal.multimarketing.dev\/ca\/producte\/laminadora-easymount-1200-c\/#primaryimage"},"image":{"@id":"https:\/\/neodal.multimarketing.dev\/ca\/producte\/laminadora-easymount-1200-c\/#primaryimage"},"thumbnailUrl":"https:\/\/neodal.multimarketing.dev\/wp-content\/uploads\/2016\/08\/2474-9f2-LAMINADORA-EASYMOUNT-1200-C.jpg","datePublished":"2016-08-17T09:21:31+00:00","description":"Plastificadora Laminadora EASYMOUNT EM-1200C de alta calidad y durabilidad, con panel digital, m\u00e1ximo formato 1,20 metros. Vinilos, Banners, Posters, etc.","breadcrumb":{"@id":"https:\/\/neodal.multimarketing.dev\/ca\/producte\/laminadora-easymount-1200-c\/#breadcrumb"},"inLanguage":"ca","potentialAction":[{"@type":"ReadAction","target":["https:\/\/neodal.multimarketing.dev\/ca\/producte\/laminadora-easymount-1200-c\/"]}]},{"@type":"ImageObject","inLanguage":"ca","@id":"https:\/\/neodal.multimarketing.dev\/ca\/producte\/laminadora-easymount-1200-c\/#primaryimage","url":"https:\/\/neodal.multimarketing.dev\/wp-content\/uploads\/2016\/08\/2474-9f2-LAMINADORA-EASYMOUNT-1200-C.jpg","contentUrl":"https:\/\/neodal.multimarketing.dev\/wp-content\/uploads\/2016\/08\/2474-9f2-LAMINADORA-EASYMOUNT-1200-C.jpg","width":500,"height":500,"caption":"LAMINADORA EASYMOUNT 1200 C"},{"@type":"BreadcrumbList","@id":"https:\/\/neodal.multimarketing.dev\/ca\/producte\/laminadora-easymount-1200-c\/#breadcrumb","itemListElement":[{"@type":"ListItem","position":1,"name":"Portada","item":"https:\/\/neodal.multimarketing.dev\/ca\/"},{"@type":"ListItem","position":2,"name":"Productos","item":"https:\/\/neodal.multimarketing.dev\/productos\/"},{"@type":"ListItem","position":3,"name":"LAMINADORA EASYMOUNT 1200 C"}]},{"@type":"WebSite","@id":"https:\/\/neodal.multimarketing.dev\/ca\/#website","url":"https:\/\/neodal.multimarketing.dev\/ca\/","name":"neodal","description":"","publisher":{"@id":"https:\/\/neodal.multimarketing.dev\/ca\/#organization"},"potentialAction":[{"@type":"SearchAction","target":{"@type":"EntryPoint","urlTemplate":"https:\/\/neodal.multimarketing.dev\/ca\/?s={search_term_string}"},"query-input":{"@type":"PropertyValueSpecification","valueRequired":true,"valueName":"search_term_string"}}],"inLanguage":"ca"},{"@type":"Organization","@id":"https:\/\/neodal.multimarketing.dev\/ca\/#organization","name":"neodal","url":"https:\/\/neodal.multimarketing.dev\/ca\/","logo":{"@type":"ImageObject","inLanguage":"ca","@id":"https:\/\/neodal.multimarketing.dev\/ca\/#\/schema\/logo\/image\/","url":"https:\/\/neodal.multimarketing.dev\/wp-content\/uploads\/2025\/12\/neodal-logo.jpeg","contentUrl":"https:\/\/neodal.multimarketing.dev\/wp-content\/uploads\/2025\/12\/neodal-logo.jpeg","width":359,"height":87,"caption":"neodal"},"image":{"@id":"https:\/\/neodal.multimarketing.dev\/ca\/#\/schema\/logo\/image\/"}}]}},"_links":{"self":[{"href":"https:\/\/neodal.multimarketing.dev\/ca\/wp-json\/wp\/v2\/product\/3077","targetHints":{"allow":["GET"]}}],"collection":[{"href":"https:\/\/neodal.multimarketing.dev\/ca\/wp-json\/wp\/v2\/product"}],"about":[{"href":"https:\/\/neodal.multimarketing.dev\/ca\/wp-json\/wp\/v2\/types\/product"}],"replies":[{"embeddable":true,"href":"https:\/\/neodal.multimarketing.dev\/ca\/wp-json\/wp\/v2\/comments?post=3077"}],"wp:featuredmedia":[{"embeddable":true,"href":"https:\/\/neodal.multimarketing.dev\/ca\/wp-json\/wp\/v2\/media\/3075"}],"wp:attachment":[{"href":"https:\/\/neodal.multimarketing.dev\/ca\/wp-json\/wp\/v2\/media?parent=3077"}],"wp:term":[{"taxonomy":"product_brand","embeddable":true,"href":"https:\/\/neodal.multimarketing.dev\/ca\/wp-json\/wp\/v2\/product_brand?post=3077"},{"taxonomy":"product_cat","embeddable":true,"href":"https:\/\/neodal.multimarketing.dev\/ca\/wp-json\/wp\/v2\/product_cat?post=3077"},{"taxonomy":"product_tag","embeddable":true,"href":"https:\/\/neodal.multimarketing.dev\/ca\/wp-json\/wp\/v2\/product_tag?post=3077"}],"curies":[{"name":"wp","href":"https:\/\/api.w.org\/{rel}","templated":true}]}}