{"id":3029,"date":"2015-02-18T12:10:26","date_gmt":"2015-02-18T12:10:26","guid":{"rendered":"http:\/\/neodal.local\/product\/neodal-dm-335\/"},"modified":"2015-02-18T12:10:26","modified_gmt":"2015-02-18T12:10:26","slug":"neodal-dm-335","status":"publish","type":"product","link":"https:\/\/neodal.multimarketing.dev\/ca\/producte\/neodal-dm-335\/","title":{"rendered":"HHENDIDORA MICROPERFORADORA MAGNUM MC-35A"},"content":{"rendered":"<h3>HENDIDORA MICROPERFORADORA MC35A<\/h3>\n<p>\u00b7 Hendidora Micro Perforadora de sobremesa.<\/p>\n<p>\u00b7\u00a0<strong>Alimentaci\u00f3n por Aire<\/strong><\/p>\n<p><strong>\u00b7\u00a0<\/strong>Muy sencillo uso. En 3 pasos se configura la posici\u00f3n de hendido.<strong><br \/><\/strong><\/p>\n<p>\u00b7\u00a0<strong>Cambio de peines r\u00e1pido y sencillo.<br \/><\/strong><\/p>\n<p>\u00b7\u00a0<strong>30 Memorias<\/strong>\u00a0de trabajos programables<\/p>\n<p>\u00b7 Hasta\u00a0<strong>32 l\u00edneas de hendido<\/strong>\u00a0o micro-perforado por documento.<\/p>\n<p>\u00b7 Distancia m\u00ednima de hendido \u00f3 micro-perforado: 2 mm<\/p>\n<p>\u00b7 Pr\u00edmera y \u00faltima l\u00ednea desde 3 mm del borde.<strong><br \/><\/strong><\/p>\n<p>\u00b7 Pila de alimentaci\u00f3n de material de 10 cm.<\/p>\n<p>\u00b7\u00a0<strong>Hendido est\u00e1ndar de 1,2 mm<\/strong>\u00a0(Opcional 0,8 y 1,5 mm)<\/p>\n<p>\u00b7 Posibilidad de ajuste de inclinaci\u00f3n de entrada del documento.<\/p>\n<p>\u00b7 Gramaje de hasta 400 Gr.<\/p>\n<p>\u00b7 M\u00e1ximo formato: 330 x 650 mm.<\/p>\n<p>\u00b7 M\u00ednimo formato: 120 x 140 mm.<\/p>\n<p>\u00b7 Para uso en copister\u00edas, centros de impresi\u00f3n y artes gr\u00e1ficas.<\/p>\n<p>\u00b7 Adecuadas para tapas de libro, manuales, calendarios, men\u00fas, tickets&#8230;<\/p>\n<address>\u00a0<\/address>\n","protected":false},"excerpt":{"rendered":"<h2>HENDIDORA MICROPERFORADORA MAGNUM MC-35A<\/h2>\n<p>La Hendidora &#038; Micro Perforadora el\u00e9ctrica MAGNUM MC-35A de Neodal le ayudar\u00e1 a llevar a cabo el hedido de papel, men\u00fas, postales, calendarios, folletos, cubiertas de libros\u2026 de forma r\u00e1pida y efectiva.<\/p>\n<p>De excelente precio, alimentaci\u00f3n autom\u00e1tica por aire, r\u00e1pida, robusta y gran calidad para uso en de centros de reprograf\u00eda, artes gr\u00e1ficas\u2026<\/p>\n","protected":false},"featured_media":3025,"comment_status":"open","ping_status":"closed","template":"","meta":{"_acf_changed":false,"content-type":""},"product_brand":[],"product_cat":[851],"product_tag":[1146,1145,1141,1142,1144,1143,1111,1140],"class_list":{"0":"post-3029","1":"product","2":"type-product","3":"status-publish","4":"has-post-thumbnail","6":"product_cat-fendidores-microperforadores","7":"product_tag-centros-de-artes-graficas","8":"product_tag-centros-de-reprografia","9":"product_tag-hendidora-perforadora","10":"product_tag-hendidora-perforadora-magnum-mc3","11":"product_tag-hendidoraperforadora","12":"product_tag-magnum-mc35a","13":"product_tag-neodal","14":"product_tag-quadient","16":"first","17":"instock","18":"shipping-taxable","19":"product-type-simple"},"acf":[],"yoast_head":"<!-- This site is optimized with the Yoast SEO plugin v26.8 - https:\/\/yoast.com\/product\/yoast-seo-wordpress\/ -->\n<title>HHENDIDORA MICROPERFORADORA MAGNUM MC-35A - neodal<\/title>\n<meta name=\"robots\" content=\"index, follow, max-snippet:-1, max-image-preview:large, max-video-preview:-1\" \/>\n<link rel=\"canonical\" href=\"https:\/\/neodal.multimarketing.dev\/ca\/producte\/neodal-dm-335\/\" \/>\n<meta property=\"og:locale\" content=\"ca_ES\" \/>\n<meta property=\"og:type\" content=\"article\" \/>\n<meta property=\"og:title\" content=\"HHENDIDORA MICROPERFORADORA MAGNUM MC-35A - neodal\" \/>\n<meta property=\"og:description\" content=\"HENDIDORA MICROPERFORADORA MAGNUM MC-35A La Hendidora &amp; Micro Perforadora el\u00e9ctrica MAGNUM MC-35A de Neodal le ayudar\u00e1 a llevar a cabo el hedido de papel, men\u00fas, postales, calendarios, folletos, cubiertas de libros\u2026 de forma r\u00e1pida y efectiva. De excelente precio, alimentaci\u00f3n autom\u00e1tica por aire, r\u00e1pida, robusta y gran calidad para uso en de centros de reprograf\u00eda, artes gr\u00e1ficas\u2026\" \/>\n<meta property=\"og:url\" content=\"https:\/\/neodal.multimarketing.dev\/ca\/producte\/neodal-dm-335\/\" \/>\n<meta property=\"og:site_name\" content=\"neodal\" \/>\n<meta property=\"og:image\" content=\"https:\/\/neodal.multimarketing.dev\/wp-content\/uploads\/2015\/02\/2486-62d-HENDIDORA-MICROPERFORADORA-MC-35A.jpg\" \/>\n\t<meta property=\"og:image:width\" content=\"500\" \/>\n\t<meta property=\"og:image:height\" content=\"500\" \/>\n\t<meta property=\"og:image:type\" content=\"image\/jpeg\" \/>\n<meta name=\"twitter:card\" content=\"summary_large_image\" \/>\n<meta name=\"twitter:label1\" content=\"Temps estimat de lectura\" \/>\n\t<meta name=\"twitter:data1\" content=\"1 minut\" \/>\n<script type=\"application\/ld+json\" class=\"yoast-schema-graph\">{\"@context\":\"https:\/\/schema.org\",\"@graph\":[{\"@type\":\"WebPage\",\"@id\":\"https:\/\/neodal.multimarketing.dev\/ca\/producte\/neodal-dm-335\/\",\"url\":\"https:\/\/neodal.multimarketing.dev\/ca\/producte\/neodal-dm-335\/\",\"name\":\"HHENDIDORA MICROPERFORADORA MAGNUM MC-35A - neodal\",\"isPartOf\":{\"@id\":\"https:\/\/neodal.multimarketing.dev\/ca\/#website\"},\"primaryImageOfPage\":{\"@id\":\"https:\/\/neodal.multimarketing.dev\/ca\/producte\/neodal-dm-335\/#primaryimage\"},\"image\":{\"@id\":\"https:\/\/neodal.multimarketing.dev\/ca\/producte\/neodal-dm-335\/#primaryimage\"},\"thumbnailUrl\":\"https:\/\/neodal.multimarketing.dev\/wp-content\/uploads\/2015\/02\/2486-62d-HENDIDORA-MICROPERFORADORA-MC-35A.jpg\",\"datePublished\":\"2015-02-18T12:10:26+00:00\",\"breadcrumb\":{\"@id\":\"https:\/\/neodal.multimarketing.dev\/ca\/producte\/neodal-dm-335\/#breadcrumb\"},\"inLanguage\":\"ca\",\"potentialAction\":[{\"@type\":\"ReadAction\",\"target\":[\"https:\/\/neodal.multimarketing.dev\/ca\/producte\/neodal-dm-335\/\"]}]},{\"@type\":\"ImageObject\",\"inLanguage\":\"ca\",\"@id\":\"https:\/\/neodal.multimarketing.dev\/ca\/producte\/neodal-dm-335\/#primaryimage\",\"url\":\"https:\/\/neodal.multimarketing.dev\/wp-content\/uploads\/2015\/02\/2486-62d-HENDIDORA-MICROPERFORADORA-MC-35A.jpg\",\"contentUrl\":\"https:\/\/neodal.multimarketing.dev\/wp-content\/uploads\/2015\/02\/2486-62d-HENDIDORA-MICROPERFORADORA-MC-35A.jpg\",\"width\":500,\"height\":500,\"caption\":\"HENDIDORA MICROPERFORADORA MC-35A\"},{\"@type\":\"BreadcrumbList\",\"@id\":\"https:\/\/neodal.multimarketing.dev\/ca\/producte\/neodal-dm-335\/#breadcrumb\",\"itemListElement\":[{\"@type\":\"ListItem\",\"position\":1,\"name\":\"Portada\",\"item\":\"https:\/\/neodal.multimarketing.dev\/ca\/\"},{\"@type\":\"ListItem\",\"position\":2,\"name\":\"Productos\",\"item\":\"https:\/\/neodal.multimarketing.dev\/productos\/\"},{\"@type\":\"ListItem\",\"position\":3,\"name\":\"HHENDIDORA MICROPERFORADORA MAGNUM MC-35A\"}]},{\"@type\":\"WebSite\",\"@id\":\"https:\/\/neodal.multimarketing.dev\/ca\/#website\",\"url\":\"https:\/\/neodal.multimarketing.dev\/ca\/\",\"name\":\"neodal\",\"description\":\"\",\"publisher\":{\"@id\":\"https:\/\/neodal.multimarketing.dev\/ca\/#organization\"},\"potentialAction\":[{\"@type\":\"SearchAction\",\"target\":{\"@type\":\"EntryPoint\",\"urlTemplate\":\"https:\/\/neodal.multimarketing.dev\/ca\/?s={search_term_string}\"},\"query-input\":{\"@type\":\"PropertyValueSpecification\",\"valueRequired\":true,\"valueName\":\"search_term_string\"}}],\"inLanguage\":\"ca\"},{\"@type\":\"Organization\",\"@id\":\"https:\/\/neodal.multimarketing.dev\/ca\/#organization\",\"name\":\"neodal\",\"url\":\"https:\/\/neodal.multimarketing.dev\/ca\/\",\"logo\":{\"@type\":\"ImageObject\",\"inLanguage\":\"ca\",\"@id\":\"https:\/\/neodal.multimarketing.dev\/ca\/#\/schema\/logo\/image\/\",\"url\":\"https:\/\/neodal.multimarketing.dev\/wp-content\/uploads\/2025\/12\/neodal-logo.jpeg\",\"contentUrl\":\"https:\/\/neodal.multimarketing.dev\/wp-content\/uploads\/2025\/12\/neodal-logo.jpeg\",\"width\":359,\"height\":87,\"caption\":\"neodal\"},\"image\":{\"@id\":\"https:\/\/neodal.multimarketing.dev\/ca\/#\/schema\/logo\/image\/\"}}]}<\/script>\n<!-- \/ Yoast SEO plugin. -->","yoast_head_json":{"title":"HHENDIDORA MICROPERFORADORA MAGNUM MC-35A - neodal","robots":{"index":"index","follow":"follow","max-snippet":"max-snippet:-1","max-image-preview":"max-image-preview:large","max-video-preview":"max-video-preview:-1"},"canonical":"https:\/\/neodal.multimarketing.dev\/ca\/producte\/neodal-dm-335\/","og_locale":"ca_ES","og_type":"article","og_title":"HHENDIDORA MICROPERFORADORA MAGNUM MC-35A - neodal","og_description":"HENDIDORA MICROPERFORADORA MAGNUM MC-35A La Hendidora & Micro Perforadora el\u00e9ctrica MAGNUM MC-35A de Neodal le ayudar\u00e1 a llevar a cabo el hedido de papel, men\u00fas, postales, calendarios, folletos, cubiertas de libros\u2026 de forma r\u00e1pida y efectiva. De excelente precio, alimentaci\u00f3n autom\u00e1tica por aire, r\u00e1pida, robusta y gran calidad para uso en de centros de reprograf\u00eda, artes gr\u00e1ficas\u2026","og_url":"https:\/\/neodal.multimarketing.dev\/ca\/producte\/neodal-dm-335\/","og_site_name":"neodal","og_image":[{"width":500,"height":500,"url":"https:\/\/neodal.multimarketing.dev\/wp-content\/uploads\/2015\/02\/2486-62d-HENDIDORA-MICROPERFORADORA-MC-35A.jpg","type":"image\/jpeg"}],"twitter_card":"summary_large_image","twitter_misc":{"Temps estimat de lectura":"1 minut"},"schema":{"@context":"https:\/\/schema.org","@graph":[{"@type":"WebPage","@id":"https:\/\/neodal.multimarketing.dev\/ca\/producte\/neodal-dm-335\/","url":"https:\/\/neodal.multimarketing.dev\/ca\/producte\/neodal-dm-335\/","name":"HHENDIDORA MICROPERFORADORA MAGNUM MC-35A - neodal","isPartOf":{"@id":"https:\/\/neodal.multimarketing.dev\/ca\/#website"},"primaryImageOfPage":{"@id":"https:\/\/neodal.multimarketing.dev\/ca\/producte\/neodal-dm-335\/#primaryimage"},"image":{"@id":"https:\/\/neodal.multimarketing.dev\/ca\/producte\/neodal-dm-335\/#primaryimage"},"thumbnailUrl":"https:\/\/neodal.multimarketing.dev\/wp-content\/uploads\/2015\/02\/2486-62d-HENDIDORA-MICROPERFORADORA-MC-35A.jpg","datePublished":"2015-02-18T12:10:26+00:00","breadcrumb":{"@id":"https:\/\/neodal.multimarketing.dev\/ca\/producte\/neodal-dm-335\/#breadcrumb"},"inLanguage":"ca","potentialAction":[{"@type":"ReadAction","target":["https:\/\/neodal.multimarketing.dev\/ca\/producte\/neodal-dm-335\/"]}]},{"@type":"ImageObject","inLanguage":"ca","@id":"https:\/\/neodal.multimarketing.dev\/ca\/producte\/neodal-dm-335\/#primaryimage","url":"https:\/\/neodal.multimarketing.dev\/wp-content\/uploads\/2015\/02\/2486-62d-HENDIDORA-MICROPERFORADORA-MC-35A.jpg","contentUrl":"https:\/\/neodal.multimarketing.dev\/wp-content\/uploads\/2015\/02\/2486-62d-HENDIDORA-MICROPERFORADORA-MC-35A.jpg","width":500,"height":500,"caption":"HENDIDORA MICROPERFORADORA MC-35A"},{"@type":"BreadcrumbList","@id":"https:\/\/neodal.multimarketing.dev\/ca\/producte\/neodal-dm-335\/#breadcrumb","itemListElement":[{"@type":"ListItem","position":1,"name":"Portada","item":"https:\/\/neodal.multimarketing.dev\/ca\/"},{"@type":"ListItem","position":2,"name":"Productos","item":"https:\/\/neodal.multimarketing.dev\/productos\/"},{"@type":"ListItem","position":3,"name":"HHENDIDORA MICROPERFORADORA MAGNUM MC-35A"}]},{"@type":"WebSite","@id":"https:\/\/neodal.multimarketing.dev\/ca\/#website","url":"https:\/\/neodal.multimarketing.dev\/ca\/","name":"neodal","description":"","publisher":{"@id":"https:\/\/neodal.multimarketing.dev\/ca\/#organization"},"potentialAction":[{"@type":"SearchAction","target":{"@type":"EntryPoint","urlTemplate":"https:\/\/neodal.multimarketing.dev\/ca\/?s={search_term_string}"},"query-input":{"@type":"PropertyValueSpecification","valueRequired":true,"valueName":"search_term_string"}}],"inLanguage":"ca"},{"@type":"Organization","@id":"https:\/\/neodal.multimarketing.dev\/ca\/#organization","name":"neodal","url":"https:\/\/neodal.multimarketing.dev\/ca\/","logo":{"@type":"ImageObject","inLanguage":"ca","@id":"https:\/\/neodal.multimarketing.dev\/ca\/#\/schema\/logo\/image\/","url":"https:\/\/neodal.multimarketing.dev\/wp-content\/uploads\/2025\/12\/neodal-logo.jpeg","contentUrl":"https:\/\/neodal.multimarketing.dev\/wp-content\/uploads\/2025\/12\/neodal-logo.jpeg","width":359,"height":87,"caption":"neodal"},"image":{"@id":"https:\/\/neodal.multimarketing.dev\/ca\/#\/schema\/logo\/image\/"}}]}},"_links":{"self":[{"href":"https:\/\/neodal.multimarketing.dev\/ca\/wp-json\/wp\/v2\/product\/3029","targetHints":{"allow":["GET"]}}],"collection":[{"href":"https:\/\/neodal.multimarketing.dev\/ca\/wp-json\/wp\/v2\/product"}],"about":[{"href":"https:\/\/neodal.multimarketing.dev\/ca\/wp-json\/wp\/v2\/types\/product"}],"replies":[{"embeddable":true,"href":"https:\/\/neodal.multimarketing.dev\/ca\/wp-json\/wp\/v2\/comments?post=3029"}],"wp:featuredmedia":[{"embeddable":true,"href":"https:\/\/neodal.multimarketing.dev\/ca\/wp-json\/wp\/v2\/media\/3025"}],"wp:attachment":[{"href":"https:\/\/neodal.multimarketing.dev\/ca\/wp-json\/wp\/v2\/media?parent=3029"}],"wp:term":[{"taxonomy":"product_brand","embeddable":true,"href":"https:\/\/neodal.multimarketing.dev\/ca\/wp-json\/wp\/v2\/product_brand?post=3029"},{"taxonomy":"product_cat","embeddable":true,"href":"https:\/\/neodal.multimarketing.dev\/ca\/wp-json\/wp\/v2\/product_cat?post=3029"},{"taxonomy":"product_tag","embeddable":true,"href":"https:\/\/neodal.multimarketing.dev\/ca\/wp-json\/wp\/v2\/product_tag?post=3029"}],"curies":[{"name":"wp","href":"https:\/\/api.w.org\/{rel}","templated":true}]}}